{"id":2453,"date":"2020-06-23T14:05:14","date_gmt":"2020-06-23T14:05:14","guid":{"rendered":"https:\/\/factory.sale\/product\/tenax-tr-mw-s\/"},"modified":"2025-11-18T14:28:02","modified_gmt":"2025-11-18T11:28:02","slug":"tenax-tr-mw-s","status":"publish","type":"product","link":"https:\/\/factory.sale\/et\/toode\/tenax-tr-mw-s\/","title":{"rendered":"Tenax TR MW S"},"content":{"rendered":"<p>Sandwich-paneele TENAX valmistatakse laias paksusvahemikus, mitmesuguste soojust isoleerivate vahekihtidega, serva\u00fchenduste ja terasest kattekihi profiilidega, mis m\u00f5jutavad oluliselt konstruktsiooni funktsionaalseid omadusi ja v\u00e4limust.<\/p>\n<p>Mineraalvillast (MW) iisolatsioonikihiga sandwich-paneelid TENAX on spetsiaalselt m\u00f5eldud v\u00e4ga k\u00f5rgete tuleohutus-, samuti soojustehniliste ja heliisolatsioonin\u00f5uetega konstruktsioonidele.<\/p>\n<p>Valides sandwich-paneelid TENAX, v\u00f5ib tellija saada ka paneelide projekteerimise teenuseid, montaa\u017eis\u00f5lmede joonised ning paneelide paigaldamiseks vajalikud abidetailid ja materjalid.<\/p>\n<p>Profileeritud sandwich-paneelid TENAX TR on spetsiaalselt m\u00f5eldud mitmesildeliste konstruktsioonide katustele minimaalse kaldega 5\u00b0.<\/p>\n<p>Miinimumkogus 200 m2.<\/p>\n<p>EELISED<\/p>\n<ul>\n<li>projektip\u00f5hised lahendused<\/li>\n<li>l\u00fchike tarneaeg (3-4 n\u00e4dalat)<\/li>\n<li>igak\u00fclgne tehniline tugi<\/li>\n<li>projektijuhtimise tugi ehituse ajal<\/li>\n<li>v\u00e4hem l\u00f5ikamist\u00f6\u00f6d ja j\u00e4\u00e4ke objektil (v\u00f5imalik paneelilaius- 0,6 kuni 1,2 m)<\/li>\n<li>lihtne vahetada soojustusmaterjali p\u00e4rast projekteerimist\u00f6id (n\u00e4iteks mineraalvillalt PIR t\u00e4itele)<\/li>\n<li>vuugid \u00fchtivad erinevatel paneelidel (MW, PIR, PUR ja EPS)<\/li>\n<li>paneelidele lisaks on v\u00f5imalik tellida lisatarvikuid (liiteplekid, kruvid jne.)<\/li>\n<li>rohkem kui 10 aastat kogemusi paneelide tootmise, teostamise ja tarnimise alal<\/li>\n<\/ul>\n","protected":false},"excerpt":{"rendered":"<p>Sandwich-paneele TENAX valmistatakse laias paksusvahemikus, mitmesuguste soojust isoleerivate vahekihtidega, serva\u00fchenduste ja terasest kattekihi profiilidega, mis m\u00f5jutavad oluliselt konstruktsiooni funktsionaalseid omadusi ja v\u00e4limust.<\/p>\n<p>Mineraalvillast (MW) iisolatsioonikihiga sandwich-paneelid TENAX on spetsiaalselt m\u00f5eldud v\u00e4ga k\u00f5rgete tuleohutus-, samuti soojustehniliste ja heliisolatsioonin\u00f5uetega konstruktsioonidele.<\/p>\n<p>Valides sandwich-paneelid TENAX, v\u00f5ib tellija saada ka paneelide projekteerimise teenuseid, montaa\u017eis\u00f5lmede joonised ning paneelide paigaldamiseks vajalikud abidetailid ja materjalid.<\/p>\n<p>Profileeritud sandwich-paneelid TENAX TR on spetsiaalselt m\u00f5eldud mitmesildeliste konstruktsioonide katustele minimaalse kaldega 5\u00b0.<\/p>\n<p>Miinimumkogus 200 m2.<\/p>\n<p>Tegemist on 100mm paneeli n\u00e4idishinnaga. Palun saatke oma p\u00e4ring: order@factory.sale<\/p>\n","protected":false},"featured_media":2447,"comment_status":"open","ping_status":"closed","template":"","meta":{"_acf_changed":false},"factory":[],"free-shipment":[],"product_brand":[],"product_cat":[197,199],"product_tag":[280],"class_list":{"0":"post-2453","1":"product","2":"type-product","3":"status-publish","4":"has-post-thumbnail","6":"product_cat-sandwich-paneelid","7":"product_cat-mineraalvill","8":"product_tag-tenax-et-2","10":"first","11":"instock","12":"sale","13":"taxable","14":"shipping-taxable","15":"purchasable","16":"product-type-simple"},"acf":[],"_links":{"self":[{"href":"https:\/\/factory.sale\/et\/wp-json\/wp\/v2\/product\/2453","targetHints":{"allow":["GET"]}}],"collection":[{"href":"https:\/\/factory.sale\/et\/wp-json\/wp\/v2\/product"}],"about":[{"href":"https:\/\/factory.sale\/et\/wp-json\/wp\/v2\/types\/product"}],"replies":[{"embeddable":true,"href":"https:\/\/factory.sale\/et\/wp-json\/wp\/v2\/comments?post=2453"}],"wp:featuredmedia":[{"embeddable":true,"href":"https:\/\/factory.sale\/et\/wp-json\/wp\/v2\/media\/2447"}],"wp:attachment":[{"href":"https:\/\/factory.sale\/et\/wp-json\/wp\/v2\/media?parent=2453"}],"wp:term":[{"taxonomy":"factory","embeddable":true,"href":"https:\/\/factory.sale\/et\/wp-json\/wp\/v2\/factory?post=2453"},{"taxonomy":"free-shipment","embeddable":true,"href":"https:\/\/factory.sale\/et\/wp-json\/wp\/v2\/free-shipment?post=2453"},{"taxonomy":"product_brand","embeddable":true,"href":"https:\/\/factory.sale\/et\/wp-json\/wp\/v2\/product_brand?post=2453"},{"taxonomy":"product_cat","embeddable":true,"href":"https:\/\/factory.sale\/et\/wp-json\/wp\/v2\/product_cat?post=2453"},{"taxonomy":"product_tag","embeddable":true,"href":"https:\/\/factory.sale\/et\/wp-json\/wp\/v2\/product_tag?post=2453"}],"curies":[{"name":"wp","href":"https:\/\/api.w.org\/{rel}","templated":true}]}}