{"id":24527,"date":"2023-03-08T12:40:54","date_gmt":"2023-03-08T12:50:17","guid":{"rendered":"https:\/\/factory.sale\/?post_type=product&#038;p=24527"},"modified":"2024-06-28T03:35:38","modified_gmt":"2024-06-28T03:35:38","slug":"longi-solar-405w-fotogalvaaniline-paneel-full-black-mono-half-cut-perc-tehnoloogia-must","status":"publish","type":"product","link":"https:\/\/factory.sale\/et\/toode\/longi-solar-405w-fotogalvaaniline-paneel-full-black-mono-half-cut-perc-tehnoloogia-must\/","title":{"rendered":"Longi Solar 405W fotogalvaaniline paneel FULL BLACK-mono, Half Cut + PERC tehnoloogia (must)"},"content":{"rendered":"<p><strong>LONGI 405 W<\/strong> fotogalvaaniline paneel on 405 W v\u00f5imsusega fotogalvaaniline moodul, mida toodab tootja LONGI Solar. See on k\u00f5rge efektiivsuse ja j\u00f5udlusega monokristallne paneel, mis on m\u00f5eldud paigaldamiseks hoonete katustele v\u00f5i v\u00e4listingimustes olevatele erikonstruktsioonidele. Paneelil on k\u00f5rge vastupidavus ilmastikutingimustele ning kvaliteedi- ja ohutussertifikaadid, nagu TUV, CE, cULus, cTUVus, IEC, MCS, CEC. See on keskkonnas\u00f5bralik paneel, mille tootmisprotsessis on madal CO2 emissioon.<\/p>\n<p>&nbsp;<\/p>\n<p>&nbsp;<\/p>\n<p><strong>\u00dcldine informatsioon:<\/strong><\/p>\n<ul>\n<li>Arukas \u00fchinemine<\/li>\n<li>Galliumiga legeeritud tehnoloogia<\/li>\n<li>Optimeeritud elektrilised parameetrid<\/li>\n<li>Arukas moodulpakendamine ja logistika<\/li>\n<\/ul>\n<p>&nbsp;<\/p>\n<p><strong>Fotogalvaaniline paneel LONGI 405W T\u00c4ISMUST tehnilised p\u00f5hiandmed:<\/strong><\/p>\n<ul>\n<li>Raku orientatsioon<\/li>\n<li>Kaitse: IP68<\/li>\n<li>V\u00e4ljundkaabel: 4 mm2, 1200 mm<\/li>\n<li>Pistik: MC4 EV02<\/li>\n<li>Klaas: \u00fche klaasiga kaetud karastatud klaas<\/li>\n<li>Maksimaalne nimipinge [V]: 1500<\/li>\n<li>Jadakaitsme maksimaalne v\u00e4\u00e4rtus [A]: 25<\/li>\n<li>Inverteri \u00fcmbritseva \u00f5hu temperatuur [C]: \u201340 \u00b0C kuni +85 \u00b0C<\/li>\n<li>Kaal [kg]: 20,8<\/li>\n<li>M\u00f5\u00f5tmed [mm]: 1722\/1134\/30<\/li>\n<li>Tootekood: long405<\/li>\n<\/ul>\n<p>&nbsp;<\/p>\n<p><em>*Hind kehtib v\u00e4hemalt 1 aluse tellimisel<\/em><\/p>\n<p>&nbsp;<\/p>\n<p><a href=\"https:\/\/factory.sale\/wp-content\/uploads\/2023\/03\/Installation-Manual-Jinko-IEC-updated-version-2023.01.03.pdf\" target=\"_blank\" rel=\"noopener\">Manuaal<\/a><\/p>\n<p><a href=\"https:\/\/factory.sale\/wp-content\/uploads\/2023\/03\/632b9c19e5156e804898ac16_longi-hi-mo-5m-lr5-54hpb-400-420m-data-sheet.pdf\" target=\"_blank\" rel=\"noopener\">Andmete_leht<\/a><\/p>\n","protected":false},"excerpt":{"rendered":"<p><strong>LONGI 405 W<\/strong> fotogalvaaniline paneel on 405 W v\u00f5imsusega fotogalvaaniline moodul, mida toodab tootja LONGI Solar. See on k\u00f5rge efektiivsuse ja j\u00f5udlusega monokristallne paneel, mis on m\u00f5eldud paigaldamiseks hoonete katustele v\u00f5i v\u00e4listingimustes olevatele erikonstruktsioonidele. Paneelil on k\u00f5rge vastupidavus ilmastikutingimustele ning kvaliteedi- ja ohutussertifikaadid, nagu TUV, CE, cULus, cTUVus, IEC, MCS, CEC. See on keskkonnas\u00f5bralik paneel, mille tootmisprotsessis on madal CO2 emissioon.<\/p>\n","protected":false},"featured_media":24530,"comment_status":"open","ping_status":"closed","template":"","meta":{"_acf_changed":false},"factory":[],"free-shipment":[],"product_brand":[],"product_cat":[961,965],"product_tag":[3002],"class_list":{"0":"post-24527","1":"product","2":"type-product","3":"status-publish","4":"has-post-thumbnail","6":"product_cat-paikesepaneelid","7":"product_cat-taastuv-energia","8":"product_tag-renewable-energy-et","10":"first","11":"instock","12":"sale","13":"taxable","14":"shipping-taxable","15":"purchasable","16":"product-type-simple"},"acf":[],"_links":{"self":[{"href":"https:\/\/factory.sale\/et\/wp-json\/wp\/v2\/product\/24527","targetHints":{"allow":["GET"]}}],"collection":[{"href":"https:\/\/factory.sale\/et\/wp-json\/wp\/v2\/product"}],"about":[{"href":"https:\/\/factory.sale\/et\/wp-json\/wp\/v2\/types\/product"}],"replies":[{"embeddable":true,"href":"https:\/\/factory.sale\/et\/wp-json\/wp\/v2\/comments?post=24527"}],"wp:featuredmedia":[{"embeddable":true,"href":"https:\/\/factory.sale\/et\/wp-json\/wp\/v2\/media\/24530"}],"wp:attachment":[{"href":"https:\/\/factory.sale\/et\/wp-json\/wp\/v2\/media?parent=24527"}],"wp:term":[{"taxonomy":"factory","embeddable":true,"href":"https:\/\/factory.sale\/et\/wp-json\/wp\/v2\/factory?post=24527"},{"taxonomy":"free-shipment","embeddable":true,"href":"https:\/\/factory.sale\/et\/wp-json\/wp\/v2\/free-shipment?post=24527"},{"taxonomy":"product_brand","embeddable":true,"href":"https:\/\/factory.sale\/et\/wp-json\/wp\/v2\/product_brand?post=24527"},{"taxonomy":"product_cat","embeddable":true,"href":"https:\/\/factory.sale\/et\/wp-json\/wp\/v2\/product_cat?post=24527"},{"taxonomy":"product_tag","embeddable":true,"href":"https:\/\/factory.sale\/et\/wp-json\/wp\/v2\/product_tag?post=24527"}],"curies":[{"name":"wp","href":"https:\/\/api.w.org\/{rel}","templated":true}]}}