{"id":24511,"date":"2023-03-08T11:35:51","date_gmt":"2023-03-08T11:55:01","guid":{"rendered":"https:\/\/factory.sale\/?post_type=product&#038;p=24511"},"modified":"2024-07-09T07:23:55","modified_gmt":"2024-07-09T07:23:55","slug":"jinko-bifacial-fotogalvaaniline-paneel-535w-hobedane","status":"publish","type":"product","link":"https:\/\/factory.sale\/et\/toode\/jinko-bifacial-fotogalvaaniline-paneel-535w-hobedane\/","title":{"rendered":"JINKO bifacial fotogalvaaniline paneel 535W (h\u00f5bedane)"},"content":{"rendered":"<p><strong>JINKO Bifacial 535W<\/strong> on fotogalvaaniline paneel, mille v\u00f5imsus on 535 vatti. Sellel on kahepoolne struktuur, mis v\u00f5imaldab teil saada energiat paneeli m\u00f5lemalt k\u00fcljelt (eest ja tagant). Paneel on valmistatud kvaliteetsest monokristallilisest r\u00e4nist, mis tagab selle k\u00f5rge efektiivsuse ja vastupidavuse. Selle maksimaalne efektiivsus ulatub 22% -ni. Paneeli on lihtne paigaldada ja see \u00fchildub erinevat t\u00fc\u00fcpi inverteritega. Selle kompaktne disain v\u00f5imaldab seda kasutada erinevates tingimustes ja erinevatel pindadel.<\/p>\n<p>&nbsp;<\/p>\n<p>&nbsp;<\/p>\n<p><strong>JINKO Bifacial 535W fotogalvaanilise paneeli p\u00f5hiomadused:<\/strong><\/p>\n<p><strong>Plaatimise lint + Half Cell tehnoloogia<\/strong><\/p>\n<ul>\n<li>TR-tehnoloogia koos Half Cell rakkudega k\u00f5rvaldab lahtritevahelised t\u00fchimikud, suurendades mooduli efektiivsust (kahepoolsete moodulite puhul kuni 21,24%)<\/li>\n<\/ul>\n<p>&nbsp;<\/p>\n<p><strong>10 siini 5 asemel &#8211; Multi Bus Bar<\/strong><\/p>\n<ul>\n<li>10-siini (MBB) tehnoloogia v\u00e4hendab siinide ja elektroodv\u00f5rgu vahelist kaugust, mis v\u00f5imaldab suurendada v\u00f5imsust.<\/li>\n<\/ul>\n<p>&nbsp;<\/p>\n<p><strong>Suurem saagikus kogu eluts\u00fckli jooksul<\/strong><\/p>\n<ul>\n<li>2% lagunemine esimesel aastal, 0,55% lineaarne lagunemine<\/li>\n<\/ul>\n<p>&nbsp;<\/p>\n<p><strong>Parimad garantiitingimused<\/strong><\/p>\n<ul>\n<li>15-aastane tootegarantii, 25-aastane lineaarne j\u00f5udlusgarantii<\/li>\n<\/ul>\n<p>&nbsp;<\/p>\n<p><strong>Suurem mehaaniline tugevus<\/strong><\/p>\n<ul>\n<li><strong>Sertifitseeritud:<\/strong> tuulekoormus (2400 Pa), lumekoormus (5400<\/li>\n<\/ul>\n<p>&nbsp;<\/p>\n<p><strong>Tehnilised p\u00f5hiandmed\u00a0Fotogalvaaniline paneel JINKO 535W:<\/strong><\/p>\n<ul>\n<li>Maksimaalne v\u00f5imsus (W): 535<\/li>\n<li>Avatud vooluahela pinge (Voc \/ V): 49,34<\/li>\n<li>L\u00fchisvool (Isc \/ A): 13,79<\/li>\n<li>Pinge maksimaalsel v\u00f5imsusel (V): 40,63<\/li>\n<li>Vooluvool maksimaalsel v\u00f5imsusel (A): 13,7<\/li>\n<li>Mooduli efektiivsus [%]: 20,75<\/li>\n<li>M\u00f5\u00f5dud [mm]: 2274 x 1134 x 35<\/li>\n<li>Kaal [kg]: 28,9<\/li>\n<li>Tootekood: jink535<\/li>\n<\/ul>\n<p>&nbsp;<\/p>\n<p><em>*Hind kehtib v\u00e4hemalt 1 aluse tellimisel<\/em><\/p>\n<p>&nbsp;<\/p>\n<p><a href=\"https:\/\/factory.sale\/wp-content\/uploads\/2023\/03\/Installation-Manual-Jinko-IEC-updated-version-2023.01.03.pdf\" target=\"_blank\" rel=\"noopener\">Manuaal<\/a><\/p>\n<p><a href=\"https:\/\/factory.sale\/wp-content\/uploads\/2023\/03\/JKM530-550M-72HL4-BDVP-F3.1-EN.pdf\" target=\"_blank\" rel=\"noopener\">Jinko Solar_pdf<\/a><\/p>\n","protected":false},"excerpt":{"rendered":"<p><strong>JINKO Bifacial 535W<\/strong> on fotogalvaaniline paneel, mille v\u00f5imsus on 535 vatti. Sellel on kahepoolne struktuur, mis v\u00f5imaldab teil saada energiat paneeli m\u00f5lemalt k\u00fcljelt (eest ja tagant). Paneel on valmistatud kvaliteetsest monokristallilisest r\u00e4nist, mis tagab selle k\u00f5rge efektiivsuse ja vastupidavuse. Selle maksimaalne efektiivsus ulatub 22% -ni. Paneeli on lihtne paigaldada ja see \u00fchildub erinevat t\u00fc\u00fcpi inverteritega. Selle kompaktne disain v\u00f5imaldab seda kasutada erinevates tingimustes ja erinevatel pindadel.<\/p>\n","protected":false},"featured_media":24509,"comment_status":"open","ping_status":"closed","template":"","meta":{"_acf_changed":false},"factory":[],"free-shipment":[],"product_brand":[],"product_cat":[961,965],"product_tag":[3002],"class_list":{"0":"post-24511","1":"product","2":"type-product","3":"status-publish","4":"has-post-thumbnail","6":"product_cat-paikesepaneelid","7":"product_cat-taastuv-energia","8":"product_tag-renewable-energy-et","10":"first","11":"instock","12":"sale","13":"taxable","14":"shipping-taxable","15":"purchasable","16":"product-type-simple"},"acf":[],"_links":{"self":[{"href":"https:\/\/factory.sale\/et\/wp-json\/wp\/v2\/product\/24511","targetHints":{"allow":["GET"]}}],"collection":[{"href":"https:\/\/factory.sale\/et\/wp-json\/wp\/v2\/product"}],"about":[{"href":"https:\/\/factory.sale\/et\/wp-json\/wp\/v2\/types\/product"}],"replies":[{"embeddable":true,"href":"https:\/\/factory.sale\/et\/wp-json\/wp\/v2\/comments?post=24511"}],"wp:featuredmedia":[{"embeddable":true,"href":"https:\/\/factory.sale\/et\/wp-json\/wp\/v2\/media\/24509"}],"wp:attachment":[{"href":"https:\/\/factory.sale\/et\/wp-json\/wp\/v2\/media?parent=24511"}],"wp:term":[{"taxonomy":"factory","embeddable":true,"href":"https:\/\/factory.sale\/et\/wp-json\/wp\/v2\/factory?post=24511"},{"taxonomy":"free-shipment","embeddable":true,"href":"https:\/\/factory.sale\/et\/wp-json\/wp\/v2\/free-shipment?post=24511"},{"taxonomy":"product_brand","embeddable":true,"href":"https:\/\/factory.sale\/et\/wp-json\/wp\/v2\/product_brand?post=24511"},{"taxonomy":"product_cat","embeddable":true,"href":"https:\/\/factory.sale\/et\/wp-json\/wp\/v2\/product_cat?post=24511"},{"taxonomy":"product_tag","embeddable":true,"href":"https:\/\/factory.sale\/et\/wp-json\/wp\/v2\/product_tag?post=24511"}],"curies":[{"name":"wp","href":"https:\/\/api.w.org\/{rel}","templated":true}]}}