{"id":24423,"date":"2023-03-07T16:52:11","date_gmt":"2023-03-07T16:55:47","guid":{"rendered":"https:\/\/factory.sale\/?post_type=product&#038;p=24423"},"modified":"2025-04-04T08:28:18","modified_gmt":"2025-04-04T05:28:18","slug":"cozy-12-sw","status":"publish","type":"product","link":"https:\/\/factory.sale\/et\/toode\/cozy-12-sw\/","title":{"rendered":"Cozy 12 SW"},"content":{"rendered":"<p>Sauna s\u00fcdameks on keris. Kui kuumus ei ole leebe ja tunnete end ebamugavalt, siis tavaliselt on probleemiks keris.<\/p>\n<p>COZY 12 SW saunaahi on loodud pakkuma \u00fchtlast ja pehmet soojust, mis on autentse saunaelamuse jaoks h\u00e4davajalik. Selle vastupidav konstruktsioon tagab pikaealisuse, samas kui t\u00f5hus p\u00f5lemiss\u00fcsteem v\u00e4hendab puidu tarbimist. COZY 12 SW on ideaalne valik neile, kes otsivad t\u00f5husat, keskkonnas\u00f5bralikku ja autentset saunaelamust keskmise suurusega ruumidesse. Lisaks eraldab COZY 12 SW suitsugaase, mis on kuus korda puhtamad kui sarnastel keristel, t\u00e4ites Saksa BimSch sertifikaadi n\u00f5uded ilma lisaseadmeteta.<\/p>\n<p>Tehnilised andmed<\/p>\n<ul>\n<li>V\u00f5imsus: 12 kW<\/li>\n<li>M\u00f5\u00f5dud: P 541 mm x L 490 mm x K 816 mm<\/li>\n<li>Kaal: 65 kg<\/li>\n<li>Kivide mahutavus: 120 kg<\/li>\n<li>Maksimaalne k\u00fctusekogus: 8 kg<\/li>\n<li>K\u00fctus: Puuhalud kuni 30 cm pikkusega<\/li>\n<\/ul>\n<p>Ohutuskaugused<\/p>\n<ul>\n<li>K\u00fclgedelt: 170 mm<\/li>\n<li>Tagant: 230 mm<\/li>\n<li>Eest: 500 mm<\/li>\n<li>Laest: 1 130 mm<\/li>\n<\/ul>\n<p>Komplekti kuulub<\/p>\n<ul>\n<li>COZY 12 SW puuk\u00fcttega saunaahi<\/li>\n<\/ul>\n<p>NB! Kerisekivid ei kuulu komplekti &#8211;<a href=\"https:\/\/factory.sale\/et\/toode\/kerisekivid-oliviin-diabaas-10-15cm-20kg\/\" target=\"_blank\" rel=\"noopener\"> sobivad kivid leiad siit<\/a><\/p>\n<p><a href=\"https:\/\/factory.sale\/wp-content\/uploads\/2023\/03\/COZY-12-SW.pdf\">Cozy 12 SW joonised<\/a><\/p>\n<p><a href=\"https:\/\/factory.sale\/wp-content\/uploads\/2023\/02\/Confirmation_SGO_HEAT12_1BImSchV.pdf\" target=\"_blank\" rel=\"noopener\">Cozy 12 SW sertifikaat<\/a><\/p>\n<p><a href=\"https:\/\/factory.sale\/wp-content\/uploads\/2023\/03\/EST_kasutusjuhend_COZY_12_COZY18.pdf\">Cozy 12 SW manuaal<\/a><\/p>\n","protected":false},"excerpt":{"rendered":"<p>COZY 12 SW on suure j\u00f5udlusega puuk\u00fcttega saunaahi, mis sobib 6\u201313 m\u00b3 suurusega saunadele. Eestis k\u00e4sit\u00f6\u00f6na valmistatud COZY 12 SW \u00fchendab traditsioonilise meistriteose kaasaegse t\u00f5hususega, tarbides kuni 25% v\u00e4hem puitu v\u00f5rreldes sarnaste mudelitega. Testides on saavutatud isegi kuni 40% v\u00e4iksem k\u00fctusekulu.<\/p>\n","protected":false},"featured_media":24415,"comment_status":"open","ping_status":"closed","template":"","meta":{"_acf_changed":false},"factory":[],"free-shipment":[],"product_brand":[],"product_cat":[2314,306],"product_tag":[811,2181],"class_list":{"0":"post-24423","1":"product","2":"type-product","3":"status-publish","4":"has-post-thumbnail","6":"product_cat-cozy-et","7":"product_cat-saunakerised","8":"product_tag-sauna-et","9":"product_tag-sauna-heaters-et","11":"first","12":"instock","13":"sale","14":"taxable","15":"shipping-taxable","16":"purchasable","17":"product-type-simple"},"acf":[],"_links":{"self":[{"href":"https:\/\/factory.sale\/et\/wp-json\/wp\/v2\/product\/24423","targetHints":{"allow":["GET"]}}],"collection":[{"href":"https:\/\/factory.sale\/et\/wp-json\/wp\/v2\/product"}],"about":[{"href":"https:\/\/factory.sale\/et\/wp-json\/wp\/v2\/types\/product"}],"replies":[{"embeddable":true,"href":"https:\/\/factory.sale\/et\/wp-json\/wp\/v2\/comments?post=24423"}],"wp:featuredmedia":[{"embeddable":true,"href":"https:\/\/factory.sale\/et\/wp-json\/wp\/v2\/media\/24415"}],"wp:attachment":[{"href":"https:\/\/factory.sale\/et\/wp-json\/wp\/v2\/media?parent=24423"}],"wp:term":[{"taxonomy":"factory","embeddable":true,"href":"https:\/\/factory.sale\/et\/wp-json\/wp\/v2\/factory?post=24423"},{"taxonomy":"free-shipment","embeddable":true,"href":"https:\/\/factory.sale\/et\/wp-json\/wp\/v2\/free-shipment?post=24423"},{"taxonomy":"product_brand","embeddable":true,"href":"https:\/\/factory.sale\/et\/wp-json\/wp\/v2\/product_brand?post=24423"},{"taxonomy":"product_cat","embeddable":true,"href":"https:\/\/factory.sale\/et\/wp-json\/wp\/v2\/product_cat?post=24423"},{"taxonomy":"product_tag","embeddable":true,"href":"https:\/\/factory.sale\/et\/wp-json\/wp\/v2\/product_tag?post=24423"}],"curies":[{"name":"wp","href":"https:\/\/api.w.org\/{rel}","templated":true}]}}