{"id":24382,"date":"2023-03-07T11:50:55","date_gmt":"2023-03-07T11:54:18","guid":{"rendered":"https:\/\/factory.sale\/?post_type=product&#038;p=24382"},"modified":"2024-06-26T11:47:38","modified_gmt":"2024-06-26T11:47:38","slug":"cozy-korstnavork-h500","status":"publish","type":"product","link":"https:\/\/factory.sale\/et\/toode\/cozy-korstnavork-h500\/","title":{"rendered":"Cozy korstnav\u00f5rk H500"},"content":{"rendered":"<p><strong>Tehnilised andmed:<\/strong><\/p>\n<ul>\n<li>EAN: 4745010348211<\/li>\n<li>M\u00f5\u00f5dud: D=350, H=500<\/li>\n<li>Kaal: 10 kg<\/li>\n<\/ul>\n","protected":false},"excerpt":{"rendered":"<p>Korstnav\u00f5rk Cozy 12 ja 18 SW t\u00fc\u00fcpi saunakeristele.<\/p>\n","protected":false},"featured_media":24380,"comment_status":"open","ping_status":"closed","template":"","meta":{"_acf_changed":false},"factory":[],"free-shipment":[],"product_brand":[],"product_cat":[1028],"product_tag":[811],"class_list":{"0":"post-24382","1":"product","2":"type-product","3":"status-publish","4":"has-post-thumbnail","6":"product_cat-saunatarvikud","7":"product_tag-sauna-et","9":"first","10":"instock","11":"sale","12":"taxable","13":"shipping-taxable","14":"purchasable","15":"product-type-simple"},"acf":[],"_links":{"self":[{"href":"https:\/\/factory.sale\/et\/wp-json\/wp\/v2\/product\/24382","targetHints":{"allow":["GET"]}}],"collection":[{"href":"https:\/\/factory.sale\/et\/wp-json\/wp\/v2\/product"}],"about":[{"href":"https:\/\/factory.sale\/et\/wp-json\/wp\/v2\/types\/product"}],"replies":[{"embeddable":true,"href":"https:\/\/factory.sale\/et\/wp-json\/wp\/v2\/comments?post=24382"}],"wp:featuredmedia":[{"embeddable":true,"href":"https:\/\/factory.sale\/et\/wp-json\/wp\/v2\/media\/24380"}],"wp:attachment":[{"href":"https:\/\/factory.sale\/et\/wp-json\/wp\/v2\/media?parent=24382"}],"wp:term":[{"taxonomy":"factory","embeddable":true,"href":"https:\/\/factory.sale\/et\/wp-json\/wp\/v2\/factory?post=24382"},{"taxonomy":"free-shipment","embeddable":true,"href":"https:\/\/factory.sale\/et\/wp-json\/wp\/v2\/free-shipment?post=24382"},{"taxonomy":"product_brand","embeddable":true,"href":"https:\/\/factory.sale\/et\/wp-json\/wp\/v2\/product_brand?post=24382"},{"taxonomy":"product_cat","embeddable":true,"href":"https:\/\/factory.sale\/et\/wp-json\/wp\/v2\/product_cat?post=24382"},{"taxonomy":"product_tag","embeddable":true,"href":"https:\/\/factory.sale\/et\/wp-json\/wp\/v2\/product_tag?post=24382"}],"curies":[{"name":"wp","href":"https:\/\/api.w.org\/{rel}","templated":true}]}}