{"id":24316,"date":"2023-03-06T19:30:16","date_gmt":"2023-03-06T19:32:30","guid":{"rendered":"https:\/\/factory.sale\/?post_type=product&#038;p=24316"},"modified":"2024-06-27T08:24:07","modified_gmt":"2024-06-27T08:24:07","slug":"cozy-lokkease","status":"publish","type":"product","link":"https:\/\/factory.sale\/et\/toode\/cozy-lokkease\/","title":{"rendered":"Cozy l\u00f5kkease"},"content":{"rendered":"<p>Kindlasti pole kellegi jaoks v\u00f5\u00f5ras olukord, kus l\u00f5kkele liiga l\u00e4hedal viibides on talumatult kuum ja eemal viibides ebameeldivalt jahe. L\u00f5kkease COZY FIRE v\u00f5imaldab viibida l\u00f5kke vahetusl\u00e4heduses kuna v\u00e4limise ja sisemise v\u00f5rgu vahel asetsevad kivid. Kivid kaitsevad kuuma leegi eest, samas m\u00f5nusat soojust eraldades.<\/p>\n<p>See l\u00f5kkease sobib ideaalselt kasutamiseks ka talvistel \u00f5htutel kuna kivide vahelt n\u00e4htav helklev tuli j\u00e4tab eriti piduliku mulje. COZY FIRE l\u00f5kkease on pimedas \u00f6\u00f6s nii kaunis, et isegi aastavahetusel ei teki soovi ilutulestikku lasta, vaid lihtsalt nautida l\u00f5kkeaseme poolt pakutavad leekide m\u00e4ngu.<\/p>\n<p>See ainulaadne l\u00f5kkease v\u00f5imaldab nautida elavat tuld v\u00f5i grillida igal aastaajal!<\/p>\n<p>&nbsp;<\/p>\n<p><em>Kasutage k\u00fctusena ainult puhast puitu.<\/em><\/p>\n<p><em>Kivid ei kuulu komplekti!<\/em><\/p>\n<p><em>Lahtise tule tegemisel j\u00e4rgige kohalikke reegleid!<\/em><\/p>\n<p>&nbsp;<\/p>\n<p><strong>Tehnilised andmed:<\/strong><\/p>\n<ul>\n<li>laius: 75 cm<\/li>\n<li>k\u00f5rgus: 65 cm<\/li>\n<li>v\u00f5rgu k\u00f5rgus: 45 cm<\/li>\n<li>kaal: 12 kg<\/li>\n<li>K\u00fctus: puit<\/li>\n<\/ul>\n","protected":false},"excerpt":{"rendered":"<p>See ainulaadne l\u00f5kkease v\u00f5imaldab nautida elavat tuld v\u00f5i grillida igal aastaajal!<\/p>\n","protected":false},"featured_media":24308,"comment_status":"open","ping_status":"closed","template":"","meta":{"_acf_changed":false},"factory":[],"free-shipment":[],"product_brand":[],"product_cat":[924],"product_tag":[],"class_list":{"0":"post-24316","1":"product","2":"type-product","3":"status-publish","4":"has-post-thumbnail","6":"product_cat-aiatooted","8":"first","9":"instock","10":"sale","11":"taxable","12":"shipping-taxable","13":"purchasable","14":"product-type-simple"},"acf":[],"_links":{"self":[{"href":"https:\/\/factory.sale\/et\/wp-json\/wp\/v2\/product\/24316","targetHints":{"allow":["GET"]}}],"collection":[{"href":"https:\/\/factory.sale\/et\/wp-json\/wp\/v2\/product"}],"about":[{"href":"https:\/\/factory.sale\/et\/wp-json\/wp\/v2\/types\/product"}],"replies":[{"embeddable":true,"href":"https:\/\/factory.sale\/et\/wp-json\/wp\/v2\/comments?post=24316"}],"wp:featuredmedia":[{"embeddable":true,"href":"https:\/\/factory.sale\/et\/wp-json\/wp\/v2\/media\/24308"}],"wp:attachment":[{"href":"https:\/\/factory.sale\/et\/wp-json\/wp\/v2\/media?parent=24316"}],"wp:term":[{"taxonomy":"factory","embeddable":true,"href":"https:\/\/factory.sale\/et\/wp-json\/wp\/v2\/factory?post=24316"},{"taxonomy":"free-shipment","embeddable":true,"href":"https:\/\/factory.sale\/et\/wp-json\/wp\/v2\/free-shipment?post=24316"},{"taxonomy":"product_brand","embeddable":true,"href":"https:\/\/factory.sale\/et\/wp-json\/wp\/v2\/product_brand?post=24316"},{"taxonomy":"product_cat","embeddable":true,"href":"https:\/\/factory.sale\/et\/wp-json\/wp\/v2\/product_cat?post=24316"},{"taxonomy":"product_tag","embeddable":true,"href":"https:\/\/factory.sale\/et\/wp-json\/wp\/v2\/product_tag?post=24316"}],"curies":[{"name":"wp","href":"https:\/\/api.w.org\/{rel}","templated":true}]}}