{"id":24216,"date":"2023-03-05T21:17:41","date_gmt":"2023-03-05T21:22:57","guid":{"rendered":"https:\/\/factory.sale\/?post_type=product&#038;p=24216"},"modified":"2025-03-26T00:50:13","modified_gmt":"2025-03-25T21:50:13","slug":"cozy-18-og-tw","status":"publish","type":"product","link":"https:\/\/factory.sale\/et\/toode\/cozy-18-og-tw\/","title":{"rendered":"Cozy 18 OG-TW"},"content":{"rendered":"<p>Sauna s\u00fcdameks on keris. Kui kuumus ei ole \u00fchtlane ja tunnete end ebamugavalt, siis tavaliselt on probleemiks keris.<\/p>\n<p>Mahedaks ja kauakestvaks soojuseks sobivad k\u00f5ige paremini puuk\u00fcttega ahjud.<\/p>\n<p>COZY 18 OG-TW saunaahi on loodud pakkuma \u00fchtlast ja pehmet soojust, mis on autentse saunaelamuse jaoks h\u00e4davajalik. Selle vastupidav konstruktsioon tagab pikaealisuse, samas kui t\u00f5hus p\u00f5lemiss\u00fcsteem v\u00e4hendab puidu tarbimist. COZY 18 OG-TW on ideaalne valik neile, kes otsivad t\u00f5husat, keskkonnas\u00f5bralikku ja autentset saunaelamust suurematesse ruumidesse. Lisaks eraldab COZY 18 OG-TW suitsugaase, mis on kuus korda puhtamad kui sarnastel keristel, t\u00e4ites Saksa BimSch sertifikaadi n\u00f5uded ilma lisaseadmeteta.<\/p>\n<p>Tehnilised andmed<\/p>\n<ul>\n<li>V\u00f5imsus: 18 kW<\/li>\n<li>M\u00f5\u00f5dud: P 696 mm x L 498 mm x K 709 mm<\/li>\n<li>Kaal: 92 kg<\/li>\n<li>Kivide mahutavus: 160 kg<\/li>\n<li>Maksimaalne k\u00fctusekogus: 10 kg<\/li>\n<li>K\u00fctus: Puuhalud kuni 30 cm pikkusega<\/li>\n<\/ul>\n<p>Ohutuskaugused<\/p>\n<ul>\n<li>K\u00fclgedelt: 230 mm<\/li>\n<li>Tagant: 230 mm<\/li>\n<li>Eest: 500 mm<\/li>\n<li>Laest: 1 340 mm<\/li>\n<\/ul>\n<p>Komplekti kuulub<\/p>\n<ul>\n<li>COZY 18 OG-TW puuk\u00fcttega saunaahi<\/li>\n<\/ul>\n<p>NB! Kerisekivid ei kuulu komplekti &#8211;<a href=\"https:\/\/factory.sale\/et\/toode\/kerisekivid-oliviin-diabaas-10-15cm-20kg\/\" target=\"_blank\" rel=\"noopener\"> sobivad kivid leiad siit<\/a><\/p>\n<p><a href=\"https:\/\/factory.sale\/wp-content\/uploads\/2023\/03\/COZY-18-OG-TW.pdf\" target=\"_blank\" rel=\"noopener\">Cozy 18 OG-TW joonised<\/a><\/p>\n<p><a href=\"https:\/\/factory.sale\/wp-content\/uploads\/2023\/03\/EST_kasutusjuhend_COZY_12_COZY18.pdf\">Cozy 18 OG-TW manuaal<\/a><\/p>\n<p><a href=\"https:\/\/factory.sale\/wp-content\/uploads\/2023\/02\/Confirmation_SGO_HEAT12_1BImSchV.pdf\" target=\"_blank\" rel=\"noopener\">Cozy 18 OG-TW sertifikaat<\/a><\/p>\n","protected":false},"excerpt":{"rendered":"<p>COZY 18 OG-TW on suure j\u00f5udlusega puuk\u00fcttega saunaahi, mis sobib kuni 20 m\u00b3 suurustele saunadele. L\u00e4bi seina ulatuv disain v\u00f5imaldab mugavat k\u00fctmist k\u00f5rvalruumist, hoides leiliruumi puhta ja rahulikuna. Eestis k\u00e4sit\u00f6\u00f6na valmistatud COZY 18 OG-TW \u00fchendab traditsioonilise meistriteose kaasaegse t\u00f5hususega, tarbides kuni 25% v\u00e4hem k\u00fctet v\u00f5rreldes sarnaste mudelitega.<\/p>\n","protected":false},"featured_media":24202,"comment_status":"open","ping_status":"closed","template":"","meta":{"_acf_changed":false},"factory":[],"free-shipment":[],"product_brand":[],"product_cat":[2314,306],"product_tag":[2176],"class_list":{"0":"post-24216","1":"product","2":"type-product","3":"status-publish","4":"has-post-thumbnail","6":"product_cat-cozy-et","7":"product_cat-saunakerised","8":"product_tag-sauna-heater-et","10":"first","11":"instock","12":"sale","13":"taxable","14":"shipping-taxable","15":"purchasable","16":"product-type-simple"},"acf":[],"_links":{"self":[{"href":"https:\/\/factory.sale\/et\/wp-json\/wp\/v2\/product\/24216","targetHints":{"allow":["GET"]}}],"collection":[{"href":"https:\/\/factory.sale\/et\/wp-json\/wp\/v2\/product"}],"about":[{"href":"https:\/\/factory.sale\/et\/wp-json\/wp\/v2\/types\/product"}],"replies":[{"embeddable":true,"href":"https:\/\/factory.sale\/et\/wp-json\/wp\/v2\/comments?post=24216"}],"wp:featuredmedia":[{"embeddable":true,"href":"https:\/\/factory.sale\/et\/wp-json\/wp\/v2\/media\/24202"}],"wp:attachment":[{"href":"https:\/\/factory.sale\/et\/wp-json\/wp\/v2\/media?parent=24216"}],"wp:term":[{"taxonomy":"factory","embeddable":true,"href":"https:\/\/factory.sale\/et\/wp-json\/wp\/v2\/factory?post=24216"},{"taxonomy":"free-shipment","embeddable":true,"href":"https:\/\/factory.sale\/et\/wp-json\/wp\/v2\/free-shipment?post=24216"},{"taxonomy":"product_brand","embeddable":true,"href":"https:\/\/factory.sale\/et\/wp-json\/wp\/v2\/product_brand?post=24216"},{"taxonomy":"product_cat","embeddable":true,"href":"https:\/\/factory.sale\/et\/wp-json\/wp\/v2\/product_cat?post=24216"},{"taxonomy":"product_tag","embeddable":true,"href":"https:\/\/factory.sale\/et\/wp-json\/wp\/v2\/product_tag?post=24216"}],"curies":[{"name":"wp","href":"https:\/\/api.w.org\/{rel}","templated":true}]}}