{"id":23669,"date":"2023-02-23T20:49:47","date_gmt":"2023-02-23T20:55:05","guid":{"rendered":"https:\/\/factory.sale\/?post_type=product&#038;p=23669"},"modified":"2026-04-10T14:51:46","modified_gmt":"2026-04-10T11:51:46","slug":"20x24m-ovaalne-plastikust-sisemusega-kumblustunn-valise-ahjuga","status":"publish","type":"product","link":"https:\/\/factory.sale\/et\/toode\/20x24m-ovaalne-plastikust-sisemusega-kumblustunn-valise-ahjuga\/","title":{"rendered":"2,0&#215;2,4m ovaalne klaasplastist sisemusega k\u00fcmblust\u00fcnn, v\u00e4lise ahjuga"},"content":{"rendered":"<p><strong>BAR224<\/strong><\/p>\n<p><strong>Tehnilised andmed:<\/strong><\/p>\n<ul>\n<li>Materjal: 20 mm kuusk\/termopuit<\/li>\n<li>V\u00e4line \u00d8: 2000 x 2400 mm<\/li>\n<li>Sisemine \u00d8: 1820 x 2220 mm<\/li>\n<li>K\u00f5rgus: 1120 mm<\/li>\n<li>Sisemine s\u00fcgavus: 980 mm<\/li>\n<li>Kaal: 220 kg<\/li>\n<li>Maht: 1700 liitrit<\/li>\n<li>Inimeste arv: 6-7<\/li>\n<li>K\u00fctteaeg 5-38\u00b0: 2-3h<\/li>\n<\/ul>\n<p>&nbsp;<\/p>\n<p><strong>K\u00fcmblust\u00fcnni komplekt sisaldab:<\/strong><\/p>\n<ul>\n<li>klaasplastist sisu<\/li>\n<li>puidust korpus<\/li>\n<li>viimistlus puidu\u00f5liga v\u00e4ljast<\/li>\n<li>alumised talad<\/li>\n<li>merealumiinium v\u00e4lisahi (30kw) 2 m korstnaga<\/li>\n<li>\u00e4ravoolu kraaniga<\/li>\n<li>trepid<\/li>\n<\/ul>\n<p>&nbsp;<\/p>\n<p><strong>Saadaval 3 erinevat plastikust v\u00e4rvi:<\/strong> Sinine, tumehall ja helehall<\/p>\n<p><strong><img loading=\"lazy\" decoding=\"async\" class=\"alignnone wp-image-88093\" src=\"https:\/\/factory.sale\/wp-content\/uploads\/2024\/07\/plastic-colours-300x82.png\" alt=\"\" width=\"413\" height=\"113\" srcset=\"https:\/\/factory.sale\/wp-content\/uploads\/2024\/07\/plastic-colours-300x82.png 300w, https:\/\/factory.sale\/wp-content\/uploads\/2024\/07\/plastic-colours-150x41.png 150w, https:\/\/factory.sale\/wp-content\/uploads\/2024\/07\/plastic-colours.png 394w\" sizes=\"auto, (max-width: 413px) 100vw, 413px\" \/><\/strong><\/p>\n<p><strong>V\u00f5imalik juurde osta:<\/strong><\/p>\n<ul>\n<li>V\u00e4lisvooder: 20mm termom\u00e4nd, 15mm plastiklaud (antrasiithall)<\/li>\n<li>Ahju vahetus 35 kW (tagavool, klaasuks) vastu<\/li>\n<li>Ahju vahetus 35, 40, 45 KW (parem- v\u00f5i vasakvooluga)<\/li>\n<li>Led valgus 1, 2 v\u00f5i 4 lambiga<\/li>\n<li>Mullis\u00fcsteem 8 d\u00fc\u00fcsiga, 700W pump v\u00f5i 16 d\u00fc\u00fcsiga, 900W pump<\/li>\n<li>Digitaalne termomeeter (t\u00fcnni k\u00fcljes) v\u00f5i ujuv bluetooth termomeeter<\/li>\n<li>Korstna tarvikud: kuumakaitse, s\u00e4demep\u00fc\u00fcdja, korstnapikendus<\/li>\n<li>Filtris\u00fcsteem: Liivafilter, skimmer<\/li>\n<li>Dutrion tabletid vee puhastuseks<\/li>\n<li>Topsihoidjad: Spa alus, puidust riiul<\/li>\n<li>Tarvikud: Peatugi, m\u00f5la<\/li>\n<li>Filtris\u00fcsteemi kapp<\/li>\n<li>Trepp: Suur sirge v\u00f5i \u00fcmar<\/li>\n<li>Puidust topsialus<\/li>\n<li>PUR soojustus<\/li>\n<li>Erinevad katted: PVC\u00a0v\u00f5i\u00a0termokate<\/li>\n<\/ul>\n<p>&nbsp;<\/p>\n","protected":false},"excerpt":{"rendered":"<p>K\u00fcmblust\u00fcnn on hea viis l\u00f5\u00f5gastumiseks ja sobib suurep\u00e4raselt teie aeda v\u00f5i suvilasse.<\/p>\n","protected":false},"featured_media":23661,"comment_status":"open","ping_status":"closed","template":"","meta":{"_acf_changed":false},"factory":[],"free-shipment":[],"product_brand":[],"product_cat":[2587,2209],"product_tag":[],"class_list":{"0":"post-23669","1":"product","2":"type-product","3":"status-publish","4":"has-post-thumbnail","6":"product_cat-klaasplastist-kumblustunnid","7":"product_cat-kumblustunnid","9":"first","10":"instock","11":"sale","12":"taxable","13":"shipping-taxable","14":"purchasable","15":"product-type-simple"},"acf":[],"_links":{"self":[{"href":"https:\/\/factory.sale\/et\/wp-json\/wp\/v2\/product\/23669","targetHints":{"allow":["GET"]}}],"collection":[{"href":"https:\/\/factory.sale\/et\/wp-json\/wp\/v2\/product"}],"about":[{"href":"https:\/\/factory.sale\/et\/wp-json\/wp\/v2\/types\/product"}],"replies":[{"embeddable":true,"href":"https:\/\/factory.sale\/et\/wp-json\/wp\/v2\/comments?post=23669"}],"wp:featuredmedia":[{"embeddable":true,"href":"https:\/\/factory.sale\/et\/wp-json\/wp\/v2\/media\/23661"}],"wp:attachment":[{"href":"https:\/\/factory.sale\/et\/wp-json\/wp\/v2\/media?parent=23669"}],"wp:term":[{"taxonomy":"factory","embeddable":true,"href":"https:\/\/factory.sale\/et\/wp-json\/wp\/v2\/factory?post=23669"},{"taxonomy":"free-shipment","embeddable":true,"href":"https:\/\/factory.sale\/et\/wp-json\/wp\/v2\/free-shipment?post=23669"},{"taxonomy":"product_brand","embeddable":true,"href":"https:\/\/factory.sale\/et\/wp-json\/wp\/v2\/product_brand?post=23669"},{"taxonomy":"product_cat","embeddable":true,"href":"https:\/\/factory.sale\/et\/wp-json\/wp\/v2\/product_cat?post=23669"},{"taxonomy":"product_tag","embeddable":true,"href":"https:\/\/factory.sale\/et\/wp-json\/wp\/v2\/product_tag?post=23669"}],"curies":[{"name":"wp","href":"https:\/\/api.w.org\/{rel}","templated":true}]}}