{"id":23641,"date":"2023-02-23T18:17:55","date_gmt":"2023-02-23T18:25:40","guid":{"rendered":"https:\/\/factory.sale\/?post_type=product&#038;p=23641"},"modified":"2026-04-10T14:53:13","modified_gmt":"2026-04-10T11:53:13","slug":"18-m-8-nurgaline-tunnisaun-plastikust-sisemuse-ja-valise-ahjuga","status":"publish","type":"product","link":"https:\/\/factory.sale\/et\/toode\/18-m-8-nurgaline-tunnisaun-plastikust-sisemuse-ja-valise-ahjuga\/","title":{"rendered":"1,8 m 8-nurgaline k\u00fcmblust\u00fcnn klaasplast sisuga ja v\u00e4lise ahjuga"},"content":{"rendered":"<p><strong>BAR18<\/strong><\/p>\n<p><strong>Tehnilised andmed:<\/strong><\/p>\n<ul>\n<li>Materjal: 20 mm kuusk<\/li>\n<li>V\u00e4lis-\u00d8: 1800 mm<\/li>\n<li>Sisemine \u00d8: 1600 mm<\/li>\n<li>K\u00f5rgus: 1140 mm<\/li>\n<li>S\u00fcgavus seest: 980 mm<\/li>\n<li>Kaal: 240 kg<\/li>\n<li>Maht: 1200 liitrit<\/li>\n<li>Inimeste arv: 5-6<\/li>\n<li>K\u00fctteaeg 5-38\u00b0: 1,5-2 h<\/li>\n<\/ul>\n<p>&nbsp;<\/p>\n<p><strong>\u00a0Komplekt sisaldab:<\/strong><\/p>\n<ul>\n<li>klaasplastist sisu<\/li>\n<li>puidust \u00fcmbris<\/li>\n<li>viimistlemine v\u00e4ljast puidu\u00f5liga<\/li>\n<li>p\u00f5hjatalad<\/li>\n<li>2 roostevabast terasest s\u00fcdamikku<\/li>\n<li>merealumiiniumist v\u00e4lisahi (30kw) 2m korstnaga<\/li>\n<li>\u00e4ravool kraaniga<\/li>\n<li>trepp<\/li>\n<\/ul>\n<p>&nbsp;<\/p>\n<p><strong>Saadaval 3 erinevat plastiku v\u00e4rvi:<\/strong> Sinine, tumehall ja helehall<\/p>\n<p><strong><img loading=\"lazy\" decoding=\"async\" class=\"alignnone wp-image-88093\" src=\"https:\/\/factory.sale\/wp-content\/uploads\/2024\/07\/plastic-colours-300x82.png\" alt=\"\" width=\"413\" height=\"113\" srcset=\"https:\/\/factory.sale\/wp-content\/uploads\/2024\/07\/plastic-colours-300x82.png 300w, https:\/\/factory.sale\/wp-content\/uploads\/2024\/07\/plastic-colours-150x41.png 150w, https:\/\/factory.sale\/wp-content\/uploads\/2024\/07\/plastic-colours.png 394w\" sizes=\"auto, (max-width: 413px) 100vw, 413px\" \/><\/strong><\/p>\n<p><strong>V\u00f5imalik juurde osta:<\/strong><\/p>\n<ul>\n<li>V\u00e4lisvooder: 20mm termom\u00e4nd, 15mm plastiklaud (antrasiithall)<\/li>\n<li>Ahju vahetus 35 kW (tagavool, klaasuks) vastu<\/li>\n<li>Ahju vahetus 35, 40, 45 KW (parem- v\u00f5i vasakvooluga)<\/li>\n<li>Led valgus 1, 2 v\u00f5i 4 lambiga<\/li>\n<li>Mullis\u00fcsteem 8 d\u00fc\u00fcsiga, 700W pump v\u00f5i 16 d\u00fc\u00fcsiga, 900W pump<\/li>\n<li>Digitaalne termomeeter (t\u00fcnni k\u00fcljes) v\u00f5i ujuv bluetooth termomeeter<\/li>\n<li>Korstna tarvikud: kuumakaitse, s\u00e4demep\u00fc\u00fcdja, korstnapikendus<\/li>\n<li>Filtris\u00fcsteem: Liivafilter, skimmer<\/li>\n<li>Dutrion tabletid vee puhastuseks<\/li>\n<li>Topsihoidjad: Spa alus, puidust riiul<\/li>\n<li>Tarvikud: Peatugi, m\u00f5la<\/li>\n<li>Filtris\u00fcsteemi kapp<\/li>\n<li>Trepp: Suur sirge v\u00f5i \u00fcmar<\/li>\n<li>Puidust topsialus<\/li>\n<li>PUR soojustus<\/li>\n<li>Erinevad katted: PVC\u00a0v\u00f5i\u00a0termokate<\/li>\n<\/ul>\n","protected":false},"excerpt":{"rendered":"<p>K\u00fcmblust\u00fcnn on hea viis l\u00f5\u00f5gastumiseks ja see sobib suurep\u00e4raselt teie aeda v\u00f5i suvilasse.<\/p>\n","protected":false},"featured_media":83300,"comment_status":"open","ping_status":"closed","template":"","meta":{"_acf_changed":false},"factory":[],"free-shipment":[],"product_brand":[],"product_cat":[2587,2209],"product_tag":[],"class_list":{"0":"post-23641","1":"product","2":"type-product","3":"status-publish","4":"has-post-thumbnail","6":"product_cat-klaasplastist-kumblustunnid","7":"product_cat-kumblustunnid","9":"first","10":"instock","11":"sale","12":"taxable","13":"shipping-taxable","14":"purchasable","15":"product-type-simple"},"acf":[],"_links":{"self":[{"href":"https:\/\/factory.sale\/et\/wp-json\/wp\/v2\/product\/23641","targetHints":{"allow":["GET"]}}],"collection":[{"href":"https:\/\/factory.sale\/et\/wp-json\/wp\/v2\/product"}],"about":[{"href":"https:\/\/factory.sale\/et\/wp-json\/wp\/v2\/types\/product"}],"replies":[{"embeddable":true,"href":"https:\/\/factory.sale\/et\/wp-json\/wp\/v2\/comments?post=23641"}],"wp:featuredmedia":[{"embeddable":true,"href":"https:\/\/factory.sale\/et\/wp-json\/wp\/v2\/media\/83300"}],"wp:attachment":[{"href":"https:\/\/factory.sale\/et\/wp-json\/wp\/v2\/media?parent=23641"}],"wp:term":[{"taxonomy":"factory","embeddable":true,"href":"https:\/\/factory.sale\/et\/wp-json\/wp\/v2\/factory?post=23641"},{"taxonomy":"free-shipment","embeddable":true,"href":"https:\/\/factory.sale\/et\/wp-json\/wp\/v2\/free-shipment?post=23641"},{"taxonomy":"product_brand","embeddable":true,"href":"https:\/\/factory.sale\/et\/wp-json\/wp\/v2\/product_brand?post=23641"},{"taxonomy":"product_cat","embeddable":true,"href":"https:\/\/factory.sale\/et\/wp-json\/wp\/v2\/product_cat?post=23641"},{"taxonomy":"product_tag","embeddable":true,"href":"https:\/\/factory.sale\/et\/wp-json\/wp\/v2\/product_tag?post=23641"}],"curies":[{"name":"wp","href":"https:\/\/api.w.org\/{rel}","templated":true}]}}