{"id":23590,"date":"2023-02-23T23:59:37","date_gmt":"2023-02-23T23:59:58","guid":{"rendered":"https:\/\/factory.sale\/?post_type=product&#038;p=23590"},"modified":"2026-03-13T12:00:54","modified_gmt":"2026-03-13T09:00:54","slug":"valimine-ahi-45-kw","status":"publish","type":"product","link":"https:\/\/factory.sale\/et\/toode\/valimine-ahi-45-kw\/","title":{"rendered":"V\u00e4limine ahi 45 kw (parem- v\u00f5i vasakvool)"},"content":{"rendered":"<p>V\u00e4limine k\u00fcmblust\u00fcnni ahi \u2013 kvaliteetsest merealumiiniumist valmistatud, erakordse soojusjuhtivuse ja vastupidavusega.<\/p>\n<p>Alumiiniumi soojusjuhtivus on umbes 15 korda parem kui roostevabal terasel, v\u00f5imaldades ahjul vett soojendada kiiremini ja kasutada ligikaudu 30% v\u00e4hem k\u00fcttepuid. See t\u00e4hendab aja ja k\u00fcttepuude kokkuhoidu, muutes selle kuumaveet\u00fcnni omanikele kuluefektiivseks valikuks.<\/p>\n<p>3 mm paksune alumiinium on kaks korda paksem kui tavalised roostevabast terasest ahjud, kuid j\u00e4\u00e4b siiski 30% kergemaks, pakkudes nii tugevust kui ka mugavust.<\/p>\n<p>Lisaks s\u00e4ilitavad alumiiniumahjud aja jooksul oma kuju, tagades \u00fchtlase j\u00f5udluse ja pikema eluea.<\/p>\n<p>Toote spetsifikatsioonid:<\/p>\n<ul>\n<li>M\u00f5\u00f5tmed: 600 x 515 x 650 mm<\/li>\n<li>Tulekolde s\u00fcgavus: 540 mm<\/li>\n<li>\u00dchendused: kolm 75 mm \u00fchendust ahju k\u00fcljel (paremvool v\u00f5i vasakvool)<\/li>\n<li>V\u00f5imsus: 45 kW<\/li>\n<li>K\u00fcttepuude pikkus kuni 50cm<\/li>\n<\/ul>\n<p>Komplekti kuulub:<\/p>\n<ul>\n<li>2-meetrine moodulkorsten roostevabast terasest + korstnam\u00fcts (\u00d8 150 mm)<\/li>\n<li>T\u00e4ielik \u00fchenduskomplekt, \u00fclemistele \u00fchendustele m\u00f5eldud 2x350mm voolikud ja alumisele 1x700mm voolik + klambrid<\/li>\n<li>L\u00e4biviigud (3 tk) \u2013 <a href=\"https:\/\/factory.sale\/wp-content\/uploads\/2023\/02\/hot-tub-connections-colour-options-factory-sale.webp\" target=\"_blank\" rel=\"noopener\">saadaval erinevates v\u00e4rvivalikutes: sinine, tumehall ja helehall<\/a><\/li>\n<li>Must esipaneel ja uks, eraldi tuhasahtel.<\/li>\n<li>V\u00f5imalik valida vasak- v\u00f5i paremvoolu \u00fchendustega mudel.<\/li>\n<\/ul>\n","protected":false},"excerpt":{"rendered":"<p>Ahi on m\u00f5eldud vee soojendamiseks k\u00fcmblust\u00fcnnides mahuga 500 kuni 3000 liitrit. Ahjude k\u00fctuseks v\u00f5ib olla puit erinevatest puuliikidest nagu kask, kuusk, m\u00e4nd jne.<\/p>\n","protected":false},"featured_media":23573,"comment_status":"open","ping_status":"closed","template":"","meta":{"_acf_changed":false},"factory":[],"free-shipment":[],"product_brand":[],"product_cat":[1247,2308],"product_tag":[],"class_list":{"0":"post-23590","1":"product","2":"type-product","3":"status-publish","4":"has-post-thumbnail","6":"product_cat-ahjud","7":"product_cat-kumblustunnide-ahjud","9":"first","10":"instock","11":"sale","12":"taxable","13":"shipping-taxable","14":"purchasable","15":"product-type-simple"},"acf":[],"_links":{"self":[{"href":"https:\/\/factory.sale\/et\/wp-json\/wp\/v2\/product\/23590","targetHints":{"allow":["GET"]}}],"collection":[{"href":"https:\/\/factory.sale\/et\/wp-json\/wp\/v2\/product"}],"about":[{"href":"https:\/\/factory.sale\/et\/wp-json\/wp\/v2\/types\/product"}],"replies":[{"embeddable":true,"href":"https:\/\/factory.sale\/et\/wp-json\/wp\/v2\/comments?post=23590"}],"wp:featuredmedia":[{"embeddable":true,"href":"https:\/\/factory.sale\/et\/wp-json\/wp\/v2\/media\/23573"}],"wp:attachment":[{"href":"https:\/\/factory.sale\/et\/wp-json\/wp\/v2\/media?parent=23590"}],"wp:term":[{"taxonomy":"factory","embeddable":true,"href":"https:\/\/factory.sale\/et\/wp-json\/wp\/v2\/factory?post=23590"},{"taxonomy":"free-shipment","embeddable":true,"href":"https:\/\/factory.sale\/et\/wp-json\/wp\/v2\/free-shipment?post=23590"},{"taxonomy":"product_brand","embeddable":true,"href":"https:\/\/factory.sale\/et\/wp-json\/wp\/v2\/product_brand?post=23590"},{"taxonomy":"product_cat","embeddable":true,"href":"https:\/\/factory.sale\/et\/wp-json\/wp\/v2\/product_cat?post=23590"},{"taxonomy":"product_tag","embeddable":true,"href":"https:\/\/factory.sale\/et\/wp-json\/wp\/v2\/product_tag?post=23590"}],"curies":[{"name":"wp","href":"https:\/\/api.w.org\/{rel}","templated":true}]}}