{"id":23551,"date":"2023-02-24T00:01:24","date_gmt":"2023-02-24T00:01:46","guid":{"rendered":"https:\/\/factory.sale\/?post_type=product&#038;p=23551"},"modified":"2026-03-13T09:41:53","modified_gmt":"2026-03-13T06:41:53","slug":"valimine-ahi-30kw","status":"publish","type":"product","link":"https:\/\/factory.sale\/et\/toode\/valimine-ahi-30kw\/","title":{"rendered":"V\u00e4limine ahi 30kw (tagavool)"},"content":{"rendered":"<p>V\u00e4limine k\u00fcmblust\u00fcnni ahi \u2013 kvaliteetsest merealumiiniumist valmistatud, erakordse soojusjuhtivuse ja vastupidavusega.<\/p>\n<p>Alumiiniumi soojusjuhtivus on umbes 15 korda parem kui roostevabal terasel, v\u00f5imaldades ahjul vett soojendada kiiremini ja kasutada ligikaudu 30% v\u00e4hem k\u00fcttepuid. See t\u00e4hendab aja ja k\u00fcttepuude kokkuhoidu, muutes selle kuumaveet\u00fcnni omanikele kuluefektiivseks valikuks.<\/p>\n<p>3 mm paksune alumiinium on kaks korda paksem kui tavalised roostevabast terasest ahjud, kuid j\u00e4\u00e4b siiski 30% kergemaks, pakkudes nii tugevust kui ka mugavust.<\/p>\n<p>Lisaks s\u00e4ilitavad alumiiniumahjud aja jooksul oma kuju, tagades \u00fchtlase j\u00f5udluse ja pikema eluea.<\/p>\n<p>Toote spetsifikatsioonid:<\/p>\n<ul>\n<li>M\u00f5\u00f5tmed: 600 x 400 x 500 mm<\/li>\n<li>Tulekolde s\u00fcgavus: 540 mm<\/li>\n<li>\u00dchendused: kaks 75 mm \u00fchendust tagak\u00fcljel<\/li>\n<li>V\u00f5imsus: 30 kW<\/li>\n<\/ul>\n<p>Komplekti kuulub:<\/p>\n<ul>\n<li>2-meetrine moodulkorsten roostevabast terasest + korstnam\u00fcts (\u00d8 110 mm)<\/li>\n<li>T\u00e4ielik \u00fchenduskomplekt, voolikutega \u00fclemisele \u00fchendusele 1 x 350mm voolik ja alumisele \u00fchendusele 1 x 700mm voolik + klambrid 4tk<\/li>\n<li>L\u00e4biviigud (2 tk) \u2013 <a href=\"https:\/\/factory.sale\/wp-content\/uploads\/2023\/02\/hot-tub-connections-colour-options-factory-sale.webp\" target=\"_blank\" rel=\"noopener\">saadaval erinevates v\u00e4rvivalikutes: sinine, tumehall ja helehall<\/a><\/li>\n<li>Mustaks v\u00e4rvitud alumiiniumist esipaneel \u00fches osas, ilma tuhasahtlita.<\/li>\n<\/ul>\n","protected":false},"excerpt":{"rendered":"<p>Ahi on m\u00f5eldud vee soojendamiseks k\u00fcmblust\u00fcnnidele mahuga 500 kuni 3000 liitrit. Ahju k\u00fctteks saab kasutada erinevate puuliikide k\u00fcttepuid, n\u00e4iteks kaske, kuuske, m\u00e4ndi jne.<\/p>\n","protected":false},"featured_media":23546,"comment_status":"open","ping_status":"closed","template":"","meta":{"_acf_changed":false},"factory":[],"free-shipment":[],"product_brand":[],"product_cat":[1247,2308],"product_tag":[2842,1892],"class_list":{"0":"post-23551","1":"product","2":"type-product","3":"status-publish","4":"has-post-thumbnail","6":"product_cat-ahjud","7":"product_cat-kumblustunnide-ahjud","8":"product_tag-hot-tub-et","9":"product_tag-stove-et","11":"first","12":"instock","13":"sale","14":"taxable","15":"shipping-taxable","16":"purchasable","17":"product-type-simple"},"acf":[],"_links":{"self":[{"href":"https:\/\/factory.sale\/et\/wp-json\/wp\/v2\/product\/23551","targetHints":{"allow":["GET"]}}],"collection":[{"href":"https:\/\/factory.sale\/et\/wp-json\/wp\/v2\/product"}],"about":[{"href":"https:\/\/factory.sale\/et\/wp-json\/wp\/v2\/types\/product"}],"replies":[{"embeddable":true,"href":"https:\/\/factory.sale\/et\/wp-json\/wp\/v2\/comments?post=23551"}],"wp:featuredmedia":[{"embeddable":true,"href":"https:\/\/factory.sale\/et\/wp-json\/wp\/v2\/media\/23546"}],"wp:attachment":[{"href":"https:\/\/factory.sale\/et\/wp-json\/wp\/v2\/media?parent=23551"}],"wp:term":[{"taxonomy":"factory","embeddable":true,"href":"https:\/\/factory.sale\/et\/wp-json\/wp\/v2\/factory?post=23551"},{"taxonomy":"free-shipment","embeddable":true,"href":"https:\/\/factory.sale\/et\/wp-json\/wp\/v2\/free-shipment?post=23551"},{"taxonomy":"product_brand","embeddable":true,"href":"https:\/\/factory.sale\/et\/wp-json\/wp\/v2\/product_brand?post=23551"},{"taxonomy":"product_cat","embeddable":true,"href":"https:\/\/factory.sale\/et\/wp-json\/wp\/v2\/product_cat?post=23551"},{"taxonomy":"product_tag","embeddable":true,"href":"https:\/\/factory.sale\/et\/wp-json\/wp\/v2\/product_tag?post=23551"}],"curies":[{"name":"wp","href":"https:\/\/api.w.org\/{rel}","templated":true}]}}