{"id":23182,"date":"2023-02-15T12:15:40","date_gmt":"2023-02-15T12:32:54","guid":{"rendered":"https:\/\/factory.sale\/?post_type=product&#038;p=23182"},"modified":"2024-06-25T14:08:23","modified_gmt":"2024-06-25T14:08:23","slug":"vineer-okaspuust-c-c-ce2-2440-x-1200-x-15-mm","status":"publish","type":"product","link":"https:\/\/factory.sale\/et\/toode\/vineer-okaspuust-c-c-ce2-2440-x-1200-x-15-mm\/","title":{"rendered":"Vineer okaspuust C+\/C CE2+ 2440 x 1200 x 15 mm"},"content":{"rendered":"<p>Okaspuidust vineer on ehituses kasutatav plaat. Vineeri kasutatakse erinevates kohtades, sise- ja v\u00e4listingimustes. Tootel olev C+ \/ C m\u00e4rgistus t\u00e4hendab, et plaadil on \u00a0ebatasased pinnad. Toode sobib seet\u00f5ttu n\u00e4iteks pakendamiseks ja kaitseplaatidena. Kui soovite, et toote pind oleks sile, tuleb ebatasasused t\u00e4ita.<\/p>\n<p>&nbsp;<\/p>\n<p><strong>Tooteteave:<\/strong><\/p>\n<ul>\n<li>Paksus: 15 mm<\/li>\n<li>Laius: 1200 mm<\/li>\n<li>Pikkus: 2440 mm<\/li>\n<li>Ruutpind: 2,93 m2<\/li>\n<li>Materjal: m\u00e4nd<\/li>\n<li>Tootekood: vanhav15<\/li>\n<li>Hind: 20.04 eur \/ m2<\/li>\n<\/ul>\n<p><strong>Rakendused:<\/strong><\/p>\n<ul>\n<li>K\u00f5ikjal \u00fcldiseks kasutamiseks ehituses<\/li>\n<li>Sise- ja v\u00e4lisruumide jaoks<\/li>\n<li>Pakendites<\/li>\n<li>Kaitseplaatidena<\/li>\n<\/ul>\n<p>&nbsp;<\/p>\n<p><em>*Toode m\u00fc\u00fcakse plaatidena.<\/em><\/p>\n","protected":false},"excerpt":{"rendered":"<p>Okaspuidust vineer on ehituses kasutatav plaat. Vineeri kasutatakse erinevates kohtades, sise- ja v\u00e4listingimustes. Tootel olev C+ \/ C m\u00e4rgistus t\u00e4hendab, et plaadil on \u00a0ebatasased pinnad. Toode sobib seet\u00f5ttu n\u00e4iteks pakendamiseks ja kaitseplaatidena. Kui soovite, et toote pind oleks sile, tuleb ebatasasused t\u00e4ita.<\/p>\n","protected":false},"featured_media":23154,"comment_status":"open","ping_status":"closed","template":"","meta":{"_acf_changed":false},"factory":[],"free-shipment":[],"product_brand":[],"product_cat":[1604,814,2284],"product_tag":[],"class_list":{"0":"post-23182","1":"product","2":"type-product","3":"status-publish","4":"has-post-thumbnail","6":"product_cat-puit","7":"product_cat-uldehitus","8":"product_cat-vineerid","10":"first","11":"instock","12":"sale","13":"taxable","14":"shipping-taxable","15":"purchasable","16":"product-type-simple"},"acf":[],"_links":{"self":[{"href":"https:\/\/factory.sale\/et\/wp-json\/wp\/v2\/product\/23182","targetHints":{"allow":["GET"]}}],"collection":[{"href":"https:\/\/factory.sale\/et\/wp-json\/wp\/v2\/product"}],"about":[{"href":"https:\/\/factory.sale\/et\/wp-json\/wp\/v2\/types\/product"}],"replies":[{"embeddable":true,"href":"https:\/\/factory.sale\/et\/wp-json\/wp\/v2\/comments?post=23182"}],"wp:featuredmedia":[{"embeddable":true,"href":"https:\/\/factory.sale\/et\/wp-json\/wp\/v2\/media\/23154"}],"wp:attachment":[{"href":"https:\/\/factory.sale\/et\/wp-json\/wp\/v2\/media?parent=23182"}],"wp:term":[{"taxonomy":"factory","embeddable":true,"href":"https:\/\/factory.sale\/et\/wp-json\/wp\/v2\/factory?post=23182"},{"taxonomy":"free-shipment","embeddable":true,"href":"https:\/\/factory.sale\/et\/wp-json\/wp\/v2\/free-shipment?post=23182"},{"taxonomy":"product_brand","embeddable":true,"href":"https:\/\/factory.sale\/et\/wp-json\/wp\/v2\/product_brand?post=23182"},{"taxonomy":"product_cat","embeddable":true,"href":"https:\/\/factory.sale\/et\/wp-json\/wp\/v2\/product_cat?post=23182"},{"taxonomy":"product_tag","embeddable":true,"href":"https:\/\/factory.sale\/et\/wp-json\/wp\/v2\/product_tag?post=23182"}],"curies":[{"name":"wp","href":"https:\/\/api.w.org\/{rel}","templated":true}]}}