{"id":23141,"date":"2023-02-15T10:39:54","date_gmt":"2023-02-15T10:51:26","guid":{"rendered":"https:\/\/factory.sale\/?post_type=product&#038;p=23141"},"modified":"2024-06-26T21:39:41","modified_gmt":"2024-06-26T21:39:41","slug":"vormitud-vineer-olitatud-okaspuust-br-1200-x-1200-x-12-mm-m2","status":"publish","type":"product","link":"https:\/\/factory.sale\/et\/toode\/vormitud-vineer-olitatud-okaspuust-br-1200-x-1200-x-12-mm-m2\/","title":{"rendered":"Vormitud vineer \u00f5litatud okaspuust BR 1200 x 1200 x 12 mm (m2)"},"content":{"rendered":"<p>Ehituses sobib \u00f5litatud vormitud vineer kandvateks konstruktsiooniosadeks sise- ja v\u00e4listingimustes. T\u00f6\u00f6tlemata vineeri saab taaskasutada ja soovi korral uuesti \u00f5litada. Seet\u00f5ttu on plaati juba ka korduvalt kasutatud.<\/p>\n<p><strong>Tooteteave:<\/strong><\/p>\n<ul>\n<li>Paksus: 12 mm<\/li>\n<li>Laius: 1200 mm<\/li>\n<li>Pikkus: 1200 mm<\/li>\n<li>Ruutpind: 1,44 m\u00b2 \/ plaat<\/li>\n<li>Materjal: okaspuu<\/li>\n<li>Kasutusalad: valuvormides<\/li>\n<li>Toodet m\u00fc\u00fcakse plaatidena.<\/li>\n<li>Tootekood: mutti12<\/li>\n<li>Hind: 16,62 eur \/ m2<\/li>\n<\/ul>\n","protected":false},"excerpt":{"rendered":"<p>Ehituses sobib \u00f5litatud vormitud vineer kandvateks konstruktsiooniosadeks sise- ja v\u00e4listingimustes. T\u00f6\u00f6tlemata vineeri saab taaskasutada ja soovi korral uuesti \u00f5litada. Seet\u00f5ttu on plaati juba ka korduvalt kasutatud.<\/p>\n","protected":false},"featured_media":23136,"comment_status":"open","ping_status":"closed","template":"","meta":{"_acf_changed":false},"factory":[],"free-shipment":[],"product_brand":[],"product_cat":[1604,814,2284],"product_tag":[301],"class_list":{"0":"post-23141","1":"product","2":"type-product","3":"status-publish","4":"has-post-thumbnail","6":"product_cat-puit","7":"product_cat-uldehitus","8":"product_cat-vineerid","9":"product_tag-wood-et-2","11":"first","12":"instock","13":"sale","14":"taxable","15":"shipping-taxable","16":"purchasable","17":"product-type-simple"},"acf":[],"_links":{"self":[{"href":"https:\/\/factory.sale\/et\/wp-json\/wp\/v2\/product\/23141","targetHints":{"allow":["GET"]}}],"collection":[{"href":"https:\/\/factory.sale\/et\/wp-json\/wp\/v2\/product"}],"about":[{"href":"https:\/\/factory.sale\/et\/wp-json\/wp\/v2\/types\/product"}],"replies":[{"embeddable":true,"href":"https:\/\/factory.sale\/et\/wp-json\/wp\/v2\/comments?post=23141"}],"wp:featuredmedia":[{"embeddable":true,"href":"https:\/\/factory.sale\/et\/wp-json\/wp\/v2\/media\/23136"}],"wp:attachment":[{"href":"https:\/\/factory.sale\/et\/wp-json\/wp\/v2\/media?parent=23141"}],"wp:term":[{"taxonomy":"factory","embeddable":true,"href":"https:\/\/factory.sale\/et\/wp-json\/wp\/v2\/factory?post=23141"},{"taxonomy":"free-shipment","embeddable":true,"href":"https:\/\/factory.sale\/et\/wp-json\/wp\/v2\/free-shipment?post=23141"},{"taxonomy":"product_brand","embeddable":true,"href":"https:\/\/factory.sale\/et\/wp-json\/wp\/v2\/product_brand?post=23141"},{"taxonomy":"product_cat","embeddable":true,"href":"https:\/\/factory.sale\/et\/wp-json\/wp\/v2\/product_cat?post=23141"},{"taxonomy":"product_tag","embeddable":true,"href":"https:\/\/factory.sale\/et\/wp-json\/wp\/v2\/product_tag?post=23141"}],"curies":[{"name":"wp","href":"https:\/\/api.w.org\/{rel}","templated":true}]}}