{"id":22939,"date":"2023-02-13T12:53:05","date_gmt":"2023-02-13T14:41:48","guid":{"rendered":"https:\/\/factory.sale\/?post_type=product&#038;p=22939"},"modified":"2024-06-25T21:13:21","modified_gmt":"2024-06-25T21:13:21","slug":"puidust-amber","status":"publish","type":"product","link":"https:\/\/factory.sale\/et\/toode\/puidust-amber\/","title":{"rendered":"Puidust \u00e4mber"},"content":{"rendered":"<p>V\u00e4ga kvaliteetne puidust \u00e4mber saunas kasutamiseks.<\/p>\n<p>Plastikust sisemine osa pikendab toote eluiga ja teeb puhastamise lihtsaks.<\/p>\n<p>Kood: BP01<\/p>\n","protected":false},"excerpt":{"rendered":"<p>V\u00e4ga kvaliteetne puidust \u00e4mber saunas kasutamiseks.<\/p>\n<p>Plastikust sisemine osa pikendab toote eluiga ja teeb puhastamise lihtsaks.<\/p>\n","protected":false},"featured_media":22937,"comment_status":"open","ping_status":"closed","template":"","meta":{"_acf_changed":false},"factory":[],"free-shipment":[],"product_brand":[],"product_cat":[1028],"product_tag":[],"class_list":{"0":"post-22939","1":"product","2":"type-product","3":"status-publish","4":"has-post-thumbnail","6":"product_cat-saunatarvikud","8":"first","9":"instock","10":"sale","11":"taxable","12":"shipping-taxable","13":"purchasable","14":"product-type-simple"},"acf":[],"_links":{"self":[{"href":"https:\/\/factory.sale\/et\/wp-json\/wp\/v2\/product\/22939","targetHints":{"allow":["GET"]}}],"collection":[{"href":"https:\/\/factory.sale\/et\/wp-json\/wp\/v2\/product"}],"about":[{"href":"https:\/\/factory.sale\/et\/wp-json\/wp\/v2\/types\/product"}],"replies":[{"embeddable":true,"href":"https:\/\/factory.sale\/et\/wp-json\/wp\/v2\/comments?post=22939"}],"wp:featuredmedia":[{"embeddable":true,"href":"https:\/\/factory.sale\/et\/wp-json\/wp\/v2\/media\/22937"}],"wp:attachment":[{"href":"https:\/\/factory.sale\/et\/wp-json\/wp\/v2\/media?parent=22939"}],"wp:term":[{"taxonomy":"factory","embeddable":true,"href":"https:\/\/factory.sale\/et\/wp-json\/wp\/v2\/factory?post=22939"},{"taxonomy":"free-shipment","embeddable":true,"href":"https:\/\/factory.sale\/et\/wp-json\/wp\/v2\/free-shipment?post=22939"},{"taxonomy":"product_brand","embeddable":true,"href":"https:\/\/factory.sale\/et\/wp-json\/wp\/v2\/product_brand?post=22939"},{"taxonomy":"product_cat","embeddable":true,"href":"https:\/\/factory.sale\/et\/wp-json\/wp\/v2\/product_cat?post=22939"},{"taxonomy":"product_tag","embeddable":true,"href":"https:\/\/factory.sale\/et\/wp-json\/wp\/v2\/product_tag?post=22939"}],"curies":[{"name":"wp","href":"https:\/\/api.w.org\/{rel}","templated":true}]}}