{"id":22923,"date":"2023-02-13T12:30:21","date_gmt":"2023-02-13T12:47:36","guid":{"rendered":"https:\/\/factory.sale\/?post_type=product&#038;p=22923"},"modified":"2024-06-25T22:35:48","modified_gmt":"2024-06-25T22:35:48","slug":"amber-kulp-komplekt-valge","status":"publish","type":"product","link":"https:\/\/factory.sale\/et\/toode\/amber-kulp-komplekt-valge\/","title":{"rendered":"\u00c4mber + kulp komplekt (valge)"},"content":{"rendered":"<p>\u00c4mber ja kulp on lahutamatud ning seet\u00f5ttu on need ka \u00fches komplektis.<\/p>\n<p>&nbsp;<\/p>\n<p><strong>Toote spetsifikatsioonid:<\/strong><\/p>\n<ul>\n<li>\u00c4mbri k\u00f5rgus &#8211; 20 cm;<\/li>\n<li>\u00c4mbri l\u00e4bim\u00f5\u00f5t &#8211; 24 cm;<\/li>\n<li>\u00c4mbri kaal &#8211; 652 g;<\/li>\n<li>\u00c4mbri maht &#8211; 5,0 l;<\/li>\n<li>Kulbi \u00fcldpikkus &#8211; 41 cm;<\/li>\n<li>Kulbi kaal &#8211; 183 g;<\/li>\n<li>Kulbi maht &#8211; 0,3 l;<\/li>\n<li>Pakendi m\u00f5\u00f5dud &#8211; 21 x 25 x 25 cm.<\/li>\n<li>Kood: BLDW01<\/li>\n<\/ul>\n","protected":false},"excerpt":{"rendered":"<p>\u00c4mber ja kulp on lahutamatud ning seet\u00f5ttu on need \u00fches komplektis.<\/p>\n","protected":false},"featured_media":22918,"comment_status":"open","ping_status":"closed","template":"","meta":{"_acf_changed":false},"factory":[],"free-shipment":[],"product_brand":[],"product_cat":[1028],"product_tag":[811],"class_list":{"0":"post-22923","1":"product","2":"type-product","3":"status-publish","4":"has-post-thumbnail","6":"product_cat-saunatarvikud","7":"product_tag-sauna-et","9":"first","10":"instock","11":"sale","12":"taxable","13":"shipping-taxable","14":"purchasable","15":"product-type-simple"},"acf":[],"_links":{"self":[{"href":"https:\/\/factory.sale\/et\/wp-json\/wp\/v2\/product\/22923","targetHints":{"allow":["GET"]}}],"collection":[{"href":"https:\/\/factory.sale\/et\/wp-json\/wp\/v2\/product"}],"about":[{"href":"https:\/\/factory.sale\/et\/wp-json\/wp\/v2\/types\/product"}],"replies":[{"embeddable":true,"href":"https:\/\/factory.sale\/et\/wp-json\/wp\/v2\/comments?post=22923"}],"wp:featuredmedia":[{"embeddable":true,"href":"https:\/\/factory.sale\/et\/wp-json\/wp\/v2\/media\/22918"}],"wp:attachment":[{"href":"https:\/\/factory.sale\/et\/wp-json\/wp\/v2\/media?parent=22923"}],"wp:term":[{"taxonomy":"factory","embeddable":true,"href":"https:\/\/factory.sale\/et\/wp-json\/wp\/v2\/factory?post=22923"},{"taxonomy":"free-shipment","embeddable":true,"href":"https:\/\/factory.sale\/et\/wp-json\/wp\/v2\/free-shipment?post=22923"},{"taxonomy":"product_brand","embeddable":true,"href":"https:\/\/factory.sale\/et\/wp-json\/wp\/v2\/product_brand?post=22923"},{"taxonomy":"product_cat","embeddable":true,"href":"https:\/\/factory.sale\/et\/wp-json\/wp\/v2\/product_cat?post=22923"},{"taxonomy":"product_tag","embeddable":true,"href":"https:\/\/factory.sale\/et\/wp-json\/wp\/v2\/product_tag?post=22923"}],"curies":[{"name":"wp","href":"https:\/\/api.w.org\/{rel}","templated":true}]}}