{"id":22831,"date":"2023-02-10T07:50:30","date_gmt":"2023-02-10T09:54:04","guid":{"rendered":"https:\/\/factory.sale\/?post_type=product&#038;p=22831"},"modified":"2024-06-25T11:24:36","modified_gmt":"2024-06-25T11:24:36","slug":"valisaun-3x3-m-koos-riietusruumiga","status":"publish","type":"product","link":"https:\/\/factory.sale\/et\/toode\/valisaun-3x3-m-koos-riietusruumiga\/","title":{"rendered":"V\u00e4lisaun 3&#215;3 m koos riietusruumiga"},"content":{"rendered":"<p><strong>Raamid<\/strong>.<\/p>\n<p>Raamid on valmistatud liimpuitpalkidest.\u00a0Karkass koosneb alumisest raamist (100 x 160 mm), sammast (140 x 140 mm), \u00fclemisest karkassist (140 x 200 mm) ja talub 183 kg\/m2 katusekoormust.<\/p>\n<p><strong>Seinad<\/strong>.<\/p>\n<p>1000 x 2200 mm seinad on valmistatud kuusepuidust. Hele kuusk sobib ideaalselt sauna ehitusprojektide jaoks.<\/p>\n<p><strong>Standardne t\u00e4ispaneelsein.<\/strong><\/p>\n<p>Seinakarkass 45 x 45 mm, paneel kaetud seest 96 x 12 mm ja v\u00e4ljast 145 x 18 mm horisontaalsete kuuse voodrilaudadega.<\/p>\n<p><strong>Soojustatud t\u00e4ispaneelsein.<\/strong><\/p>\n<p>Seinaraam 45 x 45 mm, paneel kaetud seest 96 x 12 mm ja v\u00e4ljast 145 x 18 mm horisontaalsete kuusepuidust voodrilaudadega.<\/p>\n<p><strong>Isoleeritud t\u00e4ispaneelsein ristk\u00fclikukujulise aknaga.<\/strong><\/p>\n<p>Seinaraam 45 x 45 mm, paneel kaetud seest 96 x 12 mm ja v\u00e4ljast 145 x 18 mm horisontaalsete kuusepuidust voodrilaudadega. Akna suurus: 180 x 1200 mm.<\/p>\n<p><strong>Katus.<\/strong><\/p>\n<p>Katusepaneelid on ehitatud kahekordse sarikate konstruktsiooniga ja kaetud 18 x 145 mm viimistluslaudisega. See konstruktsioon peab vastu 183 kg\/m2. K\u00f5ik hoone katused on 2853 mm k\u00f5rged ja kaldega 1,310 (2,29%). Katusekatteks on MIDA SELF KSK, mille isekleepuv elastomeerne bituumenmembraan katab kogu pinna. Rullkatuse paigaldamine on kiire, lihtne ja turvaline viis kogu sauna katmiseks. K\u00f5ik, mida pead tegema, on lahti rullida, naeltega kinnitada, eemaldada kaitsekile ja vajutada.<\/p>\n<p><strong>Sauna ruumi maht on 17 m3.<\/strong><\/p>\n<p>&nbsp;<\/p>\n<p><strong>Toote spetsifikatsioonid:<\/strong><\/p>\n<ul>\n<li>Inimesed: \u00a06 inimest<\/li>\n<li>Puit: Kuusk<\/li>\n<li>Kuju: ristk\u00fclik<\/li>\n<li>Tube: 4<\/li>\n<li>Sisepind: 9,0m2<\/li>\n<li>Saunapind: 4,0m2<\/li>\n<li>Koguk\u00f5rgus: 2849 mm<\/li>\n<li>P\u00f5randa paksus: 28mm<\/li>\n<li>V\u00e4lisvooder: 18mm<\/li>\n<li>Sisekate: 12mm<\/li>\n<li>Seina paksus: 75mm<\/li>\n<li>Soojustus: 50 mm kivivill<\/li>\n<li>V\u00e4lism\u00f5\u00f5t: 3286 x 3286mm<\/li>\n<li>Ukse m\u00f5\u00f5t: 990 x 2195mm<\/li>\n<li>Siseuks toonitud klaasid: 620 x 1800 mm<\/li>\n<li>Akna suurus: 180 x 1200 mm<\/li>\n<li>Kood: GSC3X3<\/li>\n<\/ul>\n<p>&nbsp;<\/p>\n<p><strong>Standardkomplekt:<\/strong><\/p>\n<ul>\n<li>1 tk sauna raam kuusest 3 x 3 m;<\/li>\n<li>Katusepaneelid isekleepuva bituumenmembraaniga;<\/li>\n<li>6 standardset t\u00e4ispaneelseina;<\/li>\n<li>7 soojustatud t\u00e4ispaneelseina;<\/li>\n<li>1 soojustatud sein, millesse on paigaldatud karastatud klaasist uks saunale;<\/li>\n<li>1 soojustatud t\u00e4ispaneelsein ristk\u00fclikukujulise aknaga;<\/li>\n<li>Isoleeritud k\u00f5ik katusepaneelid;<\/li>\n<li>2 lehtpuust saunalauda;<\/li>\n<li>Sees 4 ruumi: saunaruum (2 x 2 m); fuajee (1 x 2 m); riidekapp (1 x 1 m); du\u0161iruum (1 x 2 m);<\/li>\n<li>Kuumakindlad plaadid kerise\/pliidi jaoks;<\/li>\n<li>1 Sauna sisemine klaasuks;<\/li>\n<li>1 \u00fchik garderoobitoa uks;<\/li>\n<li>1 \u00fchiku du\u0161iruumi uks;<\/li>\n<li>1 tk karastatud klaasiga akendega puituks (819 X 2032 mm).<\/li>\n<\/ul>\n<p><strong>Kokkupanemise aeg:<\/strong> 10 tundi<br \/>\n<strong>Kaubaaluste suurus:<\/strong> (PxLxK) 3,4 x 1,2 x 2,6 m<\/p>\n<p>&nbsp;<\/p>\n<p><b>Meie tootevalikust leiate ka oma saunale sobiva<\/b><a href=\"https:\/\/factory.sale\/et\/product-category\/sanitaartehnika\/saunakerised\/\" target=\"_blank\" rel=\"noopener\"><b> kerise<\/b><\/a><b>:<\/b><\/p>\n<ul>\n<li style=\"font-weight: 400;\" aria-level=\"1\"><a href=\"https:\/\/factory.sale\/et\/toode\/elektiriline-poranda-keris-harvia-club-k135g\/\" target=\"_blank\" rel=\"noopener\"><span style=\"font-weight: 400;\">ELEKTRILINE P\u00d5RANDA KERIS HARVIA CLUB K13,5G<\/span><\/a><\/li>\n<li style=\"font-weight: 400;\" aria-level=\"1\"><a href=\"https:\/\/factory.sale\/et\/toode\/elektriline-keris-harvia-club-k15g\/\" target=\"_blank\" rel=\"noopener\"><span style=\"font-weight: 400;\">ELEKTRILINE KERIS HARVIA CLUB K15G<\/span><\/a><\/li>\n<li style=\"font-weight: 400;\" aria-level=\"1\"><a href=\"https:\/\/factory.sale\/et\/toode\/elektriline-keris-harvia-legend-po11-11-kw\/\" target=\"_blank\" rel=\"noopener\"><span style=\"font-weight: 400;\">ELEKTRILINE KERIS HARVIA LEGEND PO11 11 KW<\/span><\/a><\/li>\n<\/ul>\n<p><span style=\"font-weight: 400;\">\u00a0<\/span><\/p>\n<p>&nbsp;<\/p>\n<h2>Vundament<\/h2>\n<p><span style=\"font-weight: 400;\"><img loading=\"lazy\" decoding=\"async\" class=\"alignnone wp-image-22814\" src=\"https:\/\/factory.sale\/wp-content\/uploads\/2023\/02\/Screenshot-2023-02-10-at-09.48.20-300x168.png\" alt=\"\" width=\"439\" height=\"246\" srcset=\"https:\/\/factory.sale\/wp-content\/uploads\/2023\/02\/Screenshot-2023-02-10-at-09.48.20-300x168.png 300w, https:\/\/factory.sale\/wp-content\/uploads\/2023\/02\/Screenshot-2023-02-10-at-09.48.20-150x84.png 150w, https:\/\/factory.sale\/wp-content\/uploads\/2023\/02\/Screenshot-2023-02-10-at-09.48.20-600x336.png 600w, https:\/\/factory.sale\/wp-content\/uploads\/2023\/02\/Screenshot-2023-02-10-at-09.48.20.png 874w\" sizes=\"auto, (max-width: 439px) 100vw, 439px\" \/><\/span><\/p>\n<p><span style=\"font-weight: 400;\">V\u00e4g<\/span><span style=\"font-weight: 400;\">a oluline on v\u00e4lissauna jaoks korralik vundament. Seet\u00f5ttu soovitame j\u00e4rgida meie visandeid ja konsulteerida kvalifitseeritud kohaliku ehitaja v\u00f5i inseneriga. On \u00fclimalt t\u00e4htis, et teie sauna alus sobiks asukohaga.<\/span><\/p>\n<p><span style=\"font-weight: 400;\">Vale vundamendi t\u00f5ttu v\u00f5ib konstruktsioon praguneda. Kui toode asetseb eba\u00fchtlaselt, v\u00f5ib hoone geomeetriline kuju muutuda, mille tulemuseks v\u00f5ivad olla uste\/akende nihkumine. Halvima stsenaariumi korral v\u00f5ib toode isegi kokku kukkuda.<\/span><\/p>\n<ul>\n<li style=\"font-weight: 400;\" aria-level=\"1\"><span style=\"font-weight: 400;\">Enne vundamendi ehitamist v\u00f5tke kindlasti arvesse maastikku ja pinnasetingimusi, millel saun seisab.<\/span><\/li>\n<li style=\"font-weight: 400;\" aria-level=\"1\"><span style=\"font-weight: 400;\">Toote all olev alus peab olema spetsiaalselt sauna jaoks ette valmistatud.<\/span><\/li>\n<li style=\"font-weight: 400;\" aria-level=\"1\"><span style=\"font-weight: 400;\">Vundament peab olema homogeenne, tihe ja tasane.<\/span><\/li>\n<li style=\"font-weight: 400;\" aria-level=\"1\"><span style=\"font-weight: 400;\">J\u00e4lgi, et aluse omadused aja jooksul ei muutuks. Enne paigaldamist soovitame aluspinna betoonist valmistada ja veekindlaks teha.<\/span><\/li>\n<\/ul>\n<p><b>Kui te ei j\u00e4rgi vundamendi ehitamise soovitusi, kaotab toode oma garantii!<\/b><\/p>\n<p><span style=\"font-weight: 400;\">\u00a0<\/span><\/p>\n<h2><b>OMA SAUNA KASUTAMINE JA SAUNA KASUTAMISEKS ETTEVALMISTAMINE.<\/b><\/h2>\n<ul>\n<li style=\"font-weight: 400;\" aria-level=\"1\"><span style=\"font-weight: 400;\">Kui teil on puuk\u00fcttega keris, eemaldage enne k\u00fctmist kindlasti kerise korstna kaitsekile.<\/span><\/li>\n<li style=\"font-weight: 400;\" aria-level=\"1\"><span style=\"font-weight: 400;\">Kontrollige sauna enne k\u00fctmist. Kerise peale ega l\u00e4hedusse ei tohi j\u00e4tta s\u00fcttivaid esemeid.<\/span><\/li>\n<li style=\"font-weight: 400;\" aria-level=\"1\"><span style=\"font-weight: 400;\">Kontrollige, kas veepaagis on vett (kui te seda kasutate).<\/span><\/li>\n<li style=\"font-weight: 400;\" aria-level=\"1\"><span style=\"font-weight: 400;\">Enne kasutamist veenduge, et saunauks on lukustamata ja kergesti avatav. Vajadusel peab klient saunaust reguleerima.<\/span><\/li>\n<li style=\"font-weight: 400;\" aria-level=\"1\"><span style=\"font-weight: 400;\">\u00c4rge paigaldage k\u00fctteseadme kohale t\u00e4iendavaid tarvikuid ega riiuleid.<\/span><\/li>\n<li style=\"font-weight: 400;\" aria-level=\"1\"><span style=\"font-weight: 400;\">L\u00fclitage saunakeris sisse.<\/span><\/li>\n<li style=\"font-weight: 400;\" aria-level=\"1\"><span style=\"font-weight: 400;\">Termomeeter peaks asuma saunas pea k\u00f5rgusel. See peaks asuma k\u00fctteseadmest kaugemal, et see ei annaks valen\u00e4itu.<\/span><\/li>\n<li style=\"font-weight: 400;\" aria-level=\"1\"><span style=\"font-weight: 400;\">Oodake, kuni saun saavutab vajaliku temperatuuri (tavaliselt 80-90\u00baC).<\/span><\/li>\n<li style=\"font-weight: 400;\" aria-level=\"1\"><span style=\"font-weight: 400;\">K\u00f5ik kasutajad peaksid enne saunas osalemist olema teadlikud v\u00f5imalikest ohtudest ja n\u00f5uetest!<\/span><\/li>\n<\/ul>\n<h2><b>ASJAD, MIDA SAUNA KASUTMISEL M\u00c4RGATA<\/b><\/h2>\n<p><span style=\"font-weight: 400;\">Nautige oma sauna l\u00f5\u00f5gastava kuumuse paljusid tervisega seotud eeliseid. Kuid pidage meeles: pikaajaline kuumas saunas viibimine t\u00f5stab teie kehatemperatuuri, mis v\u00f5ib olla ohtlik, eriti s\u00fcdameprobleemidega v\u00f5i muude terviseriskidega inimestele. \u00dcldiselt on soovitatav saunas viibimise aeg 10\u201315 minutit. P\u00e4rast kuumutamisperioodi tehke 5-minutiline paus ja seej\u00e4rel korrake.<\/span><\/p>\n<p><span style=\"font-weight: 400;\">Samuti:<\/span><\/p>\n<ul>\n<li style=\"font-weight: 400;\" aria-level=\"1\"><span style=\"font-weight: 400;\">Tutvuge ohutusjuhistega ja hoidke k\u00fcttekehast eemal, kui see on kuum.<\/span><\/li>\n<li style=\"font-weight: 400;\" aria-level=\"1\"><span style=\"font-weight: 400;\">Ole Saunas liikudes v\u00e4ga ettevaatlik, sest pingid ja p\u00f5randad v\u00f5ivad olla libedad!<\/span><\/li>\n<li style=\"font-weight: 400;\" aria-level=\"1\"><span style=\"font-weight: 400;\">Sauna ei tohiks kasutada rasedad naised ega v\u00e4ga v\u00e4ikesed lapsed.<\/span><\/li>\n<li style=\"font-weight: 400;\" aria-level=\"1\"><span style=\"font-weight: 400;\">Enne kuuma sauna sisenemist eemaldage k\u00f5ik ehted.<\/span><\/li>\n<\/ul>\n<p><span style=\"font-weight: 400;\">\u00a0<\/span><\/p>\n<h2><b>HOOLDUS<\/b><\/h2>\n<p><span style=\"font-weight: 400;\">Puit on looduslik materjal ja v\u00f5ib aja jooksul muutuda. Erineva suurusega praod, struktuuri- v\u00f5i v\u00e4rvimuutused\u00a0 ei ole defektid \u2013 pigem on need puidu erip\u00e4rad. Looduslik puit (immutamata) muutub p\u00e4rast m\u00f5nda aega puutumata j\u00e4tmist halliks. Hiljem v\u00f5ib see p\u00f6\u00f6rata siniseks ja kattuda hallitusega.<\/span><\/p>\n<ul>\n<li style=\"font-weight: 400;\" aria-level=\"1\"><span style=\"font-weight: 400;\">Immutage ja v\u00e4rvige puit, et kaitsta toodet v\u00e4ljastpoolt. Soovitame sauna \u00fcle vaadata iga 6 kuu tagant ja hinnata kordusimmutamise, \u00fclev\u00e4rvimise vajadust.<\/span><\/li>\n<li style=\"font-weight: 400;\" aria-level=\"1\"><span style=\"font-weight: 400;\">Kui te seda ei kasuta, hoidke suvel saunas \u00e4mbrit\u00e4is vett.<\/span><\/li>\n<li style=\"font-weight: 400;\" aria-level=\"1\"><span style=\"font-weight: 400;\">Sauna uksi tuleb regulaarselt reguleerida.<\/span><\/li>\n<li style=\"font-weight: 400;\" aria-level=\"1\"><span style=\"font-weight: 400;\">Sauna ventilatsioon tuleks hoida kogu aeg lahti, et see saaks kuivada ja \u00f5hutada, et v\u00e4ltida hallitust.<\/span><\/li>\n<li style=\"font-weight: 400;\" aria-level=\"1\"><span style=\"font-weight: 400;\">Pingiplekkide eemaldamiseks kasutage seebiga vett ja pehmet puuvillast lappi. Seda saab kasutada ka k\u00fctteseadmel endal \u2013 puhastamisel veenduge, et see oleks v\u00e4lja l\u00fclitatud ja t\u00e4iesti jahtunud.<\/span><\/li>\n<li style=\"font-weight: 400;\" aria-level=\"1\"><span style=\"font-weight: 400;\">\u00c4rge kasutage pinkidel tugevaid\u00a0 kemikaale, kuna need v\u00f5ivad puitu pleegitada ja v\u00e4\u00e4nata, rikkudes selle tera ja muuta selle halliks.<\/span><\/li>\n<\/ul>\n<p><span style=\"font-weight: 400;\">\u00a0<\/span><\/p>\n<p><i><span style=\"font-weight: 400;\">Nende lihtsate n\u00f5uannete abil j\u00e4\u00e4b teie saun ilusaks, v\u00e4rskeks ja nauditavaks!<\/span><\/i><\/p>\n<p>&nbsp;<\/p>\n","protected":false},"excerpt":{"rendered":"<p>Puidust v\u00e4lisaun 3&#215;3 m koos riietusruumiga kuni 6 inimese jaoks.<\/p>\n","protected":false},"featured_media":22829,"comment_status":"open","ping_status":"closed","template":"","meta":{"_acf_changed":false},"factory":[],"free-shipment":[],"product_brand":[],"product_cat":[826,2257],"product_tag":[2179,811,831],"class_list":{"0":"post-22831","1":"product","2":"type-product","3":"status-publish","4":"has-post-thumbnail","6":"product_cat-saunas-et","7":"product_cat-valisaun","8":"product_tag-electric-heater-et","9":"product_tag-sauna-et","10":"product_tag-sauna-house-et","12":"first","13":"instock","14":"sale","15":"taxable","16":"shipping-taxable","17":"purchasable","18":"product-type-simple"},"acf":[],"_links":{"self":[{"href":"https:\/\/factory.sale\/et\/wp-json\/wp\/v2\/product\/22831","targetHints":{"allow":["GET"]}}],"collection":[{"href":"https:\/\/factory.sale\/et\/wp-json\/wp\/v2\/product"}],"about":[{"href":"https:\/\/factory.sale\/et\/wp-json\/wp\/v2\/types\/product"}],"replies":[{"embeddable":true,"href":"https:\/\/factory.sale\/et\/wp-json\/wp\/v2\/comments?post=22831"}],"wp:featuredmedia":[{"embeddable":true,"href":"https:\/\/factory.sale\/et\/wp-json\/wp\/v2\/media\/22829"}],"wp:attachment":[{"href":"https:\/\/factory.sale\/et\/wp-json\/wp\/v2\/media?parent=22831"}],"wp:term":[{"taxonomy":"factory","embeddable":true,"href":"https:\/\/factory.sale\/et\/wp-json\/wp\/v2\/factory?post=22831"},{"taxonomy":"free-shipment","embeddable":true,"href":"https:\/\/factory.sale\/et\/wp-json\/wp\/v2\/free-shipment?post=22831"},{"taxonomy":"product_brand","embeddable":true,"href":"https:\/\/factory.sale\/et\/wp-json\/wp\/v2\/product_brand?post=22831"},{"taxonomy":"product_cat","embeddable":true,"href":"https:\/\/factory.sale\/et\/wp-json\/wp\/v2\/product_cat?post=22831"},{"taxonomy":"product_tag","embeddable":true,"href":"https:\/\/factory.sale\/et\/wp-json\/wp\/v2\/product_tag?post=22831"}],"curies":[{"name":"wp","href":"https:\/\/api.w.org\/{rel}","templated":true}]}}