{"id":22809,"date":"2023-02-10T07:02:35","date_gmt":"2023-02-10T07:26:49","guid":{"rendered":"https:\/\/factory.sale\/?post_type=product&#038;p=22809"},"modified":"2024-06-25T19:47:29","modified_gmt":"2024-06-25T19:47:29","slug":"valisaun-2x4-m-riietusruumiga","status":"publish","type":"product","link":"https:\/\/factory.sale\/et\/toode\/valisaun-2x4-m-riietusruumiga\/","title":{"rendered":"V\u00e4lisaun 2&#215;4 m riietusruumiga"},"content":{"rendered":"<p><strong>Raamid<\/strong>.<\/p>\n<p>Raamid on valmistatud liimpuitpalkidest. Raam koosneb alumisest raamist (100 x 160 mm), sammastest (140 x 140 mm) ja \u00fclemisest raamist (140 x 200 mm) ning talub 295 kg\/m2 katusekoormust.<\/p>\n<p><strong>Seinad<\/strong><\/p>\n<p>1000 x 2200 mm seinad on valmistatud kuusepuidust. Hele kuusk sobib ideaalselt sauna ehitusprojektide jaoks.<\/p>\n<p><strong>Soojustatud t\u00e4ispaneelsein<\/strong><\/p>\n<p>Seinaraam 45 x 45 mm, paneel kaetud 96 x 12 mm seest ja v\u00e4ljast 145 x 18 mm horisontaalsete kuuse voodrilaudadega.<\/p>\n<p><strong>Dekoratiivne p\u00e4ikesekaitsesein<\/strong><\/p>\n<p>Seinaraam 75 x 45 mm, horisontaalne p\u00e4ikesekaitsesein koosneb 18 x 95 mm laudadest.<\/p>\n<p><strong>Puidust karastatud klaasist sein<\/strong><\/p>\n<p>Seinaraam 75 x 45 mm t\u00e4iskarastatud klaasiga aknaga.<\/p>\n<p><strong>Katus.<\/strong><\/p>\n<p>Katusepaneelid on ehitatud kahekordse sarikate konstruktsiooniga ja kaetud 18 x 145 mm viimistluslaudisega. See konstruktsioon peab vastu 442 kg\/m2. \u00a0Katus on 2853 mm k\u00f5rge ja kaldega 1,310 (2,29%). Katusekatteks on MIDA SELF KSK, mille isekleepuv elastomeerne bituumenmembraan katab kogu pinna. Rullkatuse paigaldamine on kiire, lihtne ja turvaline viis kogu sauna katmiseks. K\u00f5ik, mida pead tegema: lahti rullida, naeltega kinnitada, eemaldada kaitsekile ja vajutada.<\/p>\n<p><strong>Sauna sees:<\/strong> Saunapingid on valmistatud lehtpuust. Sisemine klaasuks on karastatud pruunist toonitud klaasist. Uste suurus on 698 x 1855 mm ja karastatud klaasi paksus on 8 mm. Sauna v\u00e4lisuks on 819 x 2032 mm (kuusest) suurte karastatud klaasakende ja lukuga.<\/p>\n<p><strong>Saunaruumi maht on 24 m3.<\/strong><\/p>\n<p>&nbsp;<\/p>\n<p><strong>Tooteteave:<\/strong><\/p>\n<ul>\n<li>Inimesed: 2-5 inimest<\/li>\n<li>Puit: \u00a0Kuusk<\/li>\n<li>Kuju : ristk\u00fclik<\/li>\n<li>Tube: 2<\/li>\n<li>Sisepind: 8,0 m2<\/li>\n<li>Sauna pindala: 6,0 m2<\/li>\n<li>Koguk\u00f5rgus: \u00a02853 mm<\/li>\n<li>Seina k\u00f5rgus: 2200 mm<\/li>\n<li>P\u00f5randa paksus: 28 mm<\/li>\n<li>V\u00e4lisvooder: 18 mm<\/li>\n<li>Sisekate: 12 mm<\/li>\n<li>Seina paksus: 75 mm<\/li>\n<li>V\u00e4lism\u00f5\u00f5t: 2286 x 4286 mm<\/li>\n<li>Ukse m\u00f5\u00f5t: 817 x 2035 mm<\/li>\n<li>Siseuks toonitud klaasid: 620 x 1800 mm<\/li>\n<li>Akna suurus: 1000 x 2200 mm<\/li>\n<li>Kood:\u00a0GSCH2X4<\/li>\n<\/ul>\n<p>&nbsp;<\/p>\n<p><strong>Standardne komplekt:<\/strong><\/p>\n<ul>\n<li>V\u00e4lisauna karkass kuusest;<\/li>\n<li>Isoleeritud katusepaneelid;<\/li>\n<li>Isekleepuv bituumenmembraan katusekatteks;<\/li>\n<li>5 soojustatud t\u00e4ispaneelseina;<\/li>\n<li>1 isoleeritud t\u00e4ispaneelsein (sisemiseks);<\/li>\n<li>2 standardset t\u00e4ispaneelseina (sisemiseks);<\/li>\n<li>3 puidust karastatud klaasist seina;<\/li>\n<li>1 soojustatud vahesein klaasist saunaustega;<\/li>\n<li>1 dekoratiivne p\u00e4ikesekaitsesein karastatud klaasiga;<\/li>\n<li>Puidust uks karastatud klaasiga akendega;<\/li>\n<li>Keele ja soonte p\u00f5rand;<\/li>\n<li>Sauna pingid lehtpuust;<\/li>\n<li>Kuumakindlad plaadid kerise\/pliidi jaoks;<\/li>\n<li>Sees kaks ruumi: saunaruum ja riietusruum;<\/li>\n<li>Montaa\u017eijuhend, joonised ja toote hooldussoovitused.<\/li>\n<\/ul>\n<p><strong>Transporditeave:<\/strong><\/p>\n<ul>\n<li><strong>Kaubaaluste suurus<\/strong> (PxLxK:) 4,4 x 1,2 x 2,6 m<\/li>\n<li><strong>Kaal:<\/strong> 1700 kg<\/li>\n<\/ul>\n<p>&nbsp;<\/p>\n<p><b>Meie tootevalikust leiate ka oma saunale sobiva<\/b><a href=\"https:\/\/factory.sale\/et\/product-category\/sanitaartehnika\/saunakerised\/\" target=\"_blank\" rel=\"noopener\"><b> kerise<\/b><\/a><b>:<\/b><\/p>\n<ul>\n<li style=\"font-weight: 400;\" aria-level=\"1\"><a href=\"https:\/\/factory.sale\/et\/toode\/elektiriline-poranda-keris-harvia-club-k135g\/\" target=\"_blank\" rel=\"noopener\"><span style=\"font-weight: 400;\">ELEKTRILINE P\u00d5RANDA KERIS HARVIA CLUB K13,5G<\/span><\/a><\/li>\n<li style=\"font-weight: 400;\" aria-level=\"1\"><a href=\"https:\/\/factory.sale\/et\/toode\/elektriline-keris-harvia-club-k15g\/\" target=\"_blank\" rel=\"noopener\"><span style=\"font-weight: 400;\">ELEKTRILINE KERIS HARVIA CLUB K15G<\/span><\/a><\/li>\n<li style=\"font-weight: 400;\" aria-level=\"1\"><a href=\"https:\/\/factory.sale\/et\/toode\/elektriline-keris-harvia-legend-po11-11-kw\/\" target=\"_blank\" rel=\"noopener\"><span style=\"font-weight: 400;\">ELEKTRILINE KERIS HARVIA LEGEND PO11 11 KW<\/span><\/a><\/li>\n<\/ul>\n<p>&nbsp;<\/p>\n<p>&nbsp;<\/p>\n<h2>Vundament<\/h2>\n<p><img loading=\"lazy\" decoding=\"async\" class=\"alignnone wp-image-22783\" src=\"https:\/\/factory.sale\/wp-content\/uploads\/2023\/02\/Screenshot-2023-02-09-at-18.50.29-300x172.png\" alt=\"\" width=\"420\" height=\"241\" srcset=\"https:\/\/factory.sale\/wp-content\/uploads\/2023\/02\/Screenshot-2023-02-09-at-18.50.29-300x172.png 300w, https:\/\/factory.sale\/wp-content\/uploads\/2023\/02\/Screenshot-2023-02-09-at-18.50.29-150x86.png 150w, https:\/\/factory.sale\/wp-content\/uploads\/2023\/02\/Screenshot-2023-02-09-at-18.50.29-600x343.png 600w, https:\/\/factory.sale\/wp-content\/uploads\/2023\/02\/Screenshot-2023-02-09-at-18.50.29.png 850w\" sizes=\"auto, (max-width: 420px) 100vw, 420px\" \/>&#8216;<\/p>\n<p><span style=\"font-weight: 400;\">V\u00e4ga oluline on v\u00e4lissauna jaoks korralik vundament. Seet\u00f5ttu soovitame j\u00e4rgida meie visandeid ja konsulteerida kvalifitseeritud kohaliku ehitaja v\u00f5i inseneriga. On \u00fclimalt t\u00e4htis, et teie sauna alus sobiks asukohaga.<\/span><\/p>\n<p><span style=\"font-weight: 400;\">Vale vundamendi t\u00f5ttu v\u00f5ib konstruktsioon praguneda. Kui toode asetseb eba\u00fchtlaselt, v\u00f5ib hoone geomeetriline kuju muutuda, mille tulemuseks v\u00f5ivad olla uste\/akende nihkumine. Halvima stsenaariumi korral v\u00f5ib toode isegi kokku kukkuda.<\/span><\/p>\n<ul>\n<li style=\"font-weight: 400;\" aria-level=\"1\"><span style=\"font-weight: 400;\">Enne vundamendi ehitamist v\u00f5tke kindlasti arvesse maastikku ja pinnasetingimusi, millel saun seisab.<\/span><\/li>\n<li style=\"font-weight: 400;\" aria-level=\"1\"><span style=\"font-weight: 400;\">Toote all olev alus peab olema spetsiaalselt sauna jaoks ette valmistatud.<\/span><\/li>\n<li style=\"font-weight: 400;\" aria-level=\"1\"><span style=\"font-weight: 400;\">Vundament peab olema homogeenne, tihe ja tasane.<\/span><\/li>\n<li style=\"font-weight: 400;\" aria-level=\"1\"><span style=\"font-weight: 400;\">J\u00e4lgi, et aluse omadused aja jooksul ei muutuks. Enne paigaldamist soovitame aluspinna betoonist valmistada ja veekindlaks teha.<\/span><\/li>\n<\/ul>\n<p><b>NB! Kui te ei j\u00e4rgi vundamendi ehitamise soovitusi, kaotab toode oma garantii!<\/b><\/p>\n<p><b>OMA SAUNA KASUTAMINE JA SAUNA KASUTAMISEKS ETTEVALMISTAMINE.<\/b><\/p>\n<ul>\n<li style=\"font-weight: 400;\" aria-level=\"1\"><span style=\"font-weight: 400;\">Kui teil on puuk\u00fcttega keris, eemaldage enne k\u00fctmist kindlasti kerise korstna kaitsekile.<\/span><\/li>\n<li style=\"font-weight: 400;\" aria-level=\"1\"><span style=\"font-weight: 400;\">Kontrollige sauna enne k\u00fctmist. Kerise peale ega l\u00e4hedusse ei tohi j\u00e4tta s\u00fcttivaid esemeid.<\/span><\/li>\n<li style=\"font-weight: 400;\" aria-level=\"1\"><span style=\"font-weight: 400;\">Kontrollige, kas veepaagis on vett (kui te seda kasutate).<\/span><\/li>\n<li style=\"font-weight: 400;\" aria-level=\"1\"><span style=\"font-weight: 400;\">Enne kasutamist veenduge, et saunauks on lukustamata ja kergesti avatav. Vajadusel peab klient saunaust reguleerima.<\/span><\/li>\n<li style=\"font-weight: 400;\" aria-level=\"1\"><span style=\"font-weight: 400;\">\u00c4rge paigaldage k\u00fctteseadme kohale t\u00e4iendavaid tarvikuid ega riiuleid.<\/span><\/li>\n<li style=\"font-weight: 400;\" aria-level=\"1\"><span style=\"font-weight: 400;\">L\u00fclitage saunakeris sisse.<\/span><\/li>\n<li style=\"font-weight: 400;\" aria-level=\"1\"><span style=\"font-weight: 400;\">Termomeeter peaks asuma saunas pea k\u00f5rgusel. See peaks asuma k\u00fctteseadmest kaugemal, et see ei annaks valen\u00e4itu.<\/span><\/li>\n<li style=\"font-weight: 400;\" aria-level=\"1\"><span style=\"font-weight: 400;\">Oodake, kuni saun saavutab vajaliku temperatuuri (tavaliselt 80-90\u00baC).<\/span><\/li>\n<li style=\"font-weight: 400;\" aria-level=\"1\"><span style=\"font-weight: 400;\">K\u00f5ik kasutajad peaksid enne saunas osalemist olema teadlikud v\u00f5imalikest ohtudest ja n\u00f5uetest!<\/span><\/li>\n<\/ul>\n<p><b>ASJAD, MIDA SAUNA KASUTMISEL M\u00c4RGATA<\/b><\/p>\n<p><span style=\"font-weight: 400;\">Nautige oma sauna l\u00f5\u00f5gastava kuumuse paljusid tervisega seotud eeliseid. Kuid pidage meeles: pikaajaline kuumas saunas viibimine t\u00f5stab teie kehatemperatuuri, mis v\u00f5ib olla ohtlik, eriti s\u00fcdameprobleemidega v\u00f5i muude terviseriskidega inimestele. \u00dcldiselt on soovitatav saunas viibimise aeg 10\u201315 minutit. P\u00e4rast kuumutamisperioodi tehke 5-minutiline paus ja seej\u00e4rel korrake.<\/span><\/p>\n<p><span style=\"font-weight: 400;\">Samuti:<\/span><\/p>\n<ul>\n<li style=\"font-weight: 400;\" aria-level=\"1\"><span style=\"font-weight: 400;\">Tutvuge ohutusjuhistega ja hoidke k\u00fcttekehast eemal, kui see on kuum.<\/span><\/li>\n<li style=\"font-weight: 400;\" aria-level=\"1\"><span style=\"font-weight: 400;\">Ole Saunas liikudes v\u00e4ga ettevaatlik, sest pingid ja p\u00f5randad v\u00f5ivad olla libedad!<\/span><\/li>\n<li style=\"font-weight: 400;\" aria-level=\"1\"><span style=\"font-weight: 400;\">Sauna ei tohiks kasutada rasedad naised ega v\u00e4ga v\u00e4ikesed lapsed.<\/span><\/li>\n<li style=\"font-weight: 400;\" aria-level=\"1\"><span style=\"font-weight: 400;\">Enne kuuma sauna sisenemist eemaldage k\u00f5ik ehted.<\/span><\/li>\n<\/ul>\n<p><b>HOOLDUS<\/b><\/p>\n<p><span style=\"font-weight: 400;\">Puit on looduslik materjal ja v\u00f5ib aja jooksul muutuda. Erineva suurusega praod, struktuuri- v\u00f5i v\u00e4rvimuutused\u00a0 ei ole defektid \u2013 pigem on need puidu erip\u00e4rad. Looduslik puit (immutamata) muutub p\u00e4rast m\u00f5nda aega puutumata j\u00e4tmist halliks. Hiljem v\u00f5ib see p\u00f6\u00f6rata siniseks ja kattuda hallitusega.<\/span><\/p>\n<ul>\n<li style=\"font-weight: 400;\" aria-level=\"1\"><span style=\"font-weight: 400;\">Immutage ja v\u00e4rvige puit, et kaitsta toodet v\u00e4ljastpoolt. Soovitame sauna \u00fcle vaadata iga 6 kuu tagant ja hinnata kordusimmutamise, \u00fclev\u00e4rvimise vajadust.<\/span><\/li>\n<li style=\"font-weight: 400;\" aria-level=\"1\"><span style=\"font-weight: 400;\">Kui te seda ei kasuta, hoidke suvel saunas \u00e4mbrit\u00e4is vett.<\/span><\/li>\n<li style=\"font-weight: 400;\" aria-level=\"1\"><span style=\"font-weight: 400;\">Sauna uksi tuleb regulaarselt reguleerida.<\/span><\/li>\n<li style=\"font-weight: 400;\" aria-level=\"1\"><span style=\"font-weight: 400;\">Sauna ventilatsioon tuleks hoida kogu aeg lahti, et see saaks kuivada ja \u00f5hutada, et v\u00e4ltida hallitust.<\/span><\/li>\n<li style=\"font-weight: 400;\" aria-level=\"1\"><span style=\"font-weight: 400;\">Pingiplekkide eemaldamiseks kasutage seebiga vett ja pehmet puuvillast lappi. Seda saab kasutada ka k\u00fctteseadmel endal \u2013 puhastamisel veenduge, et see oleks v\u00e4lja l\u00fclitatud ja t\u00e4iesti jahtunud.<\/span><\/li>\n<li style=\"font-weight: 400;\" aria-level=\"1\"><span style=\"font-weight: 400;\">\u00c4rge kasutage pinkidel tugevaid\u00a0 kemikaale, kuna need v\u00f5ivad puitu pleegitada ja v\u00e4\u00e4nata, rikkudes selle tera ja muuta selle halliks.<\/span><\/li>\n<\/ul>\n<p><span style=\"font-weight: 400;\">\u00a0<\/span><\/p>\n<p><i><span style=\"font-weight: 400;\">Nende lihtsate n\u00f5uannete abil j\u00e4\u00e4b teie saun ilusaks, v\u00e4rskeks ja nauditavaks!<\/span><\/i><\/p>\n<p>&nbsp;<\/p>\n","protected":false},"excerpt":{"rendered":"<p>V\u00e4lisaun 2&#215;4 m koos riietusruumiga 2-5 inimese jaoks.<\/p>\n","protected":false},"featured_media":22790,"comment_status":"open","ping_status":"closed","template":"","meta":{"_acf_changed":false},"factory":[],"free-shipment":[],"product_brand":[],"product_cat":[826,2257],"product_tag":[],"class_list":{"0":"post-22809","1":"product","2":"type-product","3":"status-publish","4":"has-post-thumbnail","6":"product_cat-saunas-et","7":"product_cat-valisaun","9":"first","10":"instock","11":"sale","12":"taxable","13":"shipping-taxable","14":"purchasable","15":"product-type-simple"},"acf":[],"_links":{"self":[{"href":"https:\/\/factory.sale\/et\/wp-json\/wp\/v2\/product\/22809","targetHints":{"allow":["GET"]}}],"collection":[{"href":"https:\/\/factory.sale\/et\/wp-json\/wp\/v2\/product"}],"about":[{"href":"https:\/\/factory.sale\/et\/wp-json\/wp\/v2\/types\/product"}],"replies":[{"embeddable":true,"href":"https:\/\/factory.sale\/et\/wp-json\/wp\/v2\/comments?post=22809"}],"wp:featuredmedia":[{"embeddable":true,"href":"https:\/\/factory.sale\/et\/wp-json\/wp\/v2\/media\/22790"}],"wp:attachment":[{"href":"https:\/\/factory.sale\/et\/wp-json\/wp\/v2\/media?parent=22809"}],"wp:term":[{"taxonomy":"factory","embeddable":true,"href":"https:\/\/factory.sale\/et\/wp-json\/wp\/v2\/factory?post=22809"},{"taxonomy":"free-shipment","embeddable":true,"href":"https:\/\/factory.sale\/et\/wp-json\/wp\/v2\/free-shipment?post=22809"},{"taxonomy":"product_brand","embeddable":true,"href":"https:\/\/factory.sale\/et\/wp-json\/wp\/v2\/product_brand?post=22809"},{"taxonomy":"product_cat","embeddable":true,"href":"https:\/\/factory.sale\/et\/wp-json\/wp\/v2\/product_cat?post=22809"},{"taxonomy":"product_tag","embeddable":true,"href":"https:\/\/factory.sale\/et\/wp-json\/wp\/v2\/product_tag?post=22809"}],"curies":[{"name":"wp","href":"https:\/\/api.w.org\/{rel}","templated":true}]}}