{"id":22763,"date":"2023-02-09T13:11:23","date_gmt":"2023-02-09T13:19:46","guid":{"rendered":"https:\/\/factory.sale\/?post_type=product&#038;p=22763"},"modified":"2024-06-26T07:01:48","modified_gmt":"2024-06-26T07:01:48","slug":"valisaun-2x3-m-riietusruumiga","status":"publish","type":"product","link":"https:\/\/factory.sale\/et\/toode\/valisaun-2x3-m-riietusruumiga\/","title":{"rendered":"V\u00e4lisaun 2&#215;3 m riietusruumiga"},"content":{"rendered":"<p>&nbsp;<\/p>\n<p><strong>Raamid.<\/strong><\/p>\n<p>Raamid on valmistatud liimpuitpalkidest. Raam koosneb alumisest raamist (100 x 160 mm), sammast (140 x 140 mm), \u00fclemisest raamist (140 x 200 mm) ja talub 295\u00a0kg\/m2 katusekoormust.<\/p>\n<p><strong>Seinad.<\/strong><\/p>\n<p>1000 x 2200 mm seinad on valmistatud kuusepuidust. Hele kuusk sobib ideaalselt sauna ehitusprojektide jaoks.<\/p>\n<p><strong>Soojustatud t\u00e4ispaneelsein.<\/strong><\/p>\n<p>Seinaraam 45 x 45 mm, paneel kaetud seest 96 x 12 mm ja v\u00e4ljast 145 x 18 mm horisontaalsete kuusepuidust voodrilaudadega.<\/p>\n<p><strong>Puidust karastatud klaasist sein.<\/strong><\/p>\n<p>Seinaraam 75 x 45 mm t\u00e4iskarastatud klaasiga aknaga.<\/p>\n<p><strong>Katus<\/strong>.<\/p>\n<p>Katusepaneelid on ehitatud kahekordse sarikate konstruktsiooniga ja kaetud 18 x 145 mm viimistluslaudisega. See konstruktsioon peab vastu 295 kg\/m2. K\u00f5ik viikingi kuuphoonete katused on 2853 mm k\u00f5rged ja kaldega 1310 (2,29%). K\u00f5rgeima h\u00fcdroisolatsiooni taseme tagamiseks kasutame h\u00fcdroisolatsiooni SBS-i. Seda toodetakse kahte t\u00fc\u00fcpi: kaetud kvartsliivaga &#8211; katusekatte alumiseks kihiks ja kaetud kiltkiviga, mis tagab t\u00e4iusliku UV-kaitse &#8211; katusekatte \u00fclemise h\u00fcdroisolatsiooni kaitsekihi jaoks kuupkatuste jaoks.<\/p>\n<p><strong>Sauna sees:<\/strong> Sauna pingid on valmistatud lehtpuust; Sauna uks on 819 x 2032 mm (kuusepuust) suurte karastatud klaasidega akende ja lukuga.<\/p>\n<p><strong>Sauna ruumi maht on 24 m3.<\/strong><\/p>\n<p>&nbsp;<\/p>\n<p><strong>Toote spetsifikatsioonid:<\/strong><\/p>\n<ul>\n<li>Inimesed: 2-5 inimest<\/li>\n<li>Puit: kuusk<\/li>\n<li>Kuju: ristk\u00fclik<\/li>\n<li>Tuba: 1<\/li>\n<li>Sisepind: 6,0 m2<\/li>\n<li>Sauna pindala: 6,0 m2<\/li>\n<li>Koguk\u00f5rgus: 2853\u00a0mm<\/li>\n<li>Seina k\u00f5rgus: 2200 mm<\/li>\n<li>Katuse paksus: 180 mm<\/li>\n<li>V\u00e4lisvooder: 18 mm<\/li>\n<li>Sisekate: 12 mm<\/li>\n<li>Seina paksus: 75 mm<\/li>\n<li>Soojustus: 50\u00a0mm kivivill<\/li>\n<li>V\u00e4lism\u00f5\u00f5t: 2286 x 3286\u00a0mm<\/li>\n<li>Ukse suurus: 990 x 2195\u00a0mm<\/li>\n<li>Akna suurus: 1000 x 2200\u00a0mm<\/li>\n<li>Kood: GSCH2X3<\/li>\n<\/ul>\n<p><strong>Standardkomplekt:<\/strong><\/p>\n<ul>\n<li>V\u00e4lisauna karkass kuusest;<\/li>\n<li>Puitp\u00f5rand;<\/li>\n<li>Katusepaneelid isekleepuva bituumenmembraaniga;<\/li>\n<li>2 puidust karastatud klaasist seina;<\/li>\n<li>7 soojustatud t\u00e4ispaneelseina;<\/li>\n<li>1 dekoratiivne p\u00e4ikesekaitsesein karastatud klaasiga;<\/li>\n<li>Isoleeritud katusepaneelid;<\/li>\n<li>Sauna pingid lehtpuust;<\/li>\n<li>Kuumakindlad plaadid kerise\/pliidi jaoks;<\/li>\n<li>Puidust akendega v\u00e4lisuks;<\/li>\n<li>Sees karastatud klaasist uks;<\/li>\n<li>Sees kaks ruumi: saunaruum ja riietusruum.<\/li>\n<\/ul>\n<p>&nbsp;<\/p>\n<p><strong>Pakendi teave:<\/strong><\/p>\n<ul>\n<li>Kaubaaluste suurus (PxLxK): 3,4 x 1,2 x 2,55 m<\/li>\n<li>Kaal: 1680 kg<\/li>\n<\/ul>\n<p>&nbsp;<\/p>\n<p><b>Meie tootevalikust leiate ka oma saunale sobiva<\/b><a href=\"https:\/\/factory.sale\/et\/product-category\/sanitaartehnika\/saunakerised\/\" target=\"_blank\" rel=\"noopener\"><b> kerise<\/b><\/a><b>:<\/b><\/p>\n<ul>\n<li style=\"font-weight: 400;\" aria-level=\"1\"><a href=\"https:\/\/factory.sale\/et\/toode\/elektiriline-poranda-keris-harvia-club-k135g\/\" target=\"_blank\" rel=\"noopener\"><span style=\"font-weight: 400;\">ELEKTRILINE P\u00d5RANDA KERIS HARVIA CLUB K13,5G<\/span><\/a><\/li>\n<li style=\"font-weight: 400;\" aria-level=\"1\"><a href=\"https:\/\/factory.sale\/et\/toode\/elektriline-keris-harvia-club-k15g\/\" target=\"_blank\" rel=\"noopener\"><span style=\"font-weight: 400;\">ELEKTRILINE KERIS HARVIA CLUB K15G<\/span><\/a><\/li>\n<li style=\"font-weight: 400;\" aria-level=\"1\"><a href=\"https:\/\/factory.sale\/et\/toode\/elektriline-keris-harvia-legend-po11-11-kw\/\" target=\"_blank\" rel=\"noopener\"><span style=\"font-weight: 400;\">ELEKTRILINE KERIS HARVIA LEGEND PO11 11 KW<\/span><\/a><\/li>\n<\/ul>\n<p><span style=\"font-weight: 400;\">\u00a0<\/span><\/p>\n<h2>Vundament<\/h2>\n<p><img loading=\"lazy\" decoding=\"async\" class=\"alignnone wp-image-22749\" src=\"https:\/\/factory.sale\/wp-content\/uploads\/2023\/02\/Screenshot-2023-02-09-at-14.58.31-300x166.png\" alt=\"\" width=\"381\" height=\"211\" srcset=\"https:\/\/factory.sale\/wp-content\/uploads\/2023\/02\/Screenshot-2023-02-09-at-14.58.31-300x166.png 300w, https:\/\/factory.sale\/wp-content\/uploads\/2023\/02\/Screenshot-2023-02-09-at-14.58.31-150x83.png 150w, https:\/\/factory.sale\/wp-content\/uploads\/2023\/02\/Screenshot-2023-02-09-at-14.58.31-600x333.png 600w, https:\/\/factory.sale\/wp-content\/uploads\/2023\/02\/Screenshot-2023-02-09-at-14.58.31.png 858w\" sizes=\"auto, (max-width: 381px) 100vw, 381px\" \/><\/p>\n<p><span style=\"font-weight: 400;\">V\u00e4ga oluline on v\u00e4lissauna jaoks korralik vundament. Seet\u00f5ttu soovitame j\u00e4rgida meie visandeid ja konsulteerida kvalifitseeritud kohaliku ehitaja v\u00f5i inseneriga. On \u00fclimalt t\u00e4htis, et teie sauna alus sobiks asukohaga.<\/span><\/p>\n<p><span style=\"font-weight: 400;\">Vale vundamendi t\u00f5ttu v\u00f5ib konstruktsioon praguneda. Kui toode asetseb eba\u00fchtlaselt, v\u00f5ib hoone geomeetriline kuju muutuda, mille tulemuseks v\u00f5ivad olla uste\/akende nihkumine. Halvima stsenaariumi korral v\u00f5ib toode isegi kokku kukkuda.<\/span><\/p>\n<ul>\n<li style=\"font-weight: 400;\" aria-level=\"1\"><span style=\"font-weight: 400;\">Enne vundamendi ehitamist v\u00f5tke kindlasti arvesse maastikku ja pinnasetingimusi, millel saun seisab.<\/span><\/li>\n<li style=\"font-weight: 400;\" aria-level=\"1\"><span style=\"font-weight: 400;\">Toote all olev alus peab olema spetsiaalselt sauna jaoks ette valmistatud.<\/span><\/li>\n<li style=\"font-weight: 400;\" aria-level=\"1\"><span style=\"font-weight: 400;\">Vundament peab olema homogeenne, tihe ja tasane.<\/span><\/li>\n<li style=\"font-weight: 400;\" aria-level=\"1\"><span style=\"font-weight: 400;\">J\u00e4lgi, et aluse omadused aja jooksul ei muutuks. Enne paigaldamist soovitame aluspinna betoonist valmistada ja veekindlaks teha.<\/span><\/li>\n<\/ul>\n<p><b>Kui te ei j\u00e4rgi vundamendi ehitamise soovitusi, kaotab toode oma garantii!<\/b><\/p>\n<p><span style=\"font-weight: 400;\">\u00a0<\/span><\/p>\n<h2><b>OMA SAUNA KASUTAMINE JA SAUNA KASUTAMISEKS ETTEVALMISTAMINE.<\/b><\/h2>\n<ul>\n<li style=\"font-weight: 400;\" aria-level=\"1\"><span style=\"font-weight: 400;\">Kui teil on puuk\u00fcttega keris, eemaldage enne k\u00fctmist kindlasti kerise korstna kaitsekile.<\/span><\/li>\n<li style=\"font-weight: 400;\" aria-level=\"1\"><span style=\"font-weight: 400;\">Kontrollige sauna enne k\u00fctmist. Kerise peale ega l\u00e4hedusse ei tohi j\u00e4tta s\u00fcttivaid esemeid.<\/span><\/li>\n<li style=\"font-weight: 400;\" aria-level=\"1\"><span style=\"font-weight: 400;\">Kontrollige, kas veepaagis on vett (kui te seda kasutate).<\/span><\/li>\n<li style=\"font-weight: 400;\" aria-level=\"1\"><span style=\"font-weight: 400;\">Enne kasutamist veenduge, et saunauks on lukustamata ja kergesti avatav. Vajadusel peab klient saunaust reguleerima.<\/span><\/li>\n<li style=\"font-weight: 400;\" aria-level=\"1\"><span style=\"font-weight: 400;\">\u00c4rge paigaldage k\u00fctteseadme kohale t\u00e4iendavaid tarvikuid ega riiuleid.<\/span><\/li>\n<li style=\"font-weight: 400;\" aria-level=\"1\"><span style=\"font-weight: 400;\">L\u00fclitage saunakeris sisse.<\/span><\/li>\n<li style=\"font-weight: 400;\" aria-level=\"1\"><span style=\"font-weight: 400;\">Termomeeter peaks asuma saunas pea k\u00f5rgusel. See peaks asuma k\u00fctteseadmest kaugemal, et see ei annaks valen\u00e4itu.<\/span><\/li>\n<li style=\"font-weight: 400;\" aria-level=\"1\"><span style=\"font-weight: 400;\">Oodake, kuni saun saavutab vajaliku temperatuuri (tavaliselt 80-90\u00baC).<\/span><\/li>\n<li style=\"font-weight: 400;\" aria-level=\"1\"><span style=\"font-weight: 400;\">K\u00f5ik kasutajad peaksid enne saunas osalemist olema teadlikud v\u00f5imalikest ohtudest ja n\u00f5uetest!<\/span><\/li>\n<\/ul>\n<h2><b>ASJAD, MIDA SAUNA KASUTMISEL M\u00c4RGATA<\/b><\/h2>\n<p><span style=\"font-weight: 400;\">Nautige oma sauna l\u00f5\u00f5gastava kuumuse paljusid tervisega seotud eeliseid. Kuid pidage meeles: pikaajaline kuumas saunas viibimine t\u00f5stab teie kehatemperatuuri, mis v\u00f5ib olla ohtlik, eriti s\u00fcdameprobleemidega v\u00f5i muude terviseriskidega inimestele. \u00dcldiselt on soovitatav saunas viibimise aeg 10\u201315 minutit. P\u00e4rast kuumutamisperioodi tehke 5-minutiline paus ja seej\u00e4rel korrake.<\/span><\/p>\n<p><span style=\"font-weight: 400;\">Samuti:<\/span><\/p>\n<ul>\n<li style=\"font-weight: 400;\" aria-level=\"1\"><span style=\"font-weight: 400;\">Tutvuge ohutusjuhistega ja hoidke k\u00fcttekehast eemal, kui see on kuum.<\/span><\/li>\n<li style=\"font-weight: 400;\" aria-level=\"1\"><span style=\"font-weight: 400;\">Ole saunas liikudes v\u00e4ga ettevaatlik, sest pingid ja p\u00f5randad v\u00f5ivad olla libedad!<\/span><\/li>\n<li style=\"font-weight: 400;\" aria-level=\"1\"><span style=\"font-weight: 400;\">Sauna ei tohiks kasutada rasedad naised ega v\u00e4ga v\u00e4ikesed lapsed.<\/span><\/li>\n<li style=\"font-weight: 400;\" aria-level=\"1\"><span style=\"font-weight: 400;\">Enne kuuma sauna sisenemist eemaldage k\u00f5ik ehted.<\/span><\/li>\n<\/ul>\n<p><span style=\"font-weight: 400;\">\u00a0<\/span><\/p>\n<h2><b>HOOLDUS<\/b><\/h2>\n<p><span style=\"font-weight: 400;\">Puit on looduslik materjal ja v\u00f5ib aja jooksul muutuda. Erineva suurusega praod, struktuuri- v\u00f5i v\u00e4rvimuutused\u00a0 ei ole defektid \u2013 pigem on need puidu erip\u00e4rad. Looduslik puit (immutamata) muutub p\u00e4rast m\u00f5nda aega puutumata j\u00e4tmist halliks. Hiljem v\u00f5ib see p\u00f6\u00f6rata siniseks ja kattuda hallitusega.<\/span><\/p>\n<ul>\n<li style=\"font-weight: 400;\" aria-level=\"1\"><span style=\"font-weight: 400;\">Immutage ja v\u00e4rvige puit, et kaitsta toodet v\u00e4ljastpoolt. Soovitame sauna \u00fcle vaadata iga 6 kuu tagant ja hinnata kordusimmutamise, \u00fclev\u00e4rvimise vajadust.<\/span><\/li>\n<li style=\"font-weight: 400;\" aria-level=\"1\"><span style=\"font-weight: 400;\">Kui te seda ei kasuta, hoidke suvel saunas \u00e4mbrit\u00e4is vett.<\/span><\/li>\n<li style=\"font-weight: 400;\" aria-level=\"1\"><span style=\"font-weight: 400;\">Sauna uksi tuleb regulaarselt reguleerida.<\/span><\/li>\n<li style=\"font-weight: 400;\" aria-level=\"1\"><span style=\"font-weight: 400;\">Sauna ventilatsioon tuleks hoida kogu aeg lahti, et see saaks kuivada ja \u00f5hutada, et v\u00e4ltida hallitust.<\/span><\/li>\n<li style=\"font-weight: 400;\" aria-level=\"1\"><span style=\"font-weight: 400;\">Pingiplekkide eemaldamiseks kasutage seebiga vett ja pehmet puuvillast lappi. Seda saab kasutada ka k\u00fctteseadmel endal \u2013 puhastamisel veenduge, et see oleks v\u00e4lja l\u00fclitatud ja t\u00e4iesti jahtunud.<\/span><\/li>\n<li style=\"font-weight: 400;\" aria-level=\"1\"><span style=\"font-weight: 400;\">\u00c4rge kasutage pinkidel tugevaid\u00a0 kemikaale, kuna need v\u00f5ivad puitu pleegitada ja v\u00e4\u00e4nata, rikkudes selle tera ja muuta selle halliks.<\/span><\/li>\n<\/ul>\n<p><span style=\"font-weight: 400;\">\u00a0<\/span><\/p>\n<p>&nbsp;<\/p>\n","protected":false},"excerpt":{"rendered":"<p>Puidust v\u00e4lisaun 2&#215;3 m riietusruumiga 2-5 inimese jaoks.<\/p>\n","protected":false},"featured_media":22770,"comment_status":"open","ping_status":"closed","template":"","meta":{"_acf_changed":false},"factory":[],"free-shipment":[],"product_brand":[],"product_cat":[798,2256],"product_tag":[1149,809,823],"class_list":{"0":"post-22763","1":"product","2":"type-product","3":"status-publish","4":"has-post-thumbnail","6":"product_cat-sauna-2","7":"product_cat-sauna-cubes","8":"product_tag-electric-heater","9":"product_tag-sauna","10":"product_tag-sauna-house","12":"first","13":"instock","14":"sale","15":"taxable","16":"shipping-taxable","17":"purchasable","18":"product-type-simple"},"acf":[],"_links":{"self":[{"href":"https:\/\/factory.sale\/et\/wp-json\/wp\/v2\/product\/22763","targetHints":{"allow":["GET"]}}],"collection":[{"href":"https:\/\/factory.sale\/et\/wp-json\/wp\/v2\/product"}],"about":[{"href":"https:\/\/factory.sale\/et\/wp-json\/wp\/v2\/types\/product"}],"replies":[{"embeddable":true,"href":"https:\/\/factory.sale\/et\/wp-json\/wp\/v2\/comments?post=22763"}],"wp:featuredmedia":[{"embeddable":true,"href":"https:\/\/factory.sale\/et\/wp-json\/wp\/v2\/media\/22770"}],"wp:attachment":[{"href":"https:\/\/factory.sale\/et\/wp-json\/wp\/v2\/media?parent=22763"}],"wp:term":[{"taxonomy":"factory","embeddable":true,"href":"https:\/\/factory.sale\/et\/wp-json\/wp\/v2\/factory?post=22763"},{"taxonomy":"free-shipment","embeddable":true,"href":"https:\/\/factory.sale\/et\/wp-json\/wp\/v2\/free-shipment?post=22763"},{"taxonomy":"product_brand","embeddable":true,"href":"https:\/\/factory.sale\/et\/wp-json\/wp\/v2\/product_brand?post=22763"},{"taxonomy":"product_cat","embeddable":true,"href":"https:\/\/factory.sale\/et\/wp-json\/wp\/v2\/product_cat?post=22763"},{"taxonomy":"product_tag","embeddable":true,"href":"https:\/\/factory.sale\/et\/wp-json\/wp\/v2\/product_tag?post=22763"}],"curies":[{"name":"wp","href":"https:\/\/api.w.org\/{rel}","templated":true}]}}