{"id":22741,"date":"2023-02-09T09:42:56","date_gmt":"2023-02-09T11:09:01","guid":{"rendered":"https:\/\/factory.sale\/?post_type=product&#038;p=22741"},"modified":"2024-06-27T03:23:43","modified_gmt":"2024-06-27T03:23:43","slug":"valisaun-2x2-m","status":"publish","type":"product","link":"https:\/\/factory.sale\/et\/toode\/valisaun-2x2-m\/","title":{"rendered":"V\u00e4lisaun 2&#215;2 m"},"content":{"rendered":"<p><strong>Raamid.<\/strong><\/p>\n<p>Raamid on valmistatud liimpuitpalkidest. Karkass koosneb alumisest raamist (100 x 160 mm), sambast (140 x 140 mm), \u00fclemisest karkassist (140 x 200 mm) ja talub 295 kg\/m2 katusekoormust.<\/p>\n<p><strong>Seinad<\/strong>.<\/p>\n<p>1000 x 2200 mm seinad on valmistatud kuusepuidust. Hele kuusk sobib ideaalselt sauna ehitusprojektide jaoks.<\/p>\n<p><strong>Soojustatud t\u00e4ispaneelsein.<\/strong><\/p>\n<p>Seinakarkass 45 x 45 mm, paneel kaetud seest 96 x 12 mm ja v\u00e4ljast 145 x 18 mm horisontaalsete kuuse voodrilaudadega.<\/p>\n<p><strong>Puidust karastatud klaasist sein.<\/strong><\/p>\n<p>Seinaraam 75 x 45 mm t\u00e4iskarastatud klaasist aknaga.<\/p>\n<p><strong>Katus.<\/strong><\/p>\n<p>Katusepaneelid on ehitatud kahekordse sarikate konstruktsiooniga ja kaetud 18 x 145 mm viimistluslaudisega. See konstruktsioon kannatab 442 kg\/m2. K\u00f5ik \u00a0katused on 2853 mm k\u00f5rged ja kaldega 1,310 (2,29%). Katusekatteks on MIDA SELF KSK, mille isekleepuv elastomeerne bituumenmembraan katab kogu pinna. Rullkatuse paigaldamine on kiire, lihtne ja turvaline viis kogu sauna katmiseks. K\u00f5ik, mida pead tegema, on lahti rullida, naeltega kinnitada, eemaldada kaitsekile ja valmis.<\/p>\n<p><strong>Sauna sees:<\/strong> Sauna pingid on valmistatud lehtpuust; Sauna uks on 819 x 2032 mm (kuusepuust) suurte karastatud klaasidega akende ja lukuga.<\/p>\n<p><strong>Sauna ruumi maht on 17 m3.<\/strong><\/p>\n<p>&nbsp;<\/p>\n<p><strong>Toote spetsifikatsioonid:<\/strong><\/p>\n<ul>\n<li>Inimesed: 2-4 inimest<\/li>\n<li>Puit: kuusk<\/li>\n<li>Kuju: ristk\u00fclik<\/li>\n<li>Tuba: 1<\/li>\n<li>Sisepind: 4,0m2<\/li>\n<li>Sauna pindala: 4,0 m2<\/li>\n<li>Koguk\u00f5rgus: 2853\u00a0mm<\/li>\n<li>Seina k\u00f5rgus: 2200 mm<\/li>\n<li>P\u00f5randa paksus: 126 mm<\/li>\n<li>Katuse paksus: 180 mm<\/li>\n<li>V\u00e4lisvooder: 18mm<\/li>\n<li>Sisekate: 12 mm<\/li>\n<li>Seina paksus: 75 mm<\/li>\n<li>Soojustus: 50\u00a0mm kivivill<\/li>\n<li>V\u00e4lism\u00f5\u00f5t: 2286 x 2286\u00a0mm<\/li>\n<li>Ukse suurus: 990 x 2195\u00a0mm<\/li>\n<li>Akna suurus: 1000 x 2200 mm<\/li>\n<li>Kood<b>:<\/b> GS2X2<\/li>\n<\/ul>\n<p>&nbsp;<\/p>\n<p><strong>Standard komplekt:<\/strong><\/p>\n<ul>\n<li>V\u00e4lisauna karkass kuusest;<\/li>\n<li>Puitp\u00f5rand;<\/li>\n<li>Katusepaneelid isekleepuva bituumenmembraaniga;<\/li>\n<li>2 puidust karastatud klaasist seina;<\/li>\n<li>5 soojustatud t\u00e4ispaneelseina;<\/li>\n<li>2 soojustatud katusepaneeli;<\/li>\n<li>Sauna pingid;<\/li>\n<li>Kuumakindlad plaadid kerise\/pliidi jaoks;<\/li>\n<li>Puidust uks karastatud klaasiga akendega.<\/li>\n<\/ul>\n<p><strong>Pakendi teave:<\/strong><\/p>\n<ul>\n<li>Kaubaaluste suurus (PxLxK): 2,6 x 1,2 x 2,6\u00a0m<\/li>\n<li>Kaal: 1400 kg<\/li>\n<\/ul>\n<p>&nbsp;<\/p>\n<p><strong>Meie tootevalikust leiate ka oma saunale sobiva<a href=\"https:\/\/factory.sale\/et\/product-category\/sanitaartehnika\/saunakerised\/\" target=\"_blank\" rel=\"noopener\"> kerise<\/a>:<\/strong><\/p>\n<ul>\n<li><a href=\"https:\/\/factory.sale\/et\/toode\/elektiriline-poranda-keris-harvia-club-k135g\/\" target=\"_blank\" rel=\"noopener\">ELEKTRILINE P\u00d5RANDA KERIS HARVIA CLUB K13,5G<\/a><\/li>\n<li><a href=\"https:\/\/factory.sale\/et\/toode\/elektriline-keris-harvia-club-k15g\/\" target=\"_blank\" rel=\"noopener\">ELEKTRILINE KERIS HARVIA CLUB K15G<\/a><\/li>\n<li><a href=\"https:\/\/factory.sale\/et\/toode\/elektriline-keris-harvia-legend-po11-11-kw\/\" target=\"_blank\" rel=\"noopener\">ELEKTRILINE KERIS HARVIA LEGEND PO11 11 KW<\/a><\/li>\n<\/ul>\n<p>&nbsp;<\/p>\n<h2>VUNDAMENT<\/h2>\n<p><span style=\"font-size: 16px;\"><img loading=\"lazy\" decoding=\"async\" class=\"alignnone wp-image-22713\" src=\"https:\/\/factory.sale\/wp-content\/uploads\/2023\/02\/foundation-300x171.png\" alt=\"\" width=\"386\" height=\"220\" srcset=\"https:\/\/factory.sale\/wp-content\/uploads\/2023\/02\/foundation-300x171.png 300w, https:\/\/factory.sale\/wp-content\/uploads\/2023\/02\/foundation-150x85.png 150w, https:\/\/factory.sale\/wp-content\/uploads\/2023\/02\/foundation-600x342.png 600w, https:\/\/factory.sale\/wp-content\/uploads\/2023\/02\/foundation.png 822w\" sizes=\"auto, (max-width: 386px) 100vw, 386px\" \/><\/span><\/p>\n<p><span style=\"font-size: 16px;\">V\u00e4ga oluline on v\u00e4lissauna jaoks korralik vundament. Seet\u00f5ttu soovitame j\u00e4rgida meie visandeid ja konsulteerida kvalifitseeritud kohaliku ehitaja v\u00f5i inseneriga. On \u00fclimalt t\u00e4htis, et teie sauna alus sobiks asukohaga.<\/span><\/p>\n<p>Vale vundamendi t\u00f5ttu v\u00f5ib konstruktsioon praguneda. Kui toode asetseb eba\u00fchtlaselt, v\u00f5ib hoone geomeetriline kuju muutuda, mille tulemuseks v\u00f5ivad olla uste\/akende nihkumine. Halvima stsenaariumi korral v\u00f5ib toode isegi kokku kukkuda.<\/p>\n<ul>\n<li>Enne vundamendi ehitamist v\u00f5tke kindlasti arvesse maastikku ja pinnasetingimusi, millel saun seisab.<\/li>\n<li>Toote all olev alus peab olema spetsiaalselt sauna jaoks ette valmistatud.<\/li>\n<li>Vundament peab olema homogeenne, tihe ja tasane.<\/li>\n<li>J\u00e4lgi, et aluse omadused aja jooksul ei muutuks. Enne paigaldamist soovitame aluspinna betoonist valmistada ja veekindlaks teha.<\/li>\n<\/ul>\n<p><strong>Kui te ei j\u00e4rgi vundamendi ehitamise soovitusi, kaotab toode oma garantii!<\/strong><\/p>\n<p>&nbsp;<\/p>\n<h2>OMA SAUNA KASUTAMINE JA SAUNA KASUTAMISEKS ETTEVALMISTAMINE.<\/h2>\n<ul>\n<li>Kui teil on puuk\u00fcttega keris, eemaldage enne k\u00fctmist kindlasti kerise korstna kaitsekile.<\/li>\n<li>Kontrollige sauna enne k\u00fctmist. Kerise peale ega l\u00e4hedusse ei tohi j\u00e4tta s\u00fcttivaid esemeid.<\/li>\n<li>Kontrollige, kas veepaagis on vett (kui te seda kasutate).<\/li>\n<li>Enne kasutamist veenduge, et saunauks on lukustamata ja kergesti avatav. Vajadusel peab klient saunaust reguleerima.<\/li>\n<li>\u00c4rge paigaldage k\u00fctteseadme kohale t\u00e4iendavaid tarvikuid ega riiuleid.<\/li>\n<li>L\u00fclitage saunakeris sisse.<\/li>\n<li>Termomeeter peaks asuma saunas pea k\u00f5rgusel. See peaks asuma k\u00fctteseadmest kaugemal, et see ei annaks valen\u00e4itu.<\/li>\n<li>Oodake, kuni saun saavutab vajaliku temperatuuri (tavaliselt 80-90\u00baC).<\/li>\n<li>K\u00f5ik kasutajad peaksid enne saunas osalemist olema teadlikud v\u00f5imalikest ohtudest ja n\u00f5uetest!<\/li>\n<\/ul>\n<h2>ASJAD, MIDA SAUNA KASUTMISEL M\u00c4RGATA<\/h2>\n<p>Nautige oma sauna l\u00f5\u00f5gastava kuumuse paljusid tervisega seotud eeliseid. Kuid pidage meeles: pikaajaline kuumas saunas viibimine t\u00f5stab teie kehatemperatuuri, mis v\u00f5ib olla ohtlik, eriti s\u00fcdameprobleemidega v\u00f5i muude terviseriskidega inimestele. \u00dcldiselt on soovitatav saunas viibimise aeg 10\u201315 minutit. P\u00e4rast kuumutamisperioodi tehke 5-minutiline paus ja seej\u00e4rel korrake.<\/p>\n<p>Lisaks:<\/p>\n<ul>\n<li>Tutvuge ohutusjuhistega ja hoidke k\u00fcttekehast eemal, kui see on kuum.<\/li>\n<li>Ole Saunas liikudes v\u00e4ga ettevaatlik, sest pingid ja p\u00f5randad v\u00f5ivad olla libedad!<\/li>\n<li>Sauna ei tohiks kasutada rasedad naised ega v\u00e4ga v\u00e4ikesed lapsed.<\/li>\n<li>Enne kuuma sauna sisenemist eemaldage k\u00f5ik ehted.<\/li>\n<\/ul>\n<p>&nbsp;<\/p>\n<h2>HOOLDUS<\/h2>\n<p>Puit on looduslik materjal ja v\u00f5ib aja jooksul muutuda. Erineva suurusega praod, struktuuri- v\u00f5i v\u00e4rvimuutused \u00a0ei ole\u00a0defektid \u2013 pigem on need puidu erip\u00e4rad. Looduslik puit\u00a0(immutamata) muutub p\u00e4rast m\u00f5nda aega puutumata j\u00e4tmist halliks. Hiljem v\u00f5ib see p\u00f6\u00f6rata\u00a0siniseks ja kattuda hallitusega.<\/p>\n<ul>\n<li>Immutage ja v\u00e4rvige puit, et kaitsta toodet v\u00e4ljastpoolt. Soovitame sauna \u00fcle vaadata iga 6 kuu tagant ja hinnata kordusimmutamise, \u00fclev\u00e4rvimise vajadust.<\/li>\n<li>Kui te seda ei kasuta, hoidke suvel saunas \u00e4mbrit\u00e4is vett.<\/li>\n<li>Sauna uksi tuleb regulaarselt reguleerida.<\/li>\n<li>Sauna ventilatsioon tuleks hoida kogu aeg lahti, et see saaks kuivada ja \u00f5hutada, et v\u00e4ltida hallitust.<\/li>\n<li>Pingiplekkide eemaldamiseks kasutage seebiga vett ja pehmet puuvillast lappi. Seda saab kasutada ka k\u00fctteseadmel endal \u2013 puhastamisel veenduge, et see oleks v\u00e4lja l\u00fclitatud ja t\u00e4iesti jahtunud.<\/li>\n<li>\u00c4rge kasutage pinkidel tugevaid \u00a0kemikaale, kuna need v\u00f5ivad puitu pleegitada ja v\u00e4\u00e4nata, rikkudes selle tera ja muuta selle halliks.<\/li>\n<\/ul>\n<p>&nbsp;<\/p>\n<p><em>Nende lihtsate n\u00f5uannete abil j\u00e4\u00e4b teie saun ilusaks, v\u00e4rskeks ja nauditavaks!<\/em><\/p>\n","protected":false},"excerpt":{"rendered":"<p>Puidust v\u00e4lisaun 2&#215;3 m 2-4 inimese jaoks.<\/p>\n","protected":false},"featured_media":22704,"comment_status":"open","ping_status":"closed","template":"","meta":{"_acf_changed":false},"factory":[],"free-shipment":[],"product_brand":[],"product_cat":[826,2257],"product_tag":[1908,811],"class_list":{"0":"post-22741","1":"product","2":"type-product","3":"status-publish","4":"has-post-thumbnail","6":"product_cat-saunas-et","7":"product_cat-valisaun","8":"product_tag-outdoor-sauna-et","9":"product_tag-sauna-et","11":"first","12":"instock","13":"sale","14":"taxable","15":"shipping-taxable","16":"purchasable","17":"product-type-simple"},"acf":[],"_links":{"self":[{"href":"https:\/\/factory.sale\/et\/wp-json\/wp\/v2\/product\/22741","targetHints":{"allow":["GET"]}}],"collection":[{"href":"https:\/\/factory.sale\/et\/wp-json\/wp\/v2\/product"}],"about":[{"href":"https:\/\/factory.sale\/et\/wp-json\/wp\/v2\/types\/product"}],"replies":[{"embeddable":true,"href":"https:\/\/factory.sale\/et\/wp-json\/wp\/v2\/comments?post=22741"}],"wp:featuredmedia":[{"embeddable":true,"href":"https:\/\/factory.sale\/et\/wp-json\/wp\/v2\/media\/22704"}],"wp:attachment":[{"href":"https:\/\/factory.sale\/et\/wp-json\/wp\/v2\/media?parent=22741"}],"wp:term":[{"taxonomy":"factory","embeddable":true,"href":"https:\/\/factory.sale\/et\/wp-json\/wp\/v2\/factory?post=22741"},{"taxonomy":"free-shipment","embeddable":true,"href":"https:\/\/factory.sale\/et\/wp-json\/wp\/v2\/free-shipment?post=22741"},{"taxonomy":"product_brand","embeddable":true,"href":"https:\/\/factory.sale\/et\/wp-json\/wp\/v2\/product_brand?post=22741"},{"taxonomy":"product_cat","embeddable":true,"href":"https:\/\/factory.sale\/et\/wp-json\/wp\/v2\/product_cat?post=22741"},{"taxonomy":"product_tag","embeddable":true,"href":"https:\/\/factory.sale\/et\/wp-json\/wp\/v2\/product_tag?post=22741"}],"curies":[{"name":"wp","href":"https:\/\/api.w.org\/{rel}","templated":true}]}}