{"id":22738,"date":"2023-02-09T10:19:33","date_gmt":"2023-02-09T10:29:13","guid":{"rendered":"https:\/\/factory.sale\/?post_type=product&#038;p=22738"},"modified":"2024-06-28T02:49:30","modified_gmt":"2024-06-28T02:49:30","slug":"elektriline-keris-harvia-globe-gl110e-105-kw-harvia-xenio-cx170","status":"publish","type":"product","link":"https:\/\/factory.sale\/et\/toode\/elektriline-keris-harvia-globe-gl110e-105-kw-harvia-xenio-cx170\/","title":{"rendered":"ELEKTRILINE KERIS HARVIA GLOBE GL110E 10,5 KW + HARVIA XENIO CX170"},"content":{"rendered":"<p>Kvaliteetse materjali \u2013 vastupidava roostevaba terase \u2013 t\u00f5hus kasutamine ja kemikaalivaba pinnak\u00e4sitlus on n\u00e4ited keskkonnateadlikust m\u00f5tlemisest. Uut m\u00f5tlemist esindab ka kerise konstruktsioon, mis koosneb t\u00e4pselt laseriga l\u00f5igatud teraskaaredest ja r\u00f5ngastest. Kerise kivimass on optimeeritud: see soojeneb piisavalt kiiresti ilma auru pehmuses j\u00e4releandmisi tegemata. Harvia Globe&#8217;i k\u00fctteseadet juhitakse puutetundliku juhtpaneeli kaudu. Lihtsalt elegantse ja pritsmekindla juhtpaneeli saab paigaldada nii sauna sisse kui ka v\u00e4ljapoole. Keris on kompaktse toiteplokiga, mis hoolitseb k\u00fctteelementide elektrivarustuse eest.<\/p>\n<p><strong>Soovitatav sauna suurus 9-15 m3.<\/strong><\/p>\n<p><strong>Soojendit juhib eraldi juhtseade Harvia Xenio CX170 (kaasas).<\/strong><\/p>\n<p><strong>K\u00fcttekeha on m\u00f5eldud t\u00f6\u00f6tama 400 V 3-faasilises sisendis!<\/strong><\/p>\n<ul>\n<li>Temperatuuri saab reguleerida kraadi t\u00e4psusega.<\/li>\n<li>Eelaktiveerimise aeg 0 &#8211; 18 tundi.<\/li>\n<li>Kerise sissel\u00fclitatud t\u00f6\u00f6aeg kuni 12 tundi.<\/li>\n<li>Kerise m\u00f5\u00f5dud: laius &#8211; 50 cm; s\u00fcgavus 50 cm; k\u00f5rgus &#8211; 47,5 cm.<\/li>\n<li>Kaasas kivid.<\/li>\n<li>Soovitatav saunale suurusega 9-15 m3.<\/li>\n<li>Elektrooniline juhtpaneel \u2013\u00a0Harvia Xenio CX170.<\/li>\n<li>Kood<b>:<\/b> HGL110<\/li>\n<\/ul>\n<p><strong>Turva\u00fcmbris ei sisaldu hinnas!<\/strong><\/p>\n<p>&nbsp;<\/p>\n","protected":false},"excerpt":{"rendered":"<p><strong>Harvia Globe GL110E &#8211; elektroonilise juhtpaneeliga, paigaldatakse sauna sisse v\u00f5i v\u00e4lja.<\/strong><\/p>\n<p>Harvia populaarsed elektrikerise mudelid on loodud pakkuma teile aastast aastasse parimat saunakogemust igap\u00e4evases kasutuses. Iga k\u00fcttekeha sisaldab tipptehnoloogiat ning on \u00f6konoomne ja meeldiv kasutada.<\/p>\n","protected":false},"featured_media":22733,"comment_status":"open","ping_status":"closed","template":"","meta":{"_acf_changed":false},"factory":[],"free-shipment":[],"product_brand":[],"product_cat":[1420,306],"product_tag":[835,1443,2176],"class_list":{"0":"post-22738","1":"product","2":"type-product","3":"status-publish","4":"has-post-thumbnail","6":"product_cat-harvia-et","7":"product_cat-saunakerised","8":"product_tag-control-unit-et","9":"product_tag-harvia-et","10":"product_tag-sauna-heater-et","12":"first","13":"instock","14":"sale","15":"taxable","16":"shipping-taxable","17":"purchasable","18":"product-type-simple"},"acf":[],"_links":{"self":[{"href":"https:\/\/factory.sale\/et\/wp-json\/wp\/v2\/product\/22738","targetHints":{"allow":["GET"]}}],"collection":[{"href":"https:\/\/factory.sale\/et\/wp-json\/wp\/v2\/product"}],"about":[{"href":"https:\/\/factory.sale\/et\/wp-json\/wp\/v2\/types\/product"}],"replies":[{"embeddable":true,"href":"https:\/\/factory.sale\/et\/wp-json\/wp\/v2\/comments?post=22738"}],"wp:featuredmedia":[{"embeddable":true,"href":"https:\/\/factory.sale\/et\/wp-json\/wp\/v2\/media\/22733"}],"wp:attachment":[{"href":"https:\/\/factory.sale\/et\/wp-json\/wp\/v2\/media?parent=22738"}],"wp:term":[{"taxonomy":"factory","embeddable":true,"href":"https:\/\/factory.sale\/et\/wp-json\/wp\/v2\/factory?post=22738"},{"taxonomy":"free-shipment","embeddable":true,"href":"https:\/\/factory.sale\/et\/wp-json\/wp\/v2\/free-shipment?post=22738"},{"taxonomy":"product_brand","embeddable":true,"href":"https:\/\/factory.sale\/et\/wp-json\/wp\/v2\/product_brand?post=22738"},{"taxonomy":"product_cat","embeddable":true,"href":"https:\/\/factory.sale\/et\/wp-json\/wp\/v2\/product_cat?post=22738"},{"taxonomy":"product_tag","embeddable":true,"href":"https:\/\/factory.sale\/et\/wp-json\/wp\/v2\/product_tag?post=22738"}],"curies":[{"name":"wp","href":"https:\/\/api.w.org\/{rel}","templated":true}]}}