{"id":22691,"date":"2023-02-09T07:50:03","date_gmt":"2023-02-09T07:50:03","guid":{"rendered":"https:\/\/factory.sale\/?post_type=product&#038;p=22691"},"modified":"2024-06-25T20:24:48","modified_gmt":"2024-06-25T20:24:48","slug":"liivakast-erisuurused","status":"publish","type":"product","link":"https:\/\/factory.sale\/et\/toode\/liivakast-erisuurused\/","title":{"rendered":"Liivakast (erisuurused)"},"content":{"rendered":"<p>Pakume pere pisematele lihtsaid ja n\u00e4gusaid liivakaste.<\/p>\n<p>Liivkasti \u00fchendused on tehtud nn tappliidetega.<\/p>\n<p>&nbsp;<\/p>\n<p><strong>V\u00e4ike liivakast &#8211; 400 EUR<\/strong><\/p>\n<p>V\u00e4ike liivakast m\u00f5\u00f5duga 190x190x35cm (pikkus x laius x k\u00f5rgus).<\/p>\n<p>Liivakast on valmistatud 100x100mm ristl\u00f5ikega prussidest.<\/p>\n<p>T\u00f6\u00f6tlus puidukaitsevahendiga alates 50eur<\/p>\n<p>&nbsp;<\/p>\n<p><strong>Suur liivakast &#8211; 480 EUR<\/strong><\/p>\n<p>Suur liivakast m\u00f5\u00f5duga 290x290x35cm (pikkus x laius x k\u00f5rgus) &#8211;<\/p>\n<p>Liivakast on valmistatud 100x100mm ristl\u00f5ikega prussidest.<\/p>\n<p>Pealmine \u00e4\u00e4r 45x145mm materjalist.<br \/>\nT\u00f6\u00f6tlus puidukaitsevahendiga alates 70eur<\/p>\n<p>&nbsp;<\/p>\n<p>&nbsp;<\/p>\n<p>&nbsp;<\/p>\n","protected":false},"excerpt":{"rendered":"<p>Pakume pere pisematele lihtsaid ja n\u00e4gusaid liivakaste. Liivkasti \u00fchendused on tehtud nn tappliidetega. &nbsp; V\u00e4ike liivakast &#8211; 400 EUR V\u00e4ike liivakast m\u00f5\u00f5duga 190x190x35cm (pikkus x laius x k\u00f5rgus). Liivakast on valmistatud 100x100mm ristl\u00f5ikega prussidest. T\u00f6\u00f6tlus puidukaitsevahendiga alates 50eur &nbsp; Suur liivakast &#8211; 480 EUR Suur liivakast m\u00f5\u00f5duga 290x290x35cm (pikkus x laius x k\u00f5rgus) &#8211; Liivakast [&hellip;]<\/p>\n","protected":false},"featured_media":22693,"comment_status":"open","ping_status":"closed","template":"","meta":{"_acf_changed":false},"factory":[],"free-shipment":[],"product_brand":[],"product_cat":[924,2241],"product_tag":[2255],"class_list":{"0":"post-22691","1":"product","2":"type-product","3":"status-publish","4":"has-post-thumbnail","6":"product_cat-aiatooted","7":"product_cat-aiamoobel","8":"product_tag-liivakast","10":"first","11":"instock","12":"sale","13":"taxable","14":"shipping-taxable","15":"purchasable","16":"product-type-simple"},"acf":[],"_links":{"self":[{"href":"https:\/\/factory.sale\/et\/wp-json\/wp\/v2\/product\/22691","targetHints":{"allow":["GET"]}}],"collection":[{"href":"https:\/\/factory.sale\/et\/wp-json\/wp\/v2\/product"}],"about":[{"href":"https:\/\/factory.sale\/et\/wp-json\/wp\/v2\/types\/product"}],"replies":[{"embeddable":true,"href":"https:\/\/factory.sale\/et\/wp-json\/wp\/v2\/comments?post=22691"}],"wp:featuredmedia":[{"embeddable":true,"href":"https:\/\/factory.sale\/et\/wp-json\/wp\/v2\/media\/22693"}],"wp:attachment":[{"href":"https:\/\/factory.sale\/et\/wp-json\/wp\/v2\/media?parent=22691"}],"wp:term":[{"taxonomy":"factory","embeddable":true,"href":"https:\/\/factory.sale\/et\/wp-json\/wp\/v2\/factory?post=22691"},{"taxonomy":"free-shipment","embeddable":true,"href":"https:\/\/factory.sale\/et\/wp-json\/wp\/v2\/free-shipment?post=22691"},{"taxonomy":"product_brand","embeddable":true,"href":"https:\/\/factory.sale\/et\/wp-json\/wp\/v2\/product_brand?post=22691"},{"taxonomy":"product_cat","embeddable":true,"href":"https:\/\/factory.sale\/et\/wp-json\/wp\/v2\/product_cat?post=22691"},{"taxonomy":"product_tag","embeddable":true,"href":"https:\/\/factory.sale\/et\/wp-json\/wp\/v2\/product_tag?post=22691"}],"curies":[{"name":"wp","href":"https:\/\/api.w.org\/{rel}","templated":true}]}}