{"id":22675,"date":"2023-02-09T07:36:00","date_gmt":"2023-02-09T07:36:00","guid":{"rendered":"https:\/\/factory.sale\/?post_type=product&#038;p=22675"},"modified":"2024-06-26T23:34:12","modified_gmt":"2024-06-26T23:34:12","slug":"piknikulaud-koos-katusega-naturaalne","status":"publish","type":"product","link":"https:\/\/factory.sale\/et\/toode\/piknikulaud-koos-katusega-naturaalne\/","title":{"rendered":"Piknikulaud koos katusega (naturaalne)"},"content":{"rendered":"<p>Tootekood: 143<\/p>\n<p>Suur ja tugev puidust piknikulaud koos katusega. Piknikulaud mahutab 6-8 t\u00e4iskasvanut.<\/p>\n<p>Katuse all oleva laua m\u00f5\u00f5dud on 200\u00d7160\u00d775 cm (pikkus x laius x k\u00f5rgus).<\/p>\n<p>Katuseharja k\u00f5rgus maast on ca 230cm.<\/p>\n<p>Hind sisaldab ka katusekattematerjale ning kinnitusvaiasid maa sisse kinnitamiseks.<\/p>\n<ul>\n<li><strong>Tarneaeg: 1-2 n\u00e4dalat<\/strong><\/li>\n<li><strong>Sobib kasutamiseks rannas, metsarajal, j\u00e4rve \u00e4\u00e4res v\u00f5i ka Teie koduaias.<\/strong><\/li>\n<li><strong>Piknikulaua\/varjualuse t\u00f6\u00f6tluse puidukaitsevahendiga 300.-\u20ac<\/strong><\/li>\n<li><strong>Piknikulaua\/varjualuse paigaldus 400.-\u20ac<\/strong><\/li>\n<\/ul>\n","protected":false},"excerpt":{"rendered":"<p>Suur ja tugev puidust piknikulaud koos katusega. Piknikulaud mahutab 6-8 t\u00e4iskasvanut.<\/p>\n","protected":false},"featured_media":22677,"comment_status":"open","ping_status":"closed","template":"","meta":{"_acf_changed":false},"factory":[],"free-shipment":[],"product_brand":[],"product_cat":[924,2241],"product_tag":[2254],"class_list":{"0":"post-22675","1":"product","2":"type-product","3":"status-publish","4":"has-post-thumbnail","6":"product_cat-aiatooted","7":"product_cat-aiamoobel","8":"product_tag-aiapink-katusega","10":"first","11":"instock","12":"sale","13":"taxable","14":"shipping-taxable","15":"purchasable","16":"product-type-simple"},"acf":[],"_links":{"self":[{"href":"https:\/\/factory.sale\/et\/wp-json\/wp\/v2\/product\/22675","targetHints":{"allow":["GET"]}}],"collection":[{"href":"https:\/\/factory.sale\/et\/wp-json\/wp\/v2\/product"}],"about":[{"href":"https:\/\/factory.sale\/et\/wp-json\/wp\/v2\/types\/product"}],"replies":[{"embeddable":true,"href":"https:\/\/factory.sale\/et\/wp-json\/wp\/v2\/comments?post=22675"}],"wp:featuredmedia":[{"embeddable":true,"href":"https:\/\/factory.sale\/et\/wp-json\/wp\/v2\/media\/22677"}],"wp:attachment":[{"href":"https:\/\/factory.sale\/et\/wp-json\/wp\/v2\/media?parent=22675"}],"wp:term":[{"taxonomy":"factory","embeddable":true,"href":"https:\/\/factory.sale\/et\/wp-json\/wp\/v2\/factory?post=22675"},{"taxonomy":"free-shipment","embeddable":true,"href":"https:\/\/factory.sale\/et\/wp-json\/wp\/v2\/free-shipment?post=22675"},{"taxonomy":"product_brand","embeddable":true,"href":"https:\/\/factory.sale\/et\/wp-json\/wp\/v2\/product_brand?post=22675"},{"taxonomy":"product_cat","embeddable":true,"href":"https:\/\/factory.sale\/et\/wp-json\/wp\/v2\/product_cat?post=22675"},{"taxonomy":"product_tag","embeddable":true,"href":"https:\/\/factory.sale\/et\/wp-json\/wp\/v2\/product_tag?post=22675"}],"curies":[{"name":"wp","href":"https:\/\/api.w.org\/{rel}","templated":true}]}}