{"id":22664,"date":"2023-02-09T07:02:04","date_gmt":"2023-02-09T07:02:04","guid":{"rendered":"https:\/\/factory.sale\/?post_type=product&#038;p=22664"},"modified":"2024-06-25T11:39:15","modified_gmt":"2024-06-25T11:39:15","slug":"suur-laste-kiik","status":"publish","type":"product","link":"https:\/\/factory.sale\/et\/toode\/suur-laste-kiik\/","title":{"rendered":"Suur laste kiik"},"content":{"rendered":"<p>Tootekood: 1327<\/p>\n<p>Suur ja tugev kiik pisematele pereliikmetele. Materjaliks kasutame 100x100mm m\u00f5\u00f5dus saematerjali. Vajalikud kinnitused, metallist jalad ja konksud kuuluvad komplekti!<\/p>\n<p>Kiige max laius kuni 5m ning kiigepuu k\u00f5rgus maapinnast ca 2,7m.<\/p>\n<p><strong>Pakume oma toodetele kolme viimistlusviisi:<\/strong><\/p>\n<p><em>\u2013 Naturaalne-t\u00f6\u00f6tlemata puit (puhas puit ilma igasuguse pinnakaitseta)<\/em><br \/>\n<em>\u2013 (t\u00f6\u00f6tlus puidukaitsevahendiga Teile sobivas toonis)<\/em><br \/>\n<em>\u2013 Puidukaitsevahend + lakk (puit t\u00f6\u00f6deldakse eelnevalt puidukaitsevahendiga ning seej\u00e4rel kaetakse lakiga).<\/em><\/p>\n<ul>\n<li><strong>KIIGE T\u00d6\u00d6TLUS PUIDUKAITSEVAHENDIGA ALATES 120.-\u20ac<\/strong><\/li>\n<li><strong>KIIGE PAIGALDUS\u00a0150.-\u20ac<\/strong><\/li>\n<li><strong>Kiike on v\u00f5imalik soovikorral kliendil ka endal t\u00f6\u00f6delda, transportida ja paigaldada!<\/strong><\/li>\n<\/ul>\n<p>Kiiged ei kuulu komplekti!<\/p>\n<p>Samuti on v\u00f5imalik teha just teie soovidele vastav kiik. V\u00f5tke julgelt \u00fchendust!<\/p>\n","protected":false},"excerpt":{"rendered":"<p>Suur ja tugev kiik pisematele pereliikmetele. Materjaliks kasutame 100x100mm m\u00f5\u00f5dus saematerjali. Vajalikud kinnitused, metallist jalad ja konksud kuuluvad komplekti!<\/p>\n","protected":false},"featured_media":22666,"comment_status":"open","ping_status":"closed","template":"","meta":{"_acf_changed":false},"factory":[],"free-shipment":[],"product_brand":[],"product_cat":[924,2241],"product_tag":[2253],"class_list":{"0":"post-22664","1":"product","2":"type-product","3":"status-publish","4":"has-post-thumbnail","6":"product_cat-aiatooted","7":"product_cat-aiamoobel","8":"product_tag-laste-kiik","10":"first","11":"instock","12":"sale","13":"taxable","14":"shipping-taxable","15":"purchasable","16":"product-type-simple"},"acf":[],"_links":{"self":[{"href":"https:\/\/factory.sale\/et\/wp-json\/wp\/v2\/product\/22664","targetHints":{"allow":["GET"]}}],"collection":[{"href":"https:\/\/factory.sale\/et\/wp-json\/wp\/v2\/product"}],"about":[{"href":"https:\/\/factory.sale\/et\/wp-json\/wp\/v2\/types\/product"}],"replies":[{"embeddable":true,"href":"https:\/\/factory.sale\/et\/wp-json\/wp\/v2\/comments?post=22664"}],"wp:featuredmedia":[{"embeddable":true,"href":"https:\/\/factory.sale\/et\/wp-json\/wp\/v2\/media\/22666"}],"wp:attachment":[{"href":"https:\/\/factory.sale\/et\/wp-json\/wp\/v2\/media?parent=22664"}],"wp:term":[{"taxonomy":"factory","embeddable":true,"href":"https:\/\/factory.sale\/et\/wp-json\/wp\/v2\/factory?post=22664"},{"taxonomy":"free-shipment","embeddable":true,"href":"https:\/\/factory.sale\/et\/wp-json\/wp\/v2\/free-shipment?post=22664"},{"taxonomy":"product_brand","embeddable":true,"href":"https:\/\/factory.sale\/et\/wp-json\/wp\/v2\/product_brand?post=22664"},{"taxonomy":"product_cat","embeddable":true,"href":"https:\/\/factory.sale\/et\/wp-json\/wp\/v2\/product_cat?post=22664"},{"taxonomy":"product_tag","embeddable":true,"href":"https:\/\/factory.sale\/et\/wp-json\/wp\/v2\/product_tag?post=22664"}],"curies":[{"name":"wp","href":"https:\/\/api.w.org\/{rel}","templated":true}]}}