{"id":22656,"date":"2023-02-09T06:51:07","date_gmt":"2023-02-09T06:51:07","guid":{"rendered":"https:\/\/factory.sale\/?post_type=product&#038;p=22656"},"modified":"2024-06-25T16:44:49","modified_gmt":"2024-06-25T16:44:49","slug":"vorkkiige-alus","status":"publish","type":"product","link":"https:\/\/factory.sale\/et\/toode\/vorkkiige-alus\/","title":{"rendered":"V\u00f5rkkiige alus"},"content":{"rendered":"<p>Tootekood: 142<\/p>\n<p>Suur ja tugev puidust v\u00f5rkkiige alus. Alus on valmistatud tugevsorteeritud h\u00f6\u00f6velmaterjalist. Alus sobib kasutamiseks 200 cm pikkusele v\u00f5rkkiigele. V\u00f5rkkiige k\u00f5rgust on v\u00f5imalik reguleerida kettidega. Sobib nii lastele kui ka t\u00e4iskasvanutele. Kaasas on k\u00f5ik vajalikud ketid ja konksud v\u00f5rkkiige kinnitamiseks.<\/p>\n<p><strong>Pakume oma toodetele kolme viimistlusviisi:<\/strong><\/p>\n<p><em>\u2013 Naturaalne-t\u00f6\u00f6tlemata puit (puhas puit ilma igasuguse pinnakaitseta).<\/em><br \/>\n<em>\u2013 T\u00f6\u00f6tlus puidukaitsevahendiga Teile sobivas toonis.<\/em><br \/>\n<em>\u2013 Puidukaitsevahend + lakk (puit t\u00f6\u00f6deldakse eelnevalt puidukaitsevahendiga ning seej\u00e4rel kaetakse lakiga).<\/em><\/p>\n<p>T\u00f6\u00f6tlus puidukaitsevahendiga alates 50 eur.<\/p>\n<p><strong>NB!<\/strong>\u00a0V\u00f5rkkiik ei sisaldu hinnas!<\/p>\n","protected":false},"excerpt":{"rendered":"<p>Suur ja tugev puidust v\u00f5rkkiige alus. Alus on valmistatud tugevsorteeritud h\u00f6\u00f6velmaterjalist. Alus sobib kasutamiseks 200 cm pikkusele v\u00f5rkkiigele. V\u00f5rkkiige k\u00f5rgust on v\u00f5imalik reguleerida kettidega. Sobib nii lastele kui ka t\u00e4iskasvanutele. Kaasas on k\u00f5ik vajalikud ketid ja konksud v\u00f5rkkiige kinnitamiseks.<\/p>\n","protected":false},"featured_media":22658,"comment_status":"open","ping_status":"closed","template":"","meta":{"_acf_changed":false},"factory":[],"free-shipment":[],"product_brand":[],"product_cat":[917,2240],"product_tag":[2252],"class_list":{"0":"post-22656","1":"product","2":"type-product","3":"status-publish","4":"has-post-thumbnail","6":"product_cat-garden-yard","7":"product_cat-garden-furniture","8":"product_tag-vorkkiige-alus","10":"first","11":"instock","12":"sale","13":"taxable","14":"shipping-taxable","15":"purchasable","16":"product-type-simple"},"acf":[],"_links":{"self":[{"href":"https:\/\/factory.sale\/et\/wp-json\/wp\/v2\/product\/22656","targetHints":{"allow":["GET"]}}],"collection":[{"href":"https:\/\/factory.sale\/et\/wp-json\/wp\/v2\/product"}],"about":[{"href":"https:\/\/factory.sale\/et\/wp-json\/wp\/v2\/types\/product"}],"replies":[{"embeddable":true,"href":"https:\/\/factory.sale\/et\/wp-json\/wp\/v2\/comments?post=22656"}],"wp:featuredmedia":[{"embeddable":true,"href":"https:\/\/factory.sale\/et\/wp-json\/wp\/v2\/media\/22658"}],"wp:attachment":[{"href":"https:\/\/factory.sale\/et\/wp-json\/wp\/v2\/media?parent=22656"}],"wp:term":[{"taxonomy":"factory","embeddable":true,"href":"https:\/\/factory.sale\/et\/wp-json\/wp\/v2\/factory?post=22656"},{"taxonomy":"free-shipment","embeddable":true,"href":"https:\/\/factory.sale\/et\/wp-json\/wp\/v2\/free-shipment?post=22656"},{"taxonomy":"product_brand","embeddable":true,"href":"https:\/\/factory.sale\/et\/wp-json\/wp\/v2\/product_brand?post=22656"},{"taxonomy":"product_cat","embeddable":true,"href":"https:\/\/factory.sale\/et\/wp-json\/wp\/v2\/product_cat?post=22656"},{"taxonomy":"product_tag","embeddable":true,"href":"https:\/\/factory.sale\/et\/wp-json\/wp\/v2\/product_tag?post=22656"}],"curies":[{"name":"wp","href":"https:\/\/api.w.org\/{rel}","templated":true}]}}