{"id":22543,"date":"2023-02-07T14:44:05","date_gmt":"2023-02-07T14:44:05","guid":{"rendered":"https:\/\/factory.sale\/product\/round-cold-tub-from-spruce-1-2-person\/"},"modified":"2024-06-25T12:10:09","modified_gmt":"2024-06-25T12:10:09","slug":"ummargune-kulmavann-kuusest-1-2-inimest","status":"publish","type":"product","link":"https:\/\/factory.sale\/et\/toode\/ummargune-kulmavann-kuusest-1-2-inimest\/","title":{"rendered":"\u00dcmmargune k\u00fclmavann kuusest (1-2 inimest)"},"content":{"rendered":"<p><b>Tootekood:<\/b>\u00a0CS12001<\/p>\n<p>K\u00fclmavann on spetsiaalselt disainitud vann, mis t\u00e4idetakse k\u00fclma veega ja mida saab kasutada p\u00e4rast sauna v\u00f5i kuuma k\u00fcmblust\u00fcnni.<br \/>\nKeha kastmine k\u00fcmblust\u00fcnni v\u00f5i sauna ja seej\u00e4rel k\u00fclma vette v\u00f5ib olla v\u00e4ga kasulik. See k\u00fclm<br \/>\nveeteraapia ei aita mitte ainult leevendada lihaste ja liigeste valu v\u00f5i turset, vaid ka paraneda<br \/>\nkeha immuuns\u00fcsteem. H\u00fcppa lihtsalt k\u00fclma vanni, istu pingile, et katta kogu keha ja naudi<br \/>\nk\u00fclma vee teraapiat.<br \/>\nPuidust k\u00fclmas vannis suplemine tundub hubane ja looduss\u00f5bralik. Standardne k\u00fclmvanni k\u00f5rgus on 1 m, p\u00f5randa ja<br \/>\nk\u00fclgseinte paksus on 38 mm. K\u00f5ik k\u00fclma vanni jaoks kasutatavad kruvid on valmistatud roostevabast terasest.<br \/>\nVannipingid on kinnitatud seintele, mist\u00f5ttu on k\u00fclmavanni p\u00e4rast kasutamist lihtne puhastada. K\u00fclmavannis on vesi<br \/>\nt\u00fchjendusventiil, see on vooliku \u00fchendamiseks valmis, nii et vett saab t\u00fchjendada millal iganes soovite.<\/p>\n<p>&nbsp;<\/p>\n<p><strong>SPETSIFIKATSIOON<\/strong><br \/>\nInimesed 1-2 inimest<br \/>\nPuit Kuusk<br \/>\nKuju \u00fcmmargune<br \/>\nL\u00e4bim\u00f5\u00f5t 1165 mm<br \/>\nKoguk\u00f5rgus 1098 mm<br \/>\nSeina k\u00f5rgus 1045 mm<br \/>\nP\u00f5randa paksus 38 mm<br \/>\nSeina paksus 38 mm<br \/>\nV\u00e4lism\u00f5\u00f5t 1460 x 1349 mm<\/p>\n<p><strong>STANDARDKOMPLEKT<\/strong><br \/>\nPuidust k\u00fclmvann;<br \/>\nRoostevabast terasest pingutusrihmad;<br \/>\nSees puidust pingid;<br \/>\nV\u00e4ljalaskeventiil;<br \/>\nTrepid.<\/p>\n<p><strong>Toote pakend:<\/strong><\/p>\n<p>KIT versioon (saatekulu madalam).<br \/>\nSaate tellida kokkupanduna lisatasu eest 100 EUR.<\/p>\n<p><strong>Trepid:<\/strong><\/p>\n<p>3 sammu kuusest (standard)<br \/>\n2 sammu kuusest + 10 EUR<\/p>\n<p><strong>Kaas:<\/strong><\/p>\n<p>Telgi kate + 85<br \/>\nKuusepuidust kate + 105 EUR<br \/>\nKuusepuidust kate ja immutatud &#8220;Remmers&#8221; v\u00e4rviga + 125 EUR<\/p>\n<p>&nbsp;<\/p>\n<p><strong>KOHALETOIMETAMINE<\/strong><br \/>\nKokkupanemise aeg 2 tundi<br \/>\nKaubaaluste suurus (PxLxK) 1,40 x 1,20 x 0,60 m<br \/>\nKaal 150 kg<br \/>\nSaame tarnida t\u00e4ielikult kokkupandud k\u00fclmvanne v\u00f5i kokkupanemata ja alusele pakituna (KIT) koos<br \/>\n\u00fcksikasjalikud montaa\u017eijuhised ja joonised.<br \/>\nKokkupandud lasti suurus (P x L x K): 1,40 x 1,40 x 1,25 m.<br \/>\nKOMPLEKTSIOONI suurus (P x L x K): 1,40 x 1,20 x 0,60 m.<\/p>\n<p>&nbsp;<\/p>\n<p><strong>V\u00c4RVIGA IMMUTAMINE \u00a0(+120 Eur) V\u00e4rvikaart saadaval piltide all, paint (v\u00e4rv) ja stain (peits).<\/strong><\/p>\n<p><strong>Peitsida | V\u00e4rvida<\/strong><br \/>\n<strong>Millist t\u00fc\u00fcpi maali peaksin kasutama?<\/strong><\/p>\n<p>\u00d5ige v\u00e4rvimine ja immutamine on \u00fcks olulisemaid asju, mida tuleb arvestada, kui m\u00f5elda, kuidas oma toote eluiga pikendada.<br \/>\nV\u00e4rv ja naturaalne puidust viimistlus t\u00f5stavad teie toote esteetika koheselt esile.<br \/>\nPeate tegema otsuse, kas soovite kasutada veep\u00f5hist puidupeitsi v\u00f5i -v\u00e4rvi. M\u00f5lemad pakuvad teile UV-kaitset. Puidu peitsid lasevad puidu tekstuuril l\u00e4bi paista ja paljud on n\u00fc\u00fcd saadaval laias v\u00e4rvivalikus, kuid v\u00e4rvid annavad teile intensiivse v\u00e4rvi, kuid katavad puidu tera ja tekstuuri.<\/p>\n<p>*Puidust k\u00fcmblust\u00fcnni immutamise puhul soovitame valida puidupeitsi v\u00e4rvide hulgast!<\/p>\n<p>Veebilehel n\u00e4idatud v\u00e4rvid ei pruugi 100% \u00fchtida v\u00e4rviga, mida saate. Puitmaterjali v\u00e4rvus m\u00f5jutab l\u00f5plikku v\u00e4rvi.<\/p>\n<p><strong>K\u00f5ik n\u00e4idatud pildid on illustratiivsed. Tegelik toode v\u00f5ib olenevalt valitud suvanditest\/tarvikutest v\u00f5i toote t\u00e4iustustest erineda.<\/strong><\/p>\n","protected":false},"excerpt":{"rendered":"<p>K\u00fclmavann on spetsiaalselt disainitud vann, mis t\u00e4idetakse k\u00fclma veega ja mida saab kasutada p\u00e4rast sauna v\u00f5i kuuma k\u00fcmblust\u00fcnni.<br \/>\nKeha kastmine k\u00fcmblust\u00fcnni v\u00f5i sauna ja seej\u00e4rel k\u00fclma vette v\u00f5ib olla v\u00e4ga kasulik. See k\u00fclm<br \/>\nveeteraapia ei aita mitte ainult leevendada lihaste ja liigeste valu v\u00f5i turset, vaid ka paraneda<br \/>\nkeha immuuns\u00fcsteem. H\u00fcppa lihtsalt k\u00fclma vanni, istu pingile, et katta kogu keha ja naudi<br \/>\nk\u00fclma vee teraapiat.<\/p>\n","protected":false},"featured_media":22537,"comment_status":"open","ping_status":"closed","template":"","meta":{"_acf_changed":false},"factory":[],"free-shipment":[],"product_brand":[],"product_cat":[3027,2209],"product_tag":[2239],"class_list":{"0":"post-22543","1":"product","2":"type-product","3":"status-publish","4":"has-post-thumbnail","6":"product_cat-kulmaveetunnid","7":"product_cat-kumblustunnid","8":"product_tag-cold-tub-et","10":"first","11":"instock","12":"sale","13":"taxable","14":"shipping-taxable","15":"purchasable","16":"product-type-simple"},"acf":[],"_links":{"self":[{"href":"https:\/\/factory.sale\/et\/wp-json\/wp\/v2\/product\/22543","targetHints":{"allow":["GET"]}}],"collection":[{"href":"https:\/\/factory.sale\/et\/wp-json\/wp\/v2\/product"}],"about":[{"href":"https:\/\/factory.sale\/et\/wp-json\/wp\/v2\/types\/product"}],"replies":[{"embeddable":true,"href":"https:\/\/factory.sale\/et\/wp-json\/wp\/v2\/comments?post=22543"}],"wp:featuredmedia":[{"embeddable":true,"href":"https:\/\/factory.sale\/et\/wp-json\/wp\/v2\/media\/22537"}],"wp:attachment":[{"href":"https:\/\/factory.sale\/et\/wp-json\/wp\/v2\/media?parent=22543"}],"wp:term":[{"taxonomy":"factory","embeddable":true,"href":"https:\/\/factory.sale\/et\/wp-json\/wp\/v2\/factory?post=22543"},{"taxonomy":"free-shipment","embeddable":true,"href":"https:\/\/factory.sale\/et\/wp-json\/wp\/v2\/free-shipment?post=22543"},{"taxonomy":"product_brand","embeddable":true,"href":"https:\/\/factory.sale\/et\/wp-json\/wp\/v2\/product_brand?post=22543"},{"taxonomy":"product_cat","embeddable":true,"href":"https:\/\/factory.sale\/et\/wp-json\/wp\/v2\/product_cat?post=22543"},{"taxonomy":"product_tag","embeddable":true,"href":"https:\/\/factory.sale\/et\/wp-json\/wp\/v2\/product_tag?post=22543"}],"curies":[{"name":"wp","href":"https:\/\/api.w.org\/{rel}","templated":true}]}}