{"id":22342,"date":"2023-02-02T12:48:08","date_gmt":"2023-02-02T12:48:08","guid":{"rendered":"https:\/\/factory.sale\/product\/o-1-9m-hot-tub-from-spruce-6-8-person\/"},"modified":"2024-06-26T01:09:42","modified_gmt":"2024-06-26T01:09:42","slug":"o-1-9m-kumblustunn-kuusepuidust-6-8-inimest","status":"publish","type":"product","link":"https:\/\/factory.sale\/et\/toode\/o-1-9m-kumblustunn-kuusepuidust-6-8-inimest\/","title":{"rendered":"\u00d8 1.9m K\u00fcmblust\u00fcnn kuusepuidust (6-8 inimest)"},"content":{"rendered":"<p><b>Toote kood:<\/b>\u00a0 HS19001<\/p>\n<p>T\u00e4iustage oma l\u00f5\u00f5gastusm\u00e4ngu \u00d8 1,9M kuuse k\u00fcmblust\u00fcnniga! See kompaktne ja stiilne k\u00f5mblust\u00fcnn pakub t\u00e4iuslikku kombinatsiooni mugavusest taskukohase hinnaga. T\u00e4nu avarale \u00d8 1,9m suurusele saate koos oma l\u00e4hedastega nautida sooja k\u00fcmblust\u00fcnni mugavalt oma koduaias.<\/p>\n<p>Kui armastad naturaalset puitu, siis see toode sobib Sulle k\u00f5ige paremini, meie eesm\u00e4rk on pakkuda looduslikke tooteid ja kogemust, mida see rohelises keskkonnas pakub.<\/p>\n<p>Puidust k\u00fcmblust\u00fcnnis suplemine tundub hubane ja looduss\u00f5bralik. Meie puidust k\u00fcmblust\u00fcnnid saab valmistada kuusepuust<br \/>\nv\u00f5i termopuidust. Standardne k\u00fcmblust\u00fcnni s\u00fcgavus on 95 cm, p\u00f5randa ja k\u00fclgseinte paksus 38 mm. K\u00f5ik kruvid<br \/>\nk\u00fcmblust\u00fcnni jaoks kasutatavad on valmistatud roostevabast terasest. K\u00fcmblust\u00fcnni sees olev keris ja pingid on kinnitatud<br \/>\nseina k\u00fclge, nii et mullivanni on p\u00e4rast selle kasutamist lihtne puhastada. Samuti on v\u00e4lise puuk\u00fcttega ahjuga mudelid<br \/>\nsaadaval ja need mudelid mahuvad rohkem inimesi. K\u00fcmblust\u00fcnnis on vee v\u00e4ljalaskeklapp, mis on valmis<br \/>\nvooliku\u00fchenduse jaoks, nii et vett saab t\u00fchjendada millal iganes soovite.<\/p>\n<p>1,9 m k\u00fcmblust\u00fcnn \u2013 6 inimesele v\u00f5i 8 inimesele, kui k\u00fcmblust\u00fcnn on v\u00e4lisahjuga.<\/p>\n<p><strong>SPETSIFIKATSIOON<\/strong><\/p>\n<p>Inimesed: 6-8 inimest<br \/>\nPuit: Kuusk<br \/>\nKuju: \u00fcmmargune<br \/>\nKoguk\u00f5rgus: 1045 mm<br \/>\nP\u00f5randa paksus: 38 mm<br \/>\nSeina paksus: 38 mm<\/p>\n<p><strong>STANDARDKOMPLEKT<\/strong><\/p>\n<p>Kuusest valmistatud k\u00fcmblust\u00fcnn<br \/>\nRoostevabast terasest pingutusrihmad;<br \/>\nRoostevabast terasest k\u00fcttekeha korstnaga (mullivanni sees v\u00f5i v\u00e4ljas);<br \/>\nPuidust sisepingid;<br \/>\nK\u00fcmblust\u00fcnnide turvapiire, mille sees on k\u00fcttekehad;<br \/>\nV\u00e4ljalaskeventiil;<br \/>\nTrepid.<\/p>\n<p><strong>K\u00fcttekeha ja korsten:<\/strong><\/p>\n<ul>\n<li>Sisek\u00fcttekeha 304 roostevabast terasest (standardne)<\/li>\n<li>Sisek\u00fcttekeha 316 roostevabast terasest +125 EUR<\/li>\n<li>V\u00e4liskeris \u00fcmmargune 304 roostevaba teras + 225 EUR.<\/li>\n<li>V\u00e4liskeris \u00fcmmargune 316 roostevaba + 325 EUR.<\/li>\n<li>V\u00e4line 8 nurgaga k\u00fcttekeha, 304 roostevaba teras\u00a0 + 310 EUR<\/li>\n<li>V\u00e4line 8 nurgaga k\u00fcttekeha, 316 roostevaba teras\u00a0 + 425 EUR<\/li>\n<\/ul>\n<p><strong>Toote pakend:<\/strong><\/p>\n<ul>\n<li>KIT versioon (saatekulu madalam).<\/li>\n<li>Saate tellida kokkupanduna lisatasu eest 100 EUR.<\/li>\n<\/ul>\n<p><strong>Trepid:<\/strong><\/p>\n<ul>\n<li>3 sammu kuusest (standard)<\/li>\n<li>2 sammu kuusest + 10 EUR<\/li>\n<\/ul>\n<p>&nbsp;<\/p>\n<p><strong>K\u00fcljelaudade paksus:<\/strong> 38 mm<\/p>\n<p>&nbsp;<\/p>\n<p><strong>Korstna turvapiire:<\/strong><\/p>\n<ul>\n<li>Puidust turvapiire +90 EUR<\/li>\n<\/ul>\n<p><strong>Kaas: <\/strong><\/p>\n<ul>\n<li>Telgi kate + 105 EUR<\/li>\n<li>Kuusepuidust kate + 105 EUR<\/li>\n<li>Kuusepuidust kate ja immutatud &#8220;Remmers&#8221; v\u00e4rviga + 125 EUR<\/li>\n<\/ul>\n<p>&nbsp;<\/p>\n<p><strong>Lisavalikud:<\/strong><\/p>\n<ul>\n<li>Pudelihoidja kuusest +45 EUR<\/li>\n<li>P\u00e4ikesetermomeeter +40 EUR<\/li>\n<\/ul>\n<p>&nbsp;<\/p>\n<p><strong>KOHALETOIMETAMINE<\/strong><br \/>\nKokkupanemise aeg 6 tundi<br \/>\nAluste suurus (PxLxK) 2 x 1,2 x 0,6 m<br \/>\nKaal 315 kg<br \/>\nSaame tarnida t\u00e4ielikult kokkupandud k\u00fcmblust\u00fcnnid v\u00f5i mitte kokkupandud ja alusele pakituna (KIT) koos<br \/>\n\u00fcksikasjalikud montaa\u017eijuhised ja joonised. \u00dcks inimene saab meie mullivanni h\u00f5lpsalt kokku panna 6 tunniga<br \/>\ns\u00f5ltuvalt selle suurusest.<br \/>\n1,9 l\u00e4bim\u00f5\u00f5duga kokkupandud lasti suurus (P x L x K): 2,1 x 1,2 x 2,2 m.<br \/>\nTavalisse 13,6 m telkautosse saame laadida 50 tk KIT k\u00fcmblust\u00fcnne.<\/p>\n<ul>\n<li><strong>Kokkupandud lasti suurus (P x L x K): 2,1 x 1,2 x 2,2 m, KOMPLEKTSIOONI (KIT) suurus (P x L x K): 2 x 1,2 x 0,6 m. Kaal: 230 kg.<\/strong><\/li>\n<\/ul>\n<p>&nbsp;<\/p>\n<p><strong>V\u00c4RVIGA IMMUTAMINE \u00a0(+120 Eur) V\u00e4rvikaart saadaval piltide all, paint (v\u00e4rv) ja stain (peits).<\/strong><\/p>\n<p><strong>Peitsida | V\u00e4rvida<\/strong><br \/>\n<strong>Millist t\u00fc\u00fcpi maali peaksin kasutama?<\/strong><\/p>\n<p>\u00d5ige v\u00e4rvimine ja immutamine on \u00fcks olulisemaid asju, mida tuleb arvestada, kui m\u00f5elda, kuidas oma toote eluiga pikendada.<br \/>\nV\u00e4rv ja naturaalne puidust viimistlus t\u00f5stavad teie toote esteetika koheselt esile.<br \/>\nPeate tegema otsuse, kas soovite kasutada veep\u00f5hist puidupeitsi v\u00f5i -v\u00e4rvi. M\u00f5lemad pakuvad teile UV-kaitset. Puidu peitsid lasevad puidu tekstuuril l\u00e4bi paista ja paljud on n\u00fc\u00fcd saadaval laias v\u00e4rvivalikus, kuid v\u00e4rvid annavad teile intensiivse v\u00e4rvi, kuid katavad puidu tera ja tekstuuri.<\/p>\n<p>*Puidust k\u00fcmblust\u00fcnni immutamise puhul soovitame valida puidupeitsi v\u00e4rvide hulgast!<\/p>\n<p>Veebilehel n\u00e4idatud v\u00e4rvid ei pruugi 100% \u00fchtida v\u00e4rviga, mida saate. Puitmaterjali v\u00e4rvus m\u00f5jutab l\u00f5plikku v\u00e4rvi.<\/p>\n<p><strong>K\u00f5ik n\u00e4idatud pildid on illustratiivsed. Tegelik toode v\u00f5ib olenevalt valitud suvanditest\/tarvikutest v\u00f5i toote t\u00e4iustustest erineda.<\/strong><\/p>\n<p>&nbsp;<\/p>\n","protected":false},"excerpt":{"rendered":"<p>T\u00e4iustage oma l\u00f5\u00f5gastusm\u00e4ngu \u00d8 1,9M kuuse k\u00fcmblust\u00fcnniga! See kompaktne ja stiilne k\u00f5mblust\u00fcnn pakub t\u00e4iuslikku kombinatsiooni mugavusest taskukohase hinnaga. T\u00e4nu avarale \u00d8 1,9m suurusele saate koos oma l\u00e4hedastega nautida sooja k\u00fcmblust\u00fcnni mugavalt oma koduaias.<\/p>\n<p>Kui armastad naturaalset puitu, siis see toode sobib Sulle k\u00f5ige paremini, meie eesm\u00e4rk on pakkuda looduslikke tooteid ja kogemust, mida see rohelises keskkonnas pakub.<\/p>\n","protected":false},"featured_media":22332,"comment_status":"open","ping_status":"closed","template":"","meta":{"_acf_changed":false},"factory":[],"free-shipment":[],"product_brand":[],"product_cat":[2209,2593],"product_tag":[],"class_list":{"0":"post-22342","1":"product","2":"type-product","3":"status-publish","4":"has-post-thumbnail","6":"product_cat-kumblustunnid","7":"product_cat-puidust-kumblustunnid","9":"first","10":"instock","11":"sale","12":"taxable","13":"shipping-taxable","14":"purchasable","15":"product-type-simple"},"acf":[],"_links":{"self":[{"href":"https:\/\/factory.sale\/et\/wp-json\/wp\/v2\/product\/22342","targetHints":{"allow":["GET"]}}],"collection":[{"href":"https:\/\/factory.sale\/et\/wp-json\/wp\/v2\/product"}],"about":[{"href":"https:\/\/factory.sale\/et\/wp-json\/wp\/v2\/types\/product"}],"replies":[{"embeddable":true,"href":"https:\/\/factory.sale\/et\/wp-json\/wp\/v2\/comments?post=22342"}],"wp:featuredmedia":[{"embeddable":true,"href":"https:\/\/factory.sale\/et\/wp-json\/wp\/v2\/media\/22332"}],"wp:attachment":[{"href":"https:\/\/factory.sale\/et\/wp-json\/wp\/v2\/media?parent=22342"}],"wp:term":[{"taxonomy":"factory","embeddable":true,"href":"https:\/\/factory.sale\/et\/wp-json\/wp\/v2\/factory?post=22342"},{"taxonomy":"free-shipment","embeddable":true,"href":"https:\/\/factory.sale\/et\/wp-json\/wp\/v2\/free-shipment?post=22342"},{"taxonomy":"product_brand","embeddable":true,"href":"https:\/\/factory.sale\/et\/wp-json\/wp\/v2\/product_brand?post=22342"},{"taxonomy":"product_cat","embeddable":true,"href":"https:\/\/factory.sale\/et\/wp-json\/wp\/v2\/product_cat?post=22342"},{"taxonomy":"product_tag","embeddable":true,"href":"https:\/\/factory.sale\/et\/wp-json\/wp\/v2\/product_tag?post=22342"}],"curies":[{"name":"wp","href":"https:\/\/api.w.org\/{rel}","templated":true}]}}