{"id":22291,"date":"2023-02-02T08:23:17","date_gmt":"2023-02-02T08:37:02","guid":{"rendered":"https:\/\/factory.sale\/?post_type=product&#038;p=22291"},"modified":"2026-02-10T14:28:32","modified_gmt":"2026-02-10T11:28:32","slug":"peegeldi-cliff-keristele","status":"publish","type":"product","link":"https:\/\/factory.sale\/et\/toode\/peegeldi-cliff-keristele\/","title":{"rendered":"Soojuspeegeldi CLIFF keristele"},"content":{"rendered":"<h2><span style=\"font-size: 14pt;\">Soojuspeegeldi CLIFF keristele<\/span><\/h2>\n<p>Soojuspeegeldi asetamisel HUUM CLIFF kerisele on v\u00f5imalik saavutada seintest poole v\u00e4iksemad ohutuskaugused. Peegeldi on valmistatud roostevabast terasest ja paigaldatakse kerise k\u00fcljele v\u00f5i k\u00fclgedele. Peegeldeid on v\u00f5imalik omavahel \u00fchendada. Komplektis on \u00fcks peegeldi.<\/p>\n<p><strong>Soojuspeegeldi sobib j\u00e4rgmistele CLIFF keristele:<\/strong><\/p>\n<ul>\n<li>HUUM CLIFF 6kW<\/li>\n<li>HUUM CLIFF 9kW<\/li>\n<li>HUUM CLIFF 10,5kW<\/li>\n<\/ul>\n<p><strong>Toote andmed:<\/strong><\/p>\n<ul>\n<li>LAIUS: 27 cm<\/li>\n<li>K\u00d5RGUS: 97,5 cm<\/li>\n<\/ul>\n<p>EAN:4744103019380<\/p>\n<p>&nbsp;<\/p>\n<div class=\"video-wrapper \"><iframe loading=\"lazy\" title=\"HUUM CLIFF heat reflector\" src=\"https:\/\/player.vimeo.com\/video\/986254464?dnt=1&amp;app_id=122963\" width=\"500\" height=\"281\" frameborder=\"0\" allow=\"autoplay; fullscreen; picture-in-picture; clipboard-write; encrypted-media; web-share\" referrerpolicy=\"strict-origin-when-cross-origin\"><\/iframe><\/div>\n<p>&nbsp;<\/p>\n<p><a title=\"Vaata videot uues aknas\" href=\"https:\/\/vimeo.com\/986254464?fl=pl&amp;fe=vl\" target=\"_blank\" rel=\"noopener\">Vaata videot uues aknas<\/a><\/p>\n<p>&nbsp;<\/p>\n<p>Tutvu teiste sarnaste toodetega <a title=\"siin\" href=\"https:\/\/factory.sale\/et\/product-category\/sanitaartehnika\/saunaahjude-ja-keriste-lisad\/\">siin<\/a><\/p>\n","protected":false},"excerpt":{"rendered":"<p>Soojuspeegeldi CLIFF keristele asetamisel on v\u00f5imalik saavutada seintest poole v\u00e4iksemad ohutuskaugused. Peegeldi on valmistatud roostevabast terasest ja paigaldatakse kerise k\u00fcljele v\u00f5i k\u00fclgedele. Peegeldeid on v\u00f5imalik omavahel \u00fchendada. Komplektis on \u00fcks peegeldi.<\/p>\n","protected":false},"featured_media":100174,"comment_status":"open","ping_status":"closed","template":"","meta":{"_acf_changed":false},"factory":[],"free-shipment":[],"product_brand":[4432],"product_cat":[4891],"product_tag":[1079],"class_list":{"0":"post-22291","1":"product","2":"type-product","3":"status-publish","4":"has-post-thumbnail","6":"product_brand-huum-et","7":"product_cat-sauna-heater-and-stove-accessories","8":"product_tag-mirror","10":"first","11":"instock","12":"sale","13":"taxable","14":"shipping-taxable","15":"purchasable","16":"product-type-simple"},"acf":[],"_links":{"self":[{"href":"https:\/\/factory.sale\/et\/wp-json\/wp\/v2\/product\/22291","targetHints":{"allow":["GET"]}}],"collection":[{"href":"https:\/\/factory.sale\/et\/wp-json\/wp\/v2\/product"}],"about":[{"href":"https:\/\/factory.sale\/et\/wp-json\/wp\/v2\/types\/product"}],"replies":[{"embeddable":true,"href":"https:\/\/factory.sale\/et\/wp-json\/wp\/v2\/comments?post=22291"}],"wp:featuredmedia":[{"embeddable":true,"href":"https:\/\/factory.sale\/et\/wp-json\/wp\/v2\/media\/100174"}],"wp:attachment":[{"href":"https:\/\/factory.sale\/et\/wp-json\/wp\/v2\/media?parent=22291"}],"wp:term":[{"taxonomy":"factory","embeddable":true,"href":"https:\/\/factory.sale\/et\/wp-json\/wp\/v2\/factory?post=22291"},{"taxonomy":"free-shipment","embeddable":true,"href":"https:\/\/factory.sale\/et\/wp-json\/wp\/v2\/free-shipment?post=22291"},{"taxonomy":"product_brand","embeddable":true,"href":"https:\/\/factory.sale\/et\/wp-json\/wp\/v2\/product_brand?post=22291"},{"taxonomy":"product_cat","embeddable":true,"href":"https:\/\/factory.sale\/et\/wp-json\/wp\/v2\/product_cat?post=22291"},{"taxonomy":"product_tag","embeddable":true,"href":"https:\/\/factory.sale\/et\/wp-json\/wp\/v2\/product_tag?post=22291"}],"curies":[{"name":"wp","href":"https:\/\/api.w.org\/{rel}","templated":true}]}}