{"id":22271,"date":"2023-02-01T20:59:35","date_gmt":"2023-02-01T21:07:59","guid":{"rendered":"https:\/\/factory.sale\/?post_type=product&#038;p=22271"},"modified":"2026-02-10T14:34:20","modified_gmt":"2026-02-10T11:34:20","slug":"kaitsepiire-huum-cliff-kerisele","status":"publish","type":"product","link":"https:\/\/factory.sale\/et\/toode\/kaitsepiire-huum-cliff-kerisele\/","title":{"rendered":"Kaitsepiire HUUM CLIFF kerisele"},"content":{"rendered":"<h2><span style=\"font-size: 14pt;\">Ohutus ja stiil \u00fches \u2013 kaitsepiire HUUM CLIFF kerisele<\/span><\/h2>\n<p>Kaitsepiire CLIFF kerisele t\u00f5stab ohutuse saunas uuele tasemele ja lisab Sinu kerise stiili. See hoiab \u00e4ra juhuslikud kokkupuuted kuuma kerisega ja n\u00e4eb sealjuures hea v\u00e4lja.<\/p>\n<p><strong>Piire on valmistatud heledast puidust ja sobib j\u00e4rgmistele CLIFF keristele:<\/strong><\/p>\n<ul>\n<li>HUUM CLIFF 6kW<\/li>\n<li>HUUM CLIFF 9kW<\/li>\n<li>HUUM CLIFF 10,5kW<\/li>\n<\/ul>\n<p><strong>Tehnilised andmed:<\/strong><\/p>\n<ul>\n<li>KAAL: 2 kg<\/li>\n<li>PIKKUS: 54,5 cm<\/li>\n<li>LAIUS: 54,5 cm<\/li>\n<li>EAN: 4744103019342<\/li>\n<\/ul>\n<p>&nbsp;<\/p>\n<div class=\"video-wrapper \"><iframe loading=\"lazy\" title=\"HUUM CLIFF safety railing\" src=\"https:\/\/player.vimeo.com\/video\/986267389?dnt=1&amp;app_id=122963\" width=\"500\" height=\"281\" frameborder=\"0\" allow=\"autoplay; fullscreen; picture-in-picture; clipboard-write; encrypted-media; web-share\" referrerpolicy=\"strict-origin-when-cross-origin\"><\/iframe><\/div>\n<p>&nbsp;<\/p>\n<p><a title=\"Vaata videot uues aknas\" href=\"https:\/\/vimeo.com\/986267389?fl=pl&amp;fe=vl\" target=\"_blank\" rel=\"noopener\">Vaata videot uues aknas<\/a><\/p>\n<p>Tutvu teiste sarnaste toodetega <a title=\"siin\" href=\"https:\/\/factory.sale\/et\/product-category\/sanitaartehnika\/saunaahjude-ja-keriste-lisad\/\">siin<\/a><\/p>\n","protected":false},"excerpt":{"rendered":"<p>Kaitsepiire HUUM CLIFF kerisele t\u00f5stab ohutuse saunas uuele tasemele ja lisab Sinu kerise stiili. See hoiab \u00e4ra juhuslikud kokkupuuted kuuma kerisega ja n\u00e4eb sealjuures hea v\u00e4lja.<\/p>\n","protected":false},"featured_media":100034,"comment_status":"open","ping_status":"closed","template":"","meta":{"_acf_changed":false},"factory":[],"free-shipment":[],"product_brand":[4432],"product_cat":[4892],"product_tag":[718],"class_list":{"0":"post-22271","1":"product","2":"type-product","3":"status-publish","4":"has-post-thumbnail","6":"product_brand-huum-et","7":"product_cat-saunaahjude-ja-keriste-lisad","8":"product_tag-huum-et","10":"first","11":"instock","12":"sale","13":"taxable","14":"shipping-taxable","15":"purchasable","16":"product-type-simple"},"acf":[],"_links":{"self":[{"href":"https:\/\/factory.sale\/et\/wp-json\/wp\/v2\/product\/22271","targetHints":{"allow":["GET"]}}],"collection":[{"href":"https:\/\/factory.sale\/et\/wp-json\/wp\/v2\/product"}],"about":[{"href":"https:\/\/factory.sale\/et\/wp-json\/wp\/v2\/types\/product"}],"replies":[{"embeddable":true,"href":"https:\/\/factory.sale\/et\/wp-json\/wp\/v2\/comments?post=22271"}],"wp:featuredmedia":[{"embeddable":true,"href":"https:\/\/factory.sale\/et\/wp-json\/wp\/v2\/media\/100034"}],"wp:attachment":[{"href":"https:\/\/factory.sale\/et\/wp-json\/wp\/v2\/media?parent=22271"}],"wp:term":[{"taxonomy":"factory","embeddable":true,"href":"https:\/\/factory.sale\/et\/wp-json\/wp\/v2\/factory?post=22271"},{"taxonomy":"free-shipment","embeddable":true,"href":"https:\/\/factory.sale\/et\/wp-json\/wp\/v2\/free-shipment?post=22271"},{"taxonomy":"product_brand","embeddable":true,"href":"https:\/\/factory.sale\/et\/wp-json\/wp\/v2\/product_brand?post=22271"},{"taxonomy":"product_cat","embeddable":true,"href":"https:\/\/factory.sale\/et\/wp-json\/wp\/v2\/product_cat?post=22271"},{"taxonomy":"product_tag","embeddable":true,"href":"https:\/\/factory.sale\/et\/wp-json\/wp\/v2\/product_tag?post=22271"}],"curies":[{"name":"wp","href":"https:\/\/api.w.org\/{rel}","templated":true}]}}