{"id":22264,"date":"2023-02-01T16:32:48","date_gmt":"2023-02-01T16:37:43","guid":{"rendered":"https:\/\/factory.sale\/?post_type=product&#038;p=22264"},"modified":"2026-02-10T14:44:51","modified_gmt":"2026-02-10T11:44:51","slug":"peegeldi-huum-hive-mini-kerisele-hive-mini-hive-heat-hive-wood-13","status":"publish","type":"product","link":"https:\/\/factory.sale\/et\/toode\/peegeldi-huum-hive-mini-kerisele-hive-mini-hive-heat-hive-wood-13\/","title":{"rendered":"Peegeldi HUUM HIVE Mini kerisele (HIVE MINI, HIVE WOOD 13)"},"content":{"rendered":"<h2><span style=\"font-size: 14pt;\">Peegeldi HUUM HIVE Mini kerisele (HIVE MINI, HIVE WOOD 13)<\/span><\/h2>\n<p>Soojuspeegeldi asetamisel HUUM HIVE Mini kerisele on v\u00f5imalik saavutada seintest poole v\u00e4iksemad ohutuskaugused. Peegeldi on valmistatud roostevabast terasest ja paigaldatakse kerise k\u00fcljele. Soojuspeegeldeid on v\u00f5imalik omavahel \u00fchendada. Komplektis on \u00fcks peegeldi.<\/p>\n<p>&nbsp;<\/p>\n<p><strong>Peegeldi sobib j\u00e4rgmistele HIVE Mini keristele:<\/strong><\/p>\n<ul>\n<li>HUUM HIVE Mini 6kW<\/li>\n<li>HUUM HIVE Mini 9kW<\/li>\n<li>HUUM HIVE Mini 10,5kW<\/li>\n<li>HUUM HIVE Wood 13kW<\/li>\n<li>EAN: 4744103019182<\/li>\n<\/ul>\n<p>&nbsp;<\/p>\n<div class=\"video-wrapper \"><iframe loading=\"lazy\" title=\"HUUM Sauna\" width=\"500\" height=\"281\" src=\"https:\/\/www.youtube.com\/embed\/iwtstDYE1Do?feature=oembed\" frameborder=\"0\" allow=\"accelerometer; autoplay; clipboard-write; encrypted-media; gyroscope; picture-in-picture; web-share\" referrerpolicy=\"strict-origin-when-cross-origin\" allowfullscreen><\/iframe><\/div>\n<p>&nbsp;<\/p>\n<p><a title=\"Vaata videot uues aknas\" href=\"https:\/\/www.youtube.com\/watch?v=iwtstDYE1Do\" target=\"_blank\" rel=\"noopener\">Vaata videot uues aknas<\/a><\/p>\n<p>Tutvu teiste sarnaste toodetega <a title=\"siin\" href=\"https:\/\/factory.sale\/et\/product-category\/sanitaartehnika\/saunaahjude-ja-keriste-lisad\/\">siin<\/a><\/p>\n","protected":false},"excerpt":{"rendered":"<p>Peegeldi HUUM HIVE Mini kerisele asetamisega on v\u00f5imalik saavutada seintest poole v\u00e4iksemad ohutuskaugused. Peegeldi on valmistatud roostevabast terasest ja paigaldatakse kerise k\u00fcljele. Peegeldeid on v\u00f5imalik omavahel \u00fchendada. Komplektis on \u00fcks peegeldi.<\/p>\n","protected":false},"featured_media":100147,"comment_status":"open","ping_status":"closed","template":"","meta":{"_acf_changed":false},"factory":[],"free-shipment":[],"product_brand":[4432],"product_cat":[4892],"product_tag":[718,2207],"class_list":{"0":"post-22264","1":"product","2":"type-product","3":"status-publish","4":"has-post-thumbnail","6":"product_brand-huum-et","7":"product_cat-saunaahjude-ja-keriste-lisad","8":"product_tag-huum-et","9":"product_tag-reflector-et","11":"first","12":"instock","13":"sale","14":"taxable","15":"shipping-taxable","16":"purchasable","17":"product-type-simple"},"acf":[],"_links":{"self":[{"href":"https:\/\/factory.sale\/et\/wp-json\/wp\/v2\/product\/22264","targetHints":{"allow":["GET"]}}],"collection":[{"href":"https:\/\/factory.sale\/et\/wp-json\/wp\/v2\/product"}],"about":[{"href":"https:\/\/factory.sale\/et\/wp-json\/wp\/v2\/types\/product"}],"replies":[{"embeddable":true,"href":"https:\/\/factory.sale\/et\/wp-json\/wp\/v2\/comments?post=22264"}],"wp:featuredmedia":[{"embeddable":true,"href":"https:\/\/factory.sale\/et\/wp-json\/wp\/v2\/media\/100147"}],"wp:attachment":[{"href":"https:\/\/factory.sale\/et\/wp-json\/wp\/v2\/media?parent=22264"}],"wp:term":[{"taxonomy":"factory","embeddable":true,"href":"https:\/\/factory.sale\/et\/wp-json\/wp\/v2\/factory?post=22264"},{"taxonomy":"free-shipment","embeddable":true,"href":"https:\/\/factory.sale\/et\/wp-json\/wp\/v2\/free-shipment?post=22264"},{"taxonomy":"product_brand","embeddable":true,"href":"https:\/\/factory.sale\/et\/wp-json\/wp\/v2\/product_brand?post=22264"},{"taxonomy":"product_cat","embeddable":true,"href":"https:\/\/factory.sale\/et\/wp-json\/wp\/v2\/product_cat?post=22264"},{"taxonomy":"product_tag","embeddable":true,"href":"https:\/\/factory.sale\/et\/wp-json\/wp\/v2\/product_tag?post=22264"}],"curies":[{"name":"wp","href":"https:\/\/api.w.org\/{rel}","templated":true}]}}