{"id":22261,"date":"2023-02-01T15:54:14","date_gmt":"2023-02-01T15:54:14","guid":{"rendered":"https:\/\/factory.sale\/product\/huum-hive-heat-reflector-for-hive-hive-wood-17\/"},"modified":"2026-02-10T16:24:09","modified_gmt":"2026-02-10T13:24:09","slug":"huum-hive-peegeldi-mudelitele-hive-hive-wood-17","status":"publish","type":"product","link":"https:\/\/factory.sale\/et\/toode\/huum-hive-peegeldi-mudelitele-hive-hive-wood-17\/","title":{"rendered":"HUUM HIVE peegeldi (mudelitele HIVE, HIVE Wood 17)"},"content":{"rendered":"<h2><span style=\"font-size: 14pt;\">HUUM HIVE peegeldi (mudelitele HIVE, HIVE Wood 17)<\/span><\/h2>\n<p>Soojuspeegeldi asetamisel HUUM HIVE kerisele on v\u00f5imalik saavutada seintest poole v\u00e4iksemad ohutuskaugused. Peegeldi on valmistatud roostevabast terasest ja paigaldatakse kerise k\u00fcljele. Peegeldeid on v\u00f5imalik omavahel \u00fchendada. Komplektis on \u00fcks soojuspeegeldi.<\/p>\n<p>Peegeldi sobib j\u00e4rgmistele HIVE keristele:<\/p>\n<p>HUUM HIVE 12kW<br \/>\nHUUM HIVE 15kW<br \/>\nHUUM HIVE 18kW<br \/>\nHUUM HIVE Wood 17kW<br \/>\nHUUM HIVE Wood 17kW LS<\/p>\n<p>EAN 4744103019175<\/p>\n<p>&nbsp;<\/p>\n<div class=\"video-wrapper \"><iframe loading=\"lazy\" title=\"HUUM HIVE heat reflector\" src=\"https:\/\/player.vimeo.com\/video\/986257307?dnt=1&amp;app_id=122963\" width=\"500\" height=\"281\" frameborder=\"0\" allow=\"autoplay; fullscreen; picture-in-picture; clipboard-write; encrypted-media; web-share\" referrerpolicy=\"strict-origin-when-cross-origin\"><\/iframe><\/div>\n<p>&nbsp;<\/p>\n<p><a title=\"Vaata videot uues aknas\" href=\"https:\/\/vimeo.com\/986257307?fl=pl&amp;fe=vl\" target=\"_blank\" rel=\"noopener\">Vaata videot uues aknas<\/a><\/p>\n<p>Tutvu teiste sarnaste toodetega <a title=\"siin\" href=\"https:\/\/factory.sale\/et\/product-category\/sanitaartehnika\/saunaahjude-ja-keriste-lisad\/\">siin<\/a><\/p>\n","protected":false},"excerpt":{"rendered":"<p>HUUM HIVE peegeldi asetamisel kerisele on v\u00f5imalik saavutada seintest poole v\u00e4iksemad ohutuskaugused. Peegeldi on valmistatud roostevabast terasest ja paigaldatakse kerise k\u00fcljele. Peegeldeid on v\u00f5imalik omavahel \u00fchendada. Komplektis on \u00fcks soojuspeegeldi.<\/p>\n","protected":false},"featured_media":100144,"comment_status":"open","ping_status":"closed","template":"","meta":{"_acf_changed":false},"factory":[],"free-shipment":[],"product_brand":[4432],"product_cat":[4892],"product_tag":[718,2207],"class_list":{"0":"post-22261","1":"product","2":"type-product","3":"status-publish","4":"has-post-thumbnail","6":"product_brand-huum-et","7":"product_cat-saunaahjude-ja-keriste-lisad","8":"product_tag-huum-et","9":"product_tag-reflector-et","11":"first","12":"instock","13":"sale","14":"taxable","15":"shipping-taxable","16":"purchasable","17":"product-type-simple"},"acf":[],"_links":{"self":[{"href":"https:\/\/factory.sale\/et\/wp-json\/wp\/v2\/product\/22261","targetHints":{"allow":["GET"]}}],"collection":[{"href":"https:\/\/factory.sale\/et\/wp-json\/wp\/v2\/product"}],"about":[{"href":"https:\/\/factory.sale\/et\/wp-json\/wp\/v2\/types\/product"}],"replies":[{"embeddable":true,"href":"https:\/\/factory.sale\/et\/wp-json\/wp\/v2\/comments?post=22261"}],"wp:featuredmedia":[{"embeddable":true,"href":"https:\/\/factory.sale\/et\/wp-json\/wp\/v2\/media\/100144"}],"wp:attachment":[{"href":"https:\/\/factory.sale\/et\/wp-json\/wp\/v2\/media?parent=22261"}],"wp:term":[{"taxonomy":"factory","embeddable":true,"href":"https:\/\/factory.sale\/et\/wp-json\/wp\/v2\/factory?post=22261"},{"taxonomy":"free-shipment","embeddable":true,"href":"https:\/\/factory.sale\/et\/wp-json\/wp\/v2\/free-shipment?post=22261"},{"taxonomy":"product_brand","embeddable":true,"href":"https:\/\/factory.sale\/et\/wp-json\/wp\/v2\/product_brand?post=22261"},{"taxonomy":"product_cat","embeddable":true,"href":"https:\/\/factory.sale\/et\/wp-json\/wp\/v2\/product_cat?post=22261"},{"taxonomy":"product_tag","embeddable":true,"href":"https:\/\/factory.sale\/et\/wp-json\/wp\/v2\/product_tag?post=22261"}],"curies":[{"name":"wp","href":"https:\/\/api.w.org\/{rel}","templated":true}]}}