{"id":22226,"date":"2023-02-01T15:33:47","date_gmt":"2023-02-01T15:33:47","guid":{"rendered":"https:\/\/factory.sale\/product\/huum-hive-embedding-flange-for-hive-12-15-18\/"},"modified":"2026-02-10T16:34:37","modified_gmt":"2026-02-10T13:34:37","slug":"huum-hive-uputuskrae-mudelitele-hive-12-15-18","status":"publish","type":"product","link":"https:\/\/factory.sale\/et\/toode\/huum-hive-uputuskrae-mudelitele-hive-12-15-18\/","title":{"rendered":"HUUM HIVE uputuskrae (mudelitele HIVE 12, 15, 18)"},"content":{"rendered":"<h2><span style=\"font-size: 14pt;\">HUUM HIVE uputuskrae (mudelitele HIVE 12, 15, 18)<\/span><\/h2>\n<p>Uputuskrae on valmistatud roostevabast terasest ja katab kerise \u00fcmber olevad eba\u00fchtlased puidust servad, luues puhta ja atraktiivse viimistluse.<\/p>\n<p>KAAL 1,5 kg<br \/>\nSISEL\u00c4BIM\u00d5\u00d5T\u00a0 57,5 cm<br \/>\nV\u00c4LISL\u00c4BIM\u00d5\u00d5T\u00a0 73,5 cm<\/p>\n<p>EAN 4744103019144<\/p>\n<div class=\"video-wrapper \"><iframe loading=\"lazy\" title=\"HUUM HIVE embedding\" src=\"https:\/\/player.vimeo.com\/video\/986248138?dnt=1&amp;app_id=122963\" width=\"500\" height=\"281\" frameborder=\"0\" allow=\"autoplay; fullscreen; picture-in-picture; clipboard-write; encrypted-media; web-share\" referrerpolicy=\"strict-origin-when-cross-origin\"><\/iframe><\/div>\n<p>&nbsp;<\/p>\n<p><a title=\"Vaata videot uues aknas\" href=\"https:\/\/vimeo.com\/986248138\" target=\"_blank\" rel=\"noopener\">Vaata videot uues aknas<\/a><\/p>\n<p>Tutvu teiste sarnaste toodetega <a title=\"siin\" href=\"https:\/\/factory.sale\/et\/product-category\/sanitaartehnika\/saunaahjude-ja-keriste-lisad\/\">siin<\/a><\/p>\n<p>&nbsp;<\/p>\n","protected":false},"excerpt":{"rendered":"<p>HUUM HIVE uputuskrae on valmistatud roostevabast terasest ja katab kerise \u00fcmber olevad eba\u00fchtlased puidust servad, luues puhta ja atraktiivse viimistluse.<\/p>\n","protected":false},"featured_media":100153,"comment_status":"open","ping_status":"closed","template":"","meta":{"_acf_changed":false},"factory":[],"free-shipment":[],"product_brand":[4432],"product_cat":[4891],"product_tag":[1184,715],"class_list":{"0":"post-22226","1":"product","2":"type-product","3":"status-publish","4":"has-post-thumbnail","6":"product_brand-huum-et","7":"product_cat-sauna-heater-and-stove-accessories","8":"product_tag-embedding-flange","9":"product_tag-huum","11":"first","12":"instock","13":"sale","14":"taxable","15":"shipping-taxable","16":"purchasable","17":"product-type-simple"},"acf":[],"_links":{"self":[{"href":"https:\/\/factory.sale\/et\/wp-json\/wp\/v2\/product\/22226","targetHints":{"allow":["GET"]}}],"collection":[{"href":"https:\/\/factory.sale\/et\/wp-json\/wp\/v2\/product"}],"about":[{"href":"https:\/\/factory.sale\/et\/wp-json\/wp\/v2\/types\/product"}],"replies":[{"embeddable":true,"href":"https:\/\/factory.sale\/et\/wp-json\/wp\/v2\/comments?post=22226"}],"wp:featuredmedia":[{"embeddable":true,"href":"https:\/\/factory.sale\/et\/wp-json\/wp\/v2\/media\/100153"}],"wp:attachment":[{"href":"https:\/\/factory.sale\/et\/wp-json\/wp\/v2\/media?parent=22226"}],"wp:term":[{"taxonomy":"factory","embeddable":true,"href":"https:\/\/factory.sale\/et\/wp-json\/wp\/v2\/factory?post=22226"},{"taxonomy":"free-shipment","embeddable":true,"href":"https:\/\/factory.sale\/et\/wp-json\/wp\/v2\/free-shipment?post=22226"},{"taxonomy":"product_brand","embeddable":true,"href":"https:\/\/factory.sale\/et\/wp-json\/wp\/v2\/product_brand?post=22226"},{"taxonomy":"product_cat","embeddable":true,"href":"https:\/\/factory.sale\/et\/wp-json\/wp\/v2\/product_cat?post=22226"},{"taxonomy":"product_tag","embeddable":true,"href":"https:\/\/factory.sale\/et\/wp-json\/wp\/v2\/product_tag?post=22226"}],"curies":[{"name":"wp","href":"https:\/\/api.w.org\/{rel}","templated":true}]}}