{"id":22221,"date":"2023-02-01T15:30:09","date_gmt":"2023-02-01T15:39:03","guid":{"rendered":"https:\/\/factory.sale\/?post_type=product&#038;p=22221"},"modified":"2026-02-10T16:46:20","modified_gmt":"2026-02-10T13:46:20","slug":"uputuskrae-huum-hive-mini-keristele-hive-mini-6-9-11","status":"publish","type":"product","link":"https:\/\/factory.sale\/et\/toode\/uputuskrae-huum-hive-mini-keristele-hive-mini-6-9-11\/","title":{"rendered":"Uputuskrae HUUM HIVE Mini keristele (HIVE Mini 6, 9, 11)"},"content":{"rendered":"<h2><span style=\"font-size: 14pt;\">Uputuskrae HUUM HIVE Mini keristele (HIVE Mini 6, 9, 11)<\/span><\/h2>\n<p>Kui soovid naabrist erineda ja paigaldada oma HUUM HIVE Mini kerise osaliselt saunalava sisse, siis kulub uputuskrae marjaks \u00e4ra. See on valmistatud roostevabast terasest ja katab kerise \u00fcmber olevad eba\u00fchtlased puidust servad, luues puhta ja atraktiivse l\u00f5pptulemuse.<\/p>\n<p><strong>Tehnilised andmed:<\/strong><\/p>\n<ul>\n<li>KAAL: 1,5 kg<\/li>\n<li>SISEMINE L\u00c4BIM\u00d5\u00d5T: 46,5 cm<\/li>\n<li>V\u00c4LIMINE L\u00c4BIM\u00d5\u00d5T: 62,5 cm<\/li>\n<li>EAN: 4744103019137<\/li>\n<\/ul>\n<p>&nbsp;<\/p>\n<div class=\"video-wrapper \"><iframe loading=\"lazy\" title=\"HUUM HIVE embedding\" src=\"https:\/\/player.vimeo.com\/video\/986248138?dnt=1&amp;app_id=122963\" width=\"500\" height=\"281\" frameborder=\"0\" allow=\"autoplay; fullscreen; picture-in-picture; clipboard-write; encrypted-media; web-share\" referrerpolicy=\"strict-origin-when-cross-origin\"><\/iframe><\/div>\n<p>&nbsp;<\/p>\n<p><a title=\"Vaata videot uues aknas\" href=\"https:\/\/vimeo.com\/986248138\" target=\"_blank\" rel=\"noopener\">Vaata videot uues aknas<\/a><\/p>\n<p>Tutvu teiste sarnaste toodetega <a title=\"siin\" href=\"https:\/\/factory.sale\/et\/product-category\/sanitaartehnika\/saunaahjude-ja-keriste-lisad\/\">siin<\/a><\/p>\n","protected":false},"excerpt":{"rendered":"<p>Kui soovid naabrist erineda ja paigaldada oma HIVE Mini kerise osaliselt saunalava sisse, siis kulub uputuskrae HUUM HIVE marjaks \u00e4ra. See on valmistatud roostevabast terasest ja katab kerise \u00fcmber olevad eba\u00fchtlased puidust servad, luues puhta ja atraktiivse l\u00f5pptulemuse.<\/p>\n","protected":false},"featured_media":100156,"comment_status":"open","ping_status":"closed","template":"","meta":{"_acf_changed":false},"factory":[],"free-shipment":[],"product_brand":[4432],"product_cat":[4892],"product_tag":[718,4973],"class_list":{"0":"post-22221","1":"product","2":"type-product","3":"status-publish","4":"has-post-thumbnail","6":"product_brand-huum-et","7":"product_cat-saunaahjude-ja-keriste-lisad","8":"product_tag-huum-et","9":"product_tag-huum-hive-mini-et","11":"first","12":"instock","13":"sale","14":"taxable","15":"shipping-taxable","16":"purchasable","17":"product-type-simple"},"acf":[],"_links":{"self":[{"href":"https:\/\/factory.sale\/et\/wp-json\/wp\/v2\/product\/22221","targetHints":{"allow":["GET"]}}],"collection":[{"href":"https:\/\/factory.sale\/et\/wp-json\/wp\/v2\/product"}],"about":[{"href":"https:\/\/factory.sale\/et\/wp-json\/wp\/v2\/types\/product"}],"replies":[{"embeddable":true,"href":"https:\/\/factory.sale\/et\/wp-json\/wp\/v2\/comments?post=22221"}],"wp:featuredmedia":[{"embeddable":true,"href":"https:\/\/factory.sale\/et\/wp-json\/wp\/v2\/media\/100156"}],"wp:attachment":[{"href":"https:\/\/factory.sale\/et\/wp-json\/wp\/v2\/media?parent=22221"}],"wp:term":[{"taxonomy":"factory","embeddable":true,"href":"https:\/\/factory.sale\/et\/wp-json\/wp\/v2\/factory?post=22221"},{"taxonomy":"free-shipment","embeddable":true,"href":"https:\/\/factory.sale\/et\/wp-json\/wp\/v2\/free-shipment?post=22221"},{"taxonomy":"product_brand","embeddable":true,"href":"https:\/\/factory.sale\/et\/wp-json\/wp\/v2\/product_brand?post=22221"},{"taxonomy":"product_cat","embeddable":true,"href":"https:\/\/factory.sale\/et\/wp-json\/wp\/v2\/product_cat?post=22221"},{"taxonomy":"product_tag","embeddable":true,"href":"https:\/\/factory.sale\/et\/wp-json\/wp\/v2\/product_tag?post=22221"}],"curies":[{"name":"wp","href":"https:\/\/api.w.org\/{rel}","templated":true}]}}