{"id":22203,"date":"2023-02-01T15:21:01","date_gmt":"2023-02-01T15:21:01","guid":{"rendered":"https:\/\/factory.sale\/product\/hive-safety-railing-for-hive-12-15-18\/"},"modified":"2026-02-10T18:36:14","modified_gmt":"2026-02-10T15:36:14","slug":"huum-hive-kaitsepiire-mudelitele-hive-12-15-18","status":"publish","type":"product","link":"https:\/\/factory.sale\/et\/toode\/huum-hive-kaitsepiire-mudelitele-hive-12-15-18\/","title":{"rendered":"HUUM HIVE kaitsepiire (mudelitele HIVE 12, 15, 18)"},"content":{"rendered":"<h2><span style=\"font-size: 14pt;\">HUUM HIVE kaitsepiire (mudelitele HIVE 12, 15, 18)<\/span><\/h2>\n<p>Kaitsepiire HUUM HIVE elektrikeristele t\u00f5stab ohutuse saunas uuele tasemele ja muudab Sinu kerise oluliselt stiilsemaks. See hoiab \u00e4ra juhuslikud kokkupuuted kuuma kerisega ja n\u00e4eb sealjuures v\u00e4ga hea v\u00e4lja.<\/p>\n<p>Kaitsepiire kaared on valmistatud heledast puidust ja kinnitused roostevabast terasest.<\/p>\n<p>Selle paigaldamine on lihtne ja kiire. Fikseeri metallist kinnitused kerise esimese ja teise metallr\u00f5nga vahele, kruvi puidust kaared kinnituste k\u00fclge ja naudi ohutut\/ilusat tulemust.<\/p>\n<p>Kaal\u00a0 2 kg<br \/>\nDiameeter 65.5 cm<\/p>\n<p>EAN 4744103019120<\/p>\n<p>&nbsp;<\/p>\n<div class=\"video-wrapper \"><iframe loading=\"lazy\" title=\"HUUM HIVE safety railing installation\" src=\"https:\/\/player.vimeo.com\/video\/986260672?dnt=1&amp;app_id=122963\" width=\"500\" height=\"281\" frameborder=\"0\" allow=\"autoplay; fullscreen; picture-in-picture; clipboard-write; encrypted-media; web-share\" referrerpolicy=\"strict-origin-when-cross-origin\"><\/iframe><\/div>\n<p>&nbsp;<\/p>\n<p><a title=\"Vaata videot uues aknas\" href=\"https:\/\/vimeo.com\/986260672?fl=pl&amp;fe=vl\" target=\"_blank\" rel=\"noopener\">Vaata videot uues aknas<\/a><\/p>\n<p>Tutvu teiste sarnaste toodetega <a title=\"siin\" href=\"https:\/\/factory.sale\/et\/product-category\/sanitaartehnika\/saunaahjude-ja-keriste-lisad\/\">siin<\/a><\/p>\n","protected":false},"excerpt":{"rendered":"<p>HUUM HIVE kaitsepiire\u00a0 elektrikeristele t\u00f5stab ohutuse saunas uuele tasemele ja muudab Sinu kerise oluliselt stiilsemaks. See hoiab \u00e4ra juhuslikud kokkupuuted kuuma kerisega ja n\u00e4eb sealjuures v\u00e4ga hea v\u00e4lja.<\/p>\n","protected":false},"featured_media":100159,"comment_status":"open","ping_status":"closed","template":"","meta":{"_acf_changed":false},"factory":[],"free-shipment":[],"product_brand":[4432],"product_cat":[4892],"product_tag":[2199,2200],"class_list":{"0":"post-22203","1":"product","2":"type-product","3":"status-publish","4":"has-post-thumbnail","6":"product_brand-huum-et","7":"product_cat-saunaahjude-ja-keriste-lisad","8":"product_tag-huum-safety-barrier-et","9":"product_tag-safety-railing-et","11":"first","12":"instock","13":"sale","14":"taxable","15":"shipping-taxable","16":"purchasable","17":"product-type-simple"},"acf":[],"_links":{"self":[{"href":"https:\/\/factory.sale\/et\/wp-json\/wp\/v2\/product\/22203","targetHints":{"allow":["GET"]}}],"collection":[{"href":"https:\/\/factory.sale\/et\/wp-json\/wp\/v2\/product"}],"about":[{"href":"https:\/\/factory.sale\/et\/wp-json\/wp\/v2\/types\/product"}],"replies":[{"embeddable":true,"href":"https:\/\/factory.sale\/et\/wp-json\/wp\/v2\/comments?post=22203"}],"wp:featuredmedia":[{"embeddable":true,"href":"https:\/\/factory.sale\/et\/wp-json\/wp\/v2\/media\/100159"}],"wp:attachment":[{"href":"https:\/\/factory.sale\/et\/wp-json\/wp\/v2\/media?parent=22203"}],"wp:term":[{"taxonomy":"factory","embeddable":true,"href":"https:\/\/factory.sale\/et\/wp-json\/wp\/v2\/factory?post=22203"},{"taxonomy":"free-shipment","embeddable":true,"href":"https:\/\/factory.sale\/et\/wp-json\/wp\/v2\/free-shipment?post=22203"},{"taxonomy":"product_brand","embeddable":true,"href":"https:\/\/factory.sale\/et\/wp-json\/wp\/v2\/product_brand?post=22203"},{"taxonomy":"product_cat","embeddable":true,"href":"https:\/\/factory.sale\/et\/wp-json\/wp\/v2\/product_cat?post=22203"},{"taxonomy":"product_tag","embeddable":true,"href":"https:\/\/factory.sale\/et\/wp-json\/wp\/v2\/product_tag?post=22203"}],"curies":[{"name":"wp","href":"https:\/\/api.w.org\/{rel}","templated":true}]}}