{"id":22145,"date":"2023-02-01T11:27:36","date_gmt":"2023-02-01T11:27:36","guid":{"rendered":"https:\/\/factory.sale\/product\/huum-barrel-chimney-kit\/"},"modified":"2026-03-05T15:37:13","modified_gmt":"2026-03-05T12:37:13","slug":"korstnakomplet-tunnisaun","status":"publish","type":"product","link":"https:\/\/factory.sale\/et\/toode\/korstnakomplet-tunnisaun\/","title":{"rendered":"Korstnakomplet &#8211; t\u00fcnnisaun"},"content":{"rendered":"<p>Sauna puuahju korstna komplekt t\u00fcnnisaunale<\/p>\n<p>See HUUM Barrel korstnakomplekt on m\u00f5eldud kasutamiseks HUUM puuk\u00fcttega saunaahjudega t\u00fcnnisaunades. See esmaklassiline komplekt sisaldab k\u00f5ike, mis on vajalik, et pakkuda teie saunaelamusele nii ilusat vormi kui ka turvalist funktsiooni.<\/p>\n<p>See t\u00fcnnkorstna komplekt on m\u00f5eldud ulatuma otse l\u00e4bi lae ja on m\u00f5eldud kasutamiseks HUUM puuk\u00fcttega saunaahjudega t\u00fcnnisaunades.<\/p>\n<p>EAN 4744103017164<\/p>\n<p>&nbsp;<\/p>\n<p><img loading=\"lazy\" decoding=\"async\" class=\"alignnone wp-image-94135\" src=\"https:\/\/factory.sale\/wp-content\/uploads\/2023\/02\/Huum-tunnisauna-korstnakomplekt-factory.sale_-212x300.webp\" alt=\"\" width=\"705\" height=\"998\" srcset=\"https:\/\/factory.sale\/wp-content\/uploads\/2023\/02\/Huum-tunnisauna-korstnakomplekt-factory.sale_-212x300.webp 212w, https:\/\/factory.sale\/wp-content\/uploads\/2023\/02\/Huum-tunnisauna-korstnakomplekt-factory.sale_-724x1024.webp 724w, https:\/\/factory.sale\/wp-content\/uploads\/2023\/02\/Huum-tunnisauna-korstnakomplekt-factory.sale_-106x150.webp 106w, https:\/\/factory.sale\/wp-content\/uploads\/2023\/02\/Huum-tunnisauna-korstnakomplekt-factory.sale_-1086x1536.webp 1086w, https:\/\/factory.sale\/wp-content\/uploads\/2023\/02\/Huum-tunnisauna-korstnakomplekt-factory.sale_-600x849.webp 600w, https:\/\/factory.sale\/wp-content\/uploads\/2023\/02\/Huum-tunnisauna-korstnakomplekt-factory.sale_-64x91.webp 64w, https:\/\/factory.sale\/wp-content\/uploads\/2023\/02\/Huum-tunnisauna-korstnakomplekt-factory.sale_.webp 1414w\" sizes=\"auto, (max-width: 705px) 100vw, 705px\" \/><\/p>\n<p><a href=\"https:\/\/factory.sale\/wp-content\/uploads\/2023\/02\/Huum-tunnisauna-korstnakomplekt-factory.sale_.webp\" target=\"_blank\" rel=\"noopener\">Tooteleht on leitav siit<\/a><\/p>\n<p>&nbsp;<\/p>\n","protected":false},"excerpt":{"rendered":"<p>See HUUM Barrel korstnakomplekt on m\u00f5eldud kasutamiseks HUUM puuk\u00fcttega saunaahjudega t\u00fcnnisaunades. See esmaklassiline komplekt sisaldab k\u00f5ike, mis on vajalik, et pakkuda teie saunaelamusele nii ilusat vormi kui ka turvalist funktsiooni.<\/p>\n","protected":false},"featured_media":94453,"comment_status":"open","ping_status":"closed","template":"","meta":{"_acf_changed":false},"factory":[],"free-shipment":[],"product_brand":[],"product_cat":[4160,1028],"product_tag":[2192],"class_list":{"0":"post-22145","1":"product","2":"type-product","3":"status-publish","4":"has-post-thumbnail","6":"product_cat-korstnakomplektid","7":"product_cat-saunatarvikud","8":"product_tag-chimney-kit-et","10":"first","11":"instock","12":"sale","13":"taxable","14":"shipping-taxable","15":"purchasable","16":"product-type-simple"},"acf":[],"_links":{"self":[{"href":"https:\/\/factory.sale\/et\/wp-json\/wp\/v2\/product\/22145","targetHints":{"allow":["GET"]}}],"collection":[{"href":"https:\/\/factory.sale\/et\/wp-json\/wp\/v2\/product"}],"about":[{"href":"https:\/\/factory.sale\/et\/wp-json\/wp\/v2\/types\/product"}],"replies":[{"embeddable":true,"href":"https:\/\/factory.sale\/et\/wp-json\/wp\/v2\/comments?post=22145"}],"wp:featuredmedia":[{"embeddable":true,"href":"https:\/\/factory.sale\/et\/wp-json\/wp\/v2\/media\/94453"}],"wp:attachment":[{"href":"https:\/\/factory.sale\/et\/wp-json\/wp\/v2\/media?parent=22145"}],"wp:term":[{"taxonomy":"factory","embeddable":true,"href":"https:\/\/factory.sale\/et\/wp-json\/wp\/v2\/factory?post=22145"},{"taxonomy":"free-shipment","embeddable":true,"href":"https:\/\/factory.sale\/et\/wp-json\/wp\/v2\/free-shipment?post=22145"},{"taxonomy":"product_brand","embeddable":true,"href":"https:\/\/factory.sale\/et\/wp-json\/wp\/v2\/product_brand?post=22145"},{"taxonomy":"product_cat","embeddable":true,"href":"https:\/\/factory.sale\/et\/wp-json\/wp\/v2\/product_cat?post=22145"},{"taxonomy":"product_tag","embeddable":true,"href":"https:\/\/factory.sale\/et\/wp-json\/wp\/v2\/product_tag?post=22145"}],"curies":[{"name":"wp","href":"https:\/\/api.w.org\/{rel}","templated":true}]}}