{"id":21997,"date":"2023-01-30T07:39:13","date_gmt":"2023-01-30T07:39:13","guid":{"rendered":"https:\/\/factory.sale\/product\/siga-fentrim-20-tape\/"},"modified":"2024-06-26T22:50:25","modified_gmt":"2024-06-26T22:50:25","slug":"siga-fentrim-20-teip","status":"publish","type":"product","link":"https:\/\/factory.sale\/et\/toode\/siga-fentrim-20-teip\/","title":{"rendered":"SIGA Fentrim 20 teip"},"content":{"rendered":"<p>1) Tootekood: 9511-158525 \u00a0 Laius: 100mm (15\/85mm) \/ 25m &#8211; M\u00fc\u00fcme toodet 6 rulli karbis, hind 312 EUR<br \/>\n2) Tootekood: 9511-1513525 \u00a0 Laius: 150mm (15\/135mm) \/ 25m &#8211; M\u00fc\u00fcme toodet 4 rulli karbis, hind 300 EUR<br \/>\n3) Tootekood: 9511-1518525 \u00a0 Laius: 200mm (15\/185mm) \/ 25m &#8211; M\u00fc\u00fcme toodet 2 rulli karbis, hind 200 EUR<\/p>\n<p>Eelvolditud vastupidav kleeplint on \u00fcle krohvitav ning sobib eriti h\u00e4sti akende ja ukseraamidega \u00fchendamiseks, et tihendada siseruumides tahkete konstruktsioonide ja metallkonstruktsioonide komponentide liitekohti.<\/p>\n<p>\u00d5hukindel kvaliteetne perforeeritud krohvitav teip, sobib hoone sisek\u00fcljel akende ja uste tihendamiseks. V\u00e4ga tugev nakkumine kogu pinna ulatuses. 15mm eelvolditud, ilma kaitsekileta \u2013 kiireim paigaldus aknaraamile. Perforeeritud homogeenne materjal, sobib \u00fclekrohvimiseks &#8211; krohvi tugev nakkumine aluspinnaga.<\/p>\n<p>Tulep\u00fcsivusklass: klass E (vastavalt EN 13501-1). \u00dchendus ei tohi olla seisva vee all.<\/p>\n<p><a href=\"https:\/\/factory.sale\/wp-content\/uploads\/2023\/01\/SIGA_Fentrim_2_Fentrim_20_Maxit_certificate_SKU-2065en.pdf\" target=\"_blank\" rel=\"noopener\"><img loading=\"lazy\" decoding=\"async\" class=\"alignnone wp-image-21802 size-large\" src=\"https:\/\/factory.sale\/wp-content\/uploads\/2023\/01\/SIGA_paigaldusjuhend_SKU-2043ee-741x1024.jpg\" alt=\"\" width=\"741\" height=\"1024\" srcset=\"https:\/\/factory.sale\/wp-content\/uploads\/2023\/01\/SIGA_paigaldusjuhend_SKU-2043ee-741x1024.jpg 741w, https:\/\/factory.sale\/wp-content\/uploads\/2023\/01\/SIGA_paigaldusjuhend_SKU-2043ee-217x300.jpg 217w, https:\/\/factory.sale\/wp-content\/uploads\/2023\/01\/SIGA_paigaldusjuhend_SKU-2043ee-109x150.jpg 109w, https:\/\/factory.sale\/wp-content\/uploads\/2023\/01\/SIGA_paigaldusjuhend_SKU-2043ee-1112x1536.jpg 1112w, https:\/\/factory.sale\/wp-content\/uploads\/2023\/01\/SIGA_paigaldusjuhend_SKU-2043ee-1483x2048.jpg 1483w, https:\/\/factory.sale\/wp-content\/uploads\/2023\/01\/SIGA_paigaldusjuhend_SKU-2043ee-600x829.jpg 600w, https:\/\/factory.sale\/wp-content\/uploads\/2023\/01\/SIGA_paigaldusjuhend_SKU-2043ee.jpg 1796w\" sizes=\"auto, (max-width: 741px) 100vw, 741px\" \/><\/a><\/p>\n<p><a href=\"https:\/\/factory.sale\/wp-content\/uploads\/2023\/01\/SIGA_Fentrim_2_Fentrim_20_Maxit_certificate_SKU-2065en.pdf\" target=\"_blank\" rel=\"noopener\">SIGA_Fentrim_2_Fentrim_20_certificate<\/a><\/p>\n<p><a href=\"https:\/\/factory.sale\/wp-content\/uploads\/2023\/01\/SIGA_Fentrim_20_toote_andmeleht_PDS_et.pdf\" target=\"_blank\" rel=\"noopener\">SIGA_Fentrim_20_toote_andmeleht<\/a><\/p>\n","protected":false},"excerpt":{"rendered":"<p>Eelvolditud vastupidav kleeplint on \u00fcle krohvitav ning sobib eriti h\u00e4sti akende ja ukseraamidega \u00fchendamiseks, et tihendada siseruumides tahkete konstruktsioonide ja metallkonstruktsioonide komponentide liitekohti.<\/p>\n","protected":false},"featured_media":21986,"comment_status":"open","ping_status":"closed","template":"","meta":{"_acf_changed":false},"factory":[],"free-shipment":[],"product_brand":[],"product_cat":[814,1756],"product_tag":[2171,2151],"class_list":{"0":"post-21997","1":"product","2":"type-product","3":"status-publish","4":"has-post-thumbnail","6":"product_cat-uldehitus","7":"product_cat-viimistlus-materjalid","8":"product_tag-siga-fentrim-20-tape-et","9":"product_tag-tape-et","11":"first","12":"instock","13":"sale","14":"taxable","15":"shipping-taxable","16":"purchasable","17":"product-type-simple"},"acf":[],"_links":{"self":[{"href":"https:\/\/factory.sale\/et\/wp-json\/wp\/v2\/product\/21997","targetHints":{"allow":["GET"]}}],"collection":[{"href":"https:\/\/factory.sale\/et\/wp-json\/wp\/v2\/product"}],"about":[{"href":"https:\/\/factory.sale\/et\/wp-json\/wp\/v2\/types\/product"}],"replies":[{"embeddable":true,"href":"https:\/\/factory.sale\/et\/wp-json\/wp\/v2\/comments?post=21997"}],"wp:featuredmedia":[{"embeddable":true,"href":"https:\/\/factory.sale\/et\/wp-json\/wp\/v2\/media\/21986"}],"wp:attachment":[{"href":"https:\/\/factory.sale\/et\/wp-json\/wp\/v2\/media?parent=21997"}],"wp:term":[{"taxonomy":"factory","embeddable":true,"href":"https:\/\/factory.sale\/et\/wp-json\/wp\/v2\/factory?post=21997"},{"taxonomy":"free-shipment","embeddable":true,"href":"https:\/\/factory.sale\/et\/wp-json\/wp\/v2\/free-shipment?post=21997"},{"taxonomy":"product_brand","embeddable":true,"href":"https:\/\/factory.sale\/et\/wp-json\/wp\/v2\/product_brand?post=21997"},{"taxonomy":"product_cat","embeddable":true,"href":"https:\/\/factory.sale\/et\/wp-json\/wp\/v2\/product_cat?post=21997"},{"taxonomy":"product_tag","embeddable":true,"href":"https:\/\/factory.sale\/et\/wp-json\/wp\/v2\/product_tag?post=21997"}],"curies":[{"name":"wp","href":"https:\/\/api.w.org\/{rel}","templated":true}]}}