{"id":21975,"date":"2023-01-30T06:42:04","date_gmt":"2023-01-30T06:42:04","guid":{"rendered":"https:\/\/factory.sale\/product\/siga-fentrim-2-tape\/"},"modified":"2024-06-27T14:27:58","modified_gmt":"2024-06-27T14:27:58","slug":"siga-fentrim-2-teip","status":"publish","type":"product","link":"https:\/\/factory.sale\/et\/toode\/siga-fentrim-2-teip\/","title":{"rendered":"SIGA Fentrim 2 teip"},"content":{"rendered":"<p>1) Tootekood: 9512-158525 \u00a0 Laius: 100mm (15\/85mm) \/ 25m &#8211; M\u00fc\u00fcme toodet 6 rulli karbis, hind 318 EUR<br \/>\n2) Tootekood: 9512-1513525 \u00a0 Laius: 150mm (15\/135mm) \/ 25m &#8211; M\u00fc\u00fcme toodet 4 rulli karbis, hind 308 EUR<\/p>\n<p>3) Tootekood: 9512-1518525\u00a0 \u00a0Laius: 200mm (15\/185mm) \/ 25m &#8211; M\u00fc\u00fcme toodet 2 rulli karbis, hind 200 EUR<\/p>\n<p>Eelvolditud ja vastupidav kleeplint on krohvitav ja sobib eriti h\u00e4sti v\u00e4listingimustes \u00fchendamiseks akende ja ukseraamidega, et tihendada v\u00e4listingimustes tahkete ja metallkonstruktsioonide liitekohti.<\/p>\n<p>Vihmakindel kvaliteetne perforeeritud krohvitav teip, mis sobib hoone v\u00e4lisk\u00fclje akende ja uste tihendamiseks. V\u00e4ga tugev nakkumine kogu pinna ulatuses. 15mm eelvolditud, ilma kaitsekileta \u2013 kiireim paigaldus aknaraamile. Perforeeritud homogeenne materjal, sobib \u00fclekrohvimiseks &#8211; krohvi tugev nakkumine aluspinnaga.<\/p>\n<p>Tulep\u00fcsivusklass: klass E (vastavalt EN 13501-1). \u00dchendus ei tohi olla seisva vee all.<\/p>\n<p><a href=\"https:\/\/factory.sale\/wp-content\/uploads\/2023\/01\/SIGA_Fentrim_2_Fentrim_20_Maxit_certificate_SKU-2065en.pdf\" target=\"_blank\" rel=\"noopener\"><img loading=\"lazy\" decoding=\"async\" class=\"alignnone wp-image-21802 size-large\" src=\"https:\/\/factory.sale\/wp-content\/uploads\/2023\/01\/SIGA_paigaldusjuhend_SKU-2043ee-741x1024.jpg\" alt=\"\" width=\"741\" height=\"1024\" srcset=\"https:\/\/factory.sale\/wp-content\/uploads\/2023\/01\/SIGA_paigaldusjuhend_SKU-2043ee-741x1024.jpg 741w, https:\/\/factory.sale\/wp-content\/uploads\/2023\/01\/SIGA_paigaldusjuhend_SKU-2043ee-217x300.jpg 217w, https:\/\/factory.sale\/wp-content\/uploads\/2023\/01\/SIGA_paigaldusjuhend_SKU-2043ee-109x150.jpg 109w, https:\/\/factory.sale\/wp-content\/uploads\/2023\/01\/SIGA_paigaldusjuhend_SKU-2043ee-1112x1536.jpg 1112w, https:\/\/factory.sale\/wp-content\/uploads\/2023\/01\/SIGA_paigaldusjuhend_SKU-2043ee-1483x2048.jpg 1483w, https:\/\/factory.sale\/wp-content\/uploads\/2023\/01\/SIGA_paigaldusjuhend_SKU-2043ee-600x829.jpg 600w, https:\/\/factory.sale\/wp-content\/uploads\/2023\/01\/SIGA_paigaldusjuhend_SKU-2043ee.jpg 1796w\" sizes=\"auto, (max-width: 741px) 100vw, 741px\" \/><\/a><\/p>\n<p><a href=\"https:\/\/factory.sale\/wp-content\/uploads\/2023\/01\/SIGA_Fentrim_2_Fentrim_20_Maxit_certificate_SKU-2065en.pdf\" target=\"_blank\" rel=\"noopener\">SIGA_Fentrim_2_Fentrim_20_certificate<\/a><\/p>\n<p><a href=\"https:\/\/factory.sale\/wp-content\/uploads\/2023\/01\/SIGA_Fentrim_2_toote_andmeleht_PDS_et.pdf\" target=\"_blank\" rel=\"noopener\">SIGA_Fentrim_2_toote_andmeleht<\/a><\/p>\n","protected":false},"excerpt":{"rendered":"<p>Eelvolditud ja vastupidav kleeplint on krohvitav ja sobib eriti h\u00e4sti v\u00e4listingimustes \u00fchendamiseks akende ja ukseraamidega, et tihendada v\u00e4listingimustes tahkete ja metallkonstruktsioonide liitekohti.<\/p>\n","protected":false},"featured_media":21965,"comment_status":"open","ping_status":"closed","template":"","meta":{"_acf_changed":false},"factory":[],"free-shipment":[],"product_brand":[],"product_cat":[814,1756],"product_tag":[2169,2151],"class_list":{"0":"post-21975","1":"product","2":"type-product","3":"status-publish","4":"has-post-thumbnail","6":"product_cat-uldehitus","7":"product_cat-viimistlus-materjalid","8":"product_tag-siga-fentrim-2-tape-et","9":"product_tag-tape-et","11":"first","12":"instock","13":"sale","14":"taxable","15":"shipping-taxable","16":"purchasable","17":"product-type-simple"},"acf":[],"_links":{"self":[{"href":"https:\/\/factory.sale\/et\/wp-json\/wp\/v2\/product\/21975","targetHints":{"allow":["GET"]}}],"collection":[{"href":"https:\/\/factory.sale\/et\/wp-json\/wp\/v2\/product"}],"about":[{"href":"https:\/\/factory.sale\/et\/wp-json\/wp\/v2\/types\/product"}],"replies":[{"embeddable":true,"href":"https:\/\/factory.sale\/et\/wp-json\/wp\/v2\/comments?post=21975"}],"wp:featuredmedia":[{"embeddable":true,"href":"https:\/\/factory.sale\/et\/wp-json\/wp\/v2\/media\/21965"}],"wp:attachment":[{"href":"https:\/\/factory.sale\/et\/wp-json\/wp\/v2\/media?parent=21975"}],"wp:term":[{"taxonomy":"factory","embeddable":true,"href":"https:\/\/factory.sale\/et\/wp-json\/wp\/v2\/factory?post=21975"},{"taxonomy":"free-shipment","embeddable":true,"href":"https:\/\/factory.sale\/et\/wp-json\/wp\/v2\/free-shipment?post=21975"},{"taxonomy":"product_brand","embeddable":true,"href":"https:\/\/factory.sale\/et\/wp-json\/wp\/v2\/product_brand?post=21975"},{"taxonomy":"product_cat","embeddable":true,"href":"https:\/\/factory.sale\/et\/wp-json\/wp\/v2\/product_cat?post=21975"},{"taxonomy":"product_tag","embeddable":true,"href":"https:\/\/factory.sale\/et\/wp-json\/wp\/v2\/product_tag?post=21975"}],"curies":[{"name":"wp","href":"https:\/\/api.w.org\/{rel}","templated":true}]}}