{"id":21951,"date":"2023-01-30T06:08:51","date_gmt":"2023-01-30T06:08:51","guid":{"rendered":"https:\/\/factory.sale\/product\/siga-fentrim-is-2-tape\/"},"modified":"2024-06-25T14:44:05","modified_gmt":"2024-06-25T14:44:05","slug":"siga-fentrim-is-2-teip","status":"publish","type":"product","link":"https:\/\/factory.sale\/et\/toode\/siga-fentrim-is-2-teip\/","title":{"rendered":"SIGA Fentrim IS 2 teip"},"content":{"rendered":"<p>1) Tootekood: 9612-156025 \u00a0 Laius: 75mm (15\/60mm) \/ 25m &#8211; M\u00fc\u00fcme toodet 8 rulli karbis, hind 360 EUR<br \/>\n2) Tootekood: 9612-158525 \u00a0 Laius: 100mm (15\/85mm) \/ 25m &#8211; M\u00fc\u00fcme toodet 6 rulli karbis, hind 324 EUR<br \/>\n3) Tootekood: 9612-1513525\u00a0 Laius: 150mm (15\/135mm) \/ 25m &#8211; M\u00fc\u00fcme toodet 4 rulli karbis, hind 320 EUR<br \/>\n4) Tootekood: 9612-1518525 \u00a0 Laius: 200mm (15\/185mm) \/ 25m &#8211; M\u00fc\u00fcme toodet 2 rulli karbis, hind 210 EUR<\/p>\n<p>Eelvolditud ja vastupidav kleeplint sobib eriti h\u00e4sti \u00fchendamiseks akende ja ukseraamidega, et tihendada v\u00e4listingimustes olevate tahkete konstruktsioonide ja metallkonstruktsioonide komponentide liitekohti.<\/p>\n<p>V\u00e4ga tugev nakkumine kogu pinna ulatuses. 15 mm eelvolditud, ilma kaitsekileta \u2013 kiireim paigaldus aknaraamile. Nake alates -10\u00b0C \u2013 kiire ja ajakindel paigaldamine aastaringselt.<\/p>\n<p>UV-vastupidavus: kuni 3 kuud. Tulep\u00fcsivusklass: klass E (vastavalt EN 13501-1). Vastab RAL paigaldusn\u00f5uetele. \u00dchendus ei tohi olla seisva vee all.<\/p>\n<p><a href=\"https:\/\/factory.sale\/wp-content\/uploads\/2023\/01\/SIGA_Fentrim_IS_2_product_data_sheet_PDS_en.pdf\" target=\"_blank\" rel=\"noopener\"><img loading=\"lazy\" decoding=\"async\" class=\"alignnone wp-image-21802 size-large\" src=\"https:\/\/factory.sale\/wp-content\/uploads\/2023\/01\/SIGA_paigaldusjuhend_SKU-2043ee-741x1024.jpg\" alt=\"\" width=\"741\" height=\"1024\" srcset=\"https:\/\/factory.sale\/wp-content\/uploads\/2023\/01\/SIGA_paigaldusjuhend_SKU-2043ee-741x1024.jpg 741w, https:\/\/factory.sale\/wp-content\/uploads\/2023\/01\/SIGA_paigaldusjuhend_SKU-2043ee-217x300.jpg 217w, https:\/\/factory.sale\/wp-content\/uploads\/2023\/01\/SIGA_paigaldusjuhend_SKU-2043ee-109x150.jpg 109w, https:\/\/factory.sale\/wp-content\/uploads\/2023\/01\/SIGA_paigaldusjuhend_SKU-2043ee-1112x1536.jpg 1112w, https:\/\/factory.sale\/wp-content\/uploads\/2023\/01\/SIGA_paigaldusjuhend_SKU-2043ee-1483x2048.jpg 1483w, https:\/\/factory.sale\/wp-content\/uploads\/2023\/01\/SIGA_paigaldusjuhend_SKU-2043ee-600x829.jpg 600w, https:\/\/factory.sale\/wp-content\/uploads\/2023\/01\/SIGA_paigaldusjuhend_SKU-2043ee.jpg 1796w\" sizes=\"auto, (max-width: 741px) 100vw, 741px\" \/><\/a><\/p>\n<p><a href=\"https:\/\/factory.sale\/wp-content\/uploads\/2023\/01\/SIGA_Fentrim_IS_2_toote_andmeleht_PDS_et.pdf\">SIGA_Fentrim_IS_2_toote_andmeleht<\/a><\/p>\n","protected":false},"excerpt":{"rendered":"<p>Eelvolditud ja vastupidav kleeplint sobib eriti h\u00e4sti \u00fchendamiseks akende ja ukseraamidega, et tihendada v\u00e4listingimustes olevate tahkete konstruktsioonide ja metallkonstruktsioonide komponentide liitekohti.<\/p>\n","protected":false},"featured_media":21938,"comment_status":"open","ping_status":"closed","template":"","meta":{"_acf_changed":false},"factory":[],"free-shipment":[],"product_brand":[],"product_cat":[814,1756],"product_tag":[2167,2151],"class_list":{"0":"post-21951","1":"product","2":"type-product","3":"status-publish","4":"has-post-thumbnail","6":"product_cat-uldehitus","7":"product_cat-viimistlus-materjalid","8":"product_tag-siga-fentrim-is-2-tape-et","9":"product_tag-tape-et","11":"first","12":"instock","13":"sale","14":"taxable","15":"shipping-taxable","16":"purchasable","17":"product-type-simple"},"acf":[],"_links":{"self":[{"href":"https:\/\/factory.sale\/et\/wp-json\/wp\/v2\/product\/21951","targetHints":{"allow":["GET"]}}],"collection":[{"href":"https:\/\/factory.sale\/et\/wp-json\/wp\/v2\/product"}],"about":[{"href":"https:\/\/factory.sale\/et\/wp-json\/wp\/v2\/types\/product"}],"replies":[{"embeddable":true,"href":"https:\/\/factory.sale\/et\/wp-json\/wp\/v2\/comments?post=21951"}],"wp:featuredmedia":[{"embeddable":true,"href":"https:\/\/factory.sale\/et\/wp-json\/wp\/v2\/media\/21938"}],"wp:attachment":[{"href":"https:\/\/factory.sale\/et\/wp-json\/wp\/v2\/media?parent=21951"}],"wp:term":[{"taxonomy":"factory","embeddable":true,"href":"https:\/\/factory.sale\/et\/wp-json\/wp\/v2\/factory?post=21951"},{"taxonomy":"free-shipment","embeddable":true,"href":"https:\/\/factory.sale\/et\/wp-json\/wp\/v2\/free-shipment?post=21951"},{"taxonomy":"product_brand","embeddable":true,"href":"https:\/\/factory.sale\/et\/wp-json\/wp\/v2\/product_brand?post=21951"},{"taxonomy":"product_cat","embeddable":true,"href":"https:\/\/factory.sale\/et\/wp-json\/wp\/v2\/product_cat?post=21951"},{"taxonomy":"product_tag","embeddable":true,"href":"https:\/\/factory.sale\/et\/wp-json\/wp\/v2\/product_tag?post=21951"}],"curies":[{"name":"wp","href":"https:\/\/api.w.org\/{rel}","templated":true}]}}