{"id":21900,"date":"2023-01-29T13:44:32","date_gmt":"2023-01-29T13:44:32","guid":{"rendered":"https:\/\/factory.sale\/product\/siga-wigluv-black-tape-60-20-40\/"},"modified":"2024-06-25T11:39:43","modified_gmt":"2024-06-25T11:39:43","slug":"siga-wigluv-black-teip-60-20-40","status":"publish","type":"product","link":"https:\/\/factory.sale\/et\/toode\/siga-wigluv-black-teip-60-20-40\/","title":{"rendered":"SIGA Wigluv Black teip 60 &#038; 20\/40"},"content":{"rendered":"<p><strong>Tootekood: 7509-6040 Wigluv must 60<\/strong> \u2013 Laius: 60mm \/ Pikkus: 40m \/\u00a0 M\u00fc\u00fcme toodet 10 rulli karbis, hind 480 EUR<\/p>\n<p>UV-stabiilne, \u00fchepoolne ja tugevalt kleepuv teip sobib \u00fcldiselt \u00fclekatete ja vuukide liimimiseks kohtades, kus tahetakse tihendada n\u00e4htavaid v\u00e4lisfassaadimembraane.<\/p>\n<p>\u00c4\u00e4rmiselt UV-stabiilne \u2013 v\u00e4ga vastupidav vananemisele mustadel fassaadimembraanidel<\/p>\n<p>K\u00f5rge nakketugevus k\u00f5rgel ja madalal temperatuuril \u2013 usaldusv\u00e4\u00e4rne, pikaajaline ehitusv\u00e4\u00e4rtus<\/p>\n<p>Diffusiooniv\u00f5ime sd &lt; 2 m \u2013 hoiab \u00e4ra kondensaadi kogunemise<\/p>\n<p>&nbsp;<\/p>\n<p><strong>Tootekood: 7509-6025 Wigluv must 20\/40<\/strong> \u2013 Laius: 60mm \/ Pikkus: 25m \/\u00a0 M\u00fc\u00fcme toodet 10 rulli karbis, hind 440 EUR<\/p>\n<p>UV-stabiilne, \u00fchepoolne ja tugevalt kleepuv teip sobib eriti h\u00e4sti \u00fchendamiseks akna- ja ukseraamidega, kus tahetakse \u00fchendada n\u00e4htavad fassaadimembraanid.<\/p>\n<p>L\u00f5he- ja rebenemiskindlad tugiribad 20\/40 \u2013 t\u00e4psed ja kiired nurkades<\/p>\n<p>\u00c4\u00e4rmiselt UV-stabiilne \u2013 v\u00e4ga vastupidav vananemisele<\/p>\n<p>K\u00f5rge nakketugevus k\u00f5rgel ja madalal temperatuuril \u2013 usaldusv\u00e4\u00e4rne, pikaajaline ehitusv\u00e4\u00e4rtus<\/p>\n<p>&nbsp;<\/p>\n<p><a href=\"https:\/\/factory.sale\/wp-content\/uploads\/2023\/01\/SIGA_Wigluv_EMICODE_certificate_en.pdf\" target=\"_blank\" rel=\"noopener\"><img loading=\"lazy\" decoding=\"async\" class=\"alignnone wp-image-21802 size-large\" src=\"https:\/\/factory.sale\/wp-content\/uploads\/2023\/01\/SIGA_paigaldusjuhend_SKU-2043ee-741x1024.jpg\" alt=\"\" width=\"741\" height=\"1024\" srcset=\"https:\/\/factory.sale\/wp-content\/uploads\/2023\/01\/SIGA_paigaldusjuhend_SKU-2043ee-741x1024.jpg 741w, https:\/\/factory.sale\/wp-content\/uploads\/2023\/01\/SIGA_paigaldusjuhend_SKU-2043ee-217x300.jpg 217w, https:\/\/factory.sale\/wp-content\/uploads\/2023\/01\/SIGA_paigaldusjuhend_SKU-2043ee-109x150.jpg 109w, https:\/\/factory.sale\/wp-content\/uploads\/2023\/01\/SIGA_paigaldusjuhend_SKU-2043ee-1112x1536.jpg 1112w, https:\/\/factory.sale\/wp-content\/uploads\/2023\/01\/SIGA_paigaldusjuhend_SKU-2043ee-1483x2048.jpg 1483w, https:\/\/factory.sale\/wp-content\/uploads\/2023\/01\/SIGA_paigaldusjuhend_SKU-2043ee-600x829.jpg 600w, https:\/\/factory.sale\/wp-content\/uploads\/2023\/01\/SIGA_paigaldusjuhend_SKU-2043ee.jpg 1796w\" sizes=\"auto, (max-width: 741px) 100vw, 741px\" \/><\/a><\/p>\n<p><a href=\"https:\/\/factory.sale\/wp-content\/uploads\/2023\/01\/SIGA_Wigluv_EMICODE_certificate_en.pdf\" target=\"_blank\" rel=\"noopener\">SIGA_Wigluv_EMICODE_certificate_en<\/a><\/p>\n<p><a href=\"https:\/\/factory.sale\/wp-content\/uploads\/2023\/01\/SIGA_Wigluv_black_toote_andmeleht_PDS_et.pdf\" target=\"_blank\" rel=\"noopener\">SIGA_Wigluv_black_toote_andmeleht<\/a><\/p>\n","protected":false},"excerpt":{"rendered":"<p>Wigluv black 60 &#8211; UV-kiirguse suhtes stabiilne, \u00fchepoolne ja tugevalt kleepuv teip sobib \u00fcldiselt \u00fclekatete ja vuukide liimimiseks kohtades, kus tahetakse tihendada n\u00e4htavaid v\u00e4lisfassaadimembraane.<\/p>\n<p>Wigluv must 20\/40 &#8211; UV-stabiilne, \u00fchepoolne ja tugevalt kleepuv teip sobib eriti h\u00e4sti akna- ja ukseraamide \u00fchendamiseks, kus tahetakse \u00fchendada n\u00e4htavad fassaadimembraanid.<\/p>\n","protected":false},"featured_media":21887,"comment_status":"open","ping_status":"closed","template":"","meta":{"_acf_changed":false},"factory":[],"free-shipment":[],"product_brand":[],"product_cat":[814,1756],"product_tag":[2163,2151],"class_list":{"0":"post-21900","1":"product","2":"type-product","3":"status-publish","4":"has-post-thumbnail","6":"product_cat-uldehitus","7":"product_cat-viimistlus-materjalid","8":"product_tag-siga-wigluv-black-tape-60-20-40-et","9":"product_tag-tape-et","11":"first","12":"instock","13":"sale","14":"taxable","15":"shipping-taxable","16":"purchasable","17":"product-type-simple"},"acf":[],"_links":{"self":[{"href":"https:\/\/factory.sale\/et\/wp-json\/wp\/v2\/product\/21900","targetHints":{"allow":["GET"]}}],"collection":[{"href":"https:\/\/factory.sale\/et\/wp-json\/wp\/v2\/product"}],"about":[{"href":"https:\/\/factory.sale\/et\/wp-json\/wp\/v2\/types\/product"}],"replies":[{"embeddable":true,"href":"https:\/\/factory.sale\/et\/wp-json\/wp\/v2\/comments?post=21900"}],"wp:featuredmedia":[{"embeddable":true,"href":"https:\/\/factory.sale\/et\/wp-json\/wp\/v2\/media\/21887"}],"wp:attachment":[{"href":"https:\/\/factory.sale\/et\/wp-json\/wp\/v2\/media?parent=21900"}],"wp:term":[{"taxonomy":"factory","embeddable":true,"href":"https:\/\/factory.sale\/et\/wp-json\/wp\/v2\/factory?post=21900"},{"taxonomy":"free-shipment","embeddable":true,"href":"https:\/\/factory.sale\/et\/wp-json\/wp\/v2\/free-shipment?post=21900"},{"taxonomy":"product_brand","embeddable":true,"href":"https:\/\/factory.sale\/et\/wp-json\/wp\/v2\/product_brand?post=21900"},{"taxonomy":"product_cat","embeddable":true,"href":"https:\/\/factory.sale\/et\/wp-json\/wp\/v2\/product_cat?post=21900"},{"taxonomy":"product_tag","embeddable":true,"href":"https:\/\/factory.sale\/et\/wp-json\/wp\/v2\/product_tag?post=21900"}],"curies":[{"name":"wp","href":"https:\/\/api.w.org\/{rel}","templated":true}]}}