{"id":21879,"date":"2023-01-29T13:08:56","date_gmt":"2023-01-29T13:08:56","guid":{"rendered":"https:\/\/factory.sale\/product\/siga-wigluv-tape-100-150\/"},"modified":"2024-06-25T20:11:05","modified_gmt":"2024-06-25T20:11:05","slug":"siga-wigluv-teip-100-150","status":"publish","type":"product","link":"https:\/\/factory.sale\/et\/toode\/siga-wigluv-teip-100-150\/","title":{"rendered":"SIGA Wigluv teip 100 &#038; 150"},"content":{"rendered":"<p>Tootekood: 7510-10025 Wigluv 100 \u2013 Laius: 100mm \/ Pikkus: 25m \/\u00a0 M\u00fc\u00fcme toodet 6 rulli karbis, hind <strong>270 EUR<\/strong><br \/>\nTootekood: 7510-15025 Wigluv 150 \u2013 Laius: 150mm \/ Pikkus: 25m \/\u00a0 M\u00fc\u00fcme toodet 4 rulli karbis, hind <strong>264 EUR<\/strong><\/p>\n<p>Hajutav, \u00fchepoolne ja tugevalt kleepuv teip sobib \u00fcldiselt tugialuste ja vuukide liimimiseks, kus tahetakse tihendada katusealuseid ja fassaadiplaate.<\/p>\n<p>Tugev kleeplint \u00fchenduste tegemiseks ja l\u00e4biviikude tihendamiseks. Tugev adhesioon nii k\u00f5rgel kui ka madalal temperatuuril. Poolitatud kaitsepaber \u2013 lihtne ja kiire paigaldada.<\/p>\n<p>Elastne, veekindel. UV-vastupidavus: 12 kuud. \u00dchendus ei tohi olla seisva vee all.<\/p>\n<p>T\u00f6\u00f6tlemistemperatuur: alates -10 \u00b0C<\/p>\n<p><a href=\"https:\/\/factory.sale\/wp-content\/uploads\/2023\/01\/SIGA_Wigluv_EMICODE_certificate_en.pdf\" target=\"_blank\" rel=\"noopener\"><img loading=\"lazy\" decoding=\"async\" class=\"alignnone wp-image-21802 size-large\" src=\"https:\/\/factory.sale\/wp-content\/uploads\/2023\/01\/SIGA_paigaldusjuhend_SKU-2043ee-741x1024.jpg\" alt=\"\" width=\"741\" height=\"1024\" srcset=\"https:\/\/factory.sale\/wp-content\/uploads\/2023\/01\/SIGA_paigaldusjuhend_SKU-2043ee-741x1024.jpg 741w, https:\/\/factory.sale\/wp-content\/uploads\/2023\/01\/SIGA_paigaldusjuhend_SKU-2043ee-217x300.jpg 217w, https:\/\/factory.sale\/wp-content\/uploads\/2023\/01\/SIGA_paigaldusjuhend_SKU-2043ee-109x150.jpg 109w, https:\/\/factory.sale\/wp-content\/uploads\/2023\/01\/SIGA_paigaldusjuhend_SKU-2043ee-1112x1536.jpg 1112w, https:\/\/factory.sale\/wp-content\/uploads\/2023\/01\/SIGA_paigaldusjuhend_SKU-2043ee-1483x2048.jpg 1483w, https:\/\/factory.sale\/wp-content\/uploads\/2023\/01\/SIGA_paigaldusjuhend_SKU-2043ee-600x829.jpg 600w, https:\/\/factory.sale\/wp-content\/uploads\/2023\/01\/SIGA_paigaldusjuhend_SKU-2043ee.jpg 1796w\" sizes=\"auto, (max-width: 741px) 100vw, 741px\" \/><\/a><\/p>\n<p><a href=\"https:\/\/factory.sale\/wp-content\/uploads\/2023\/01\/SIGA_Wigluv_EMICODE_certificate_en.pdf\" target=\"_blank\" rel=\"noopener\">SIGA_Wigluv_EMICODE_certificate_en<\/a><\/p>\n<p><a href=\"https:\/\/factory.sale\/wp-content\/uploads\/2023\/01\/SIGA_Wigluv_toote_andmeleht_PDS_et.pdf\" target=\"_blank\" rel=\"noopener\">SIGA_Wigluv_toote_andmeleht_PDS_et<\/a><\/p>\n","protected":false},"excerpt":{"rendered":"<p>Hajutav, \u00fchepoolne ja tugevalt kleepuv teip sobib \u00fcldiselt tugialuste ja vuukide liimimiseks, kus tahetakse tihendada katusealuseid ja fassaadiplaate.<\/p>\n","protected":false},"featured_media":21872,"comment_status":"open","ping_status":"closed","template":"","meta":{"_acf_changed":false},"factory":[],"free-shipment":[],"product_brand":[],"product_cat":[814,1756],"product_tag":[2161,2151],"class_list":{"0":"post-21879","1":"product","2":"type-product","3":"status-publish","4":"has-post-thumbnail","6":"product_cat-uldehitus","7":"product_cat-viimistlus-materjalid","8":"product_tag-siga-wigluv-tape-100-150-et","9":"product_tag-tape-et","11":"first","12":"instock","13":"sale","14":"taxable","15":"shipping-taxable","16":"purchasable","17":"product-type-simple"},"acf":[],"_links":{"self":[{"href":"https:\/\/factory.sale\/et\/wp-json\/wp\/v2\/product\/21879","targetHints":{"allow":["GET"]}}],"collection":[{"href":"https:\/\/factory.sale\/et\/wp-json\/wp\/v2\/product"}],"about":[{"href":"https:\/\/factory.sale\/et\/wp-json\/wp\/v2\/types\/product"}],"replies":[{"embeddable":true,"href":"https:\/\/factory.sale\/et\/wp-json\/wp\/v2\/comments?post=21879"}],"wp:featuredmedia":[{"embeddable":true,"href":"https:\/\/factory.sale\/et\/wp-json\/wp\/v2\/media\/21872"}],"wp:attachment":[{"href":"https:\/\/factory.sale\/et\/wp-json\/wp\/v2\/media?parent=21879"}],"wp:term":[{"taxonomy":"factory","embeddable":true,"href":"https:\/\/factory.sale\/et\/wp-json\/wp\/v2\/factory?post=21879"},{"taxonomy":"free-shipment","embeddable":true,"href":"https:\/\/factory.sale\/et\/wp-json\/wp\/v2\/free-shipment?post=21879"},{"taxonomy":"product_brand","embeddable":true,"href":"https:\/\/factory.sale\/et\/wp-json\/wp\/v2\/product_brand?post=21879"},{"taxonomy":"product_cat","embeddable":true,"href":"https:\/\/factory.sale\/et\/wp-json\/wp\/v2\/product_cat?post=21879"},{"taxonomy":"product_tag","embeddable":true,"href":"https:\/\/factory.sale\/et\/wp-json\/wp\/v2\/product_tag?post=21879"}],"curies":[{"name":"wp","href":"https:\/\/api.w.org\/{rel}","templated":true}]}}