{"id":21866,"date":"2023-01-29T12:49:46","date_gmt":"2023-01-29T12:49:46","guid":{"rendered":"https:\/\/factory.sale\/product\/siga-wigluv-20-40-tape-60mm-x-25m\/"},"modified":"2024-06-25T13:59:24","modified_gmt":"2024-06-25T13:59:24","slug":"siga-wigluv-20-40-teip-60mm-x-25m","status":"publish","type":"product","link":"https:\/\/factory.sale\/et\/toode\/siga-wigluv-20-40-teip-60mm-x-25m\/","title":{"rendered":"SIGA Wigluv 20\/40 teip 60mm x 25m"},"content":{"rendered":"<p>Tootekood: 7510-6025<\/p>\n<p>\u00dchepoolne tugeva nakkuvusega teip akende, uste ja kandiliste l\u00e4biviikude tihendamiseks. Rebenemiskindel ja l\u00f5igatud kaitsekile 20\/40 &#8211; kiire ja t\u00e4pne nurkades. Tugev adhesioon nii k\u00f5rgel kui ka madalal temperatuuril. Elastne, veekindel. UV-vastupidavus: 12 kuud. \u00dchendus ei tohi olla seisva vee all.<\/p>\n<p>M\u00fc\u00fcme toodet 10 rulli karbis, mis on <strong>330 EUR<\/strong>.<\/p>\n<p>T\u00f6\u00f6tlemistemperatuur: alates -10 \u00b0C<\/p>\n<p>Laius: 60 mm<br \/>\nPikkus: 25 m<br \/>\nKarbis: 10 rulli<\/p>\n<p><a href=\"https:\/\/factory.sale\/wp-content\/uploads\/2023\/01\/SIGA_Wigluv_EMICODE_certificate_en.pdf\" target=\"_blank\" rel=\"noopener\"><img loading=\"lazy\" decoding=\"async\" class=\"alignnone wp-image-21802 size-large\" src=\"https:\/\/factory.sale\/wp-content\/uploads\/2023\/01\/SIGA_paigaldusjuhend_SKU-2043ee-741x1024.jpg\" alt=\"\" width=\"741\" height=\"1024\" srcset=\"https:\/\/factory.sale\/wp-content\/uploads\/2023\/01\/SIGA_paigaldusjuhend_SKU-2043ee-741x1024.jpg 741w, https:\/\/factory.sale\/wp-content\/uploads\/2023\/01\/SIGA_paigaldusjuhend_SKU-2043ee-217x300.jpg 217w, https:\/\/factory.sale\/wp-content\/uploads\/2023\/01\/SIGA_paigaldusjuhend_SKU-2043ee-109x150.jpg 109w, https:\/\/factory.sale\/wp-content\/uploads\/2023\/01\/SIGA_paigaldusjuhend_SKU-2043ee-1112x1536.jpg 1112w, https:\/\/factory.sale\/wp-content\/uploads\/2023\/01\/SIGA_paigaldusjuhend_SKU-2043ee-1483x2048.jpg 1483w, https:\/\/factory.sale\/wp-content\/uploads\/2023\/01\/SIGA_paigaldusjuhend_SKU-2043ee-600x829.jpg 600w, https:\/\/factory.sale\/wp-content\/uploads\/2023\/01\/SIGA_paigaldusjuhend_SKU-2043ee.jpg 1796w\" sizes=\"auto, (max-width: 741px) 100vw, 741px\" \/><\/a><\/p>\n<p><a href=\"https:\/\/factory.sale\/wp-content\/uploads\/2023\/01\/SIGA_Wigluv_EMICODE_certificate_en.pdf\" target=\"_blank\" rel=\"noopener\">SIGA_Wigluv_EMICODE_certificate_en<\/a><\/p>\n<p><a href=\"https:\/\/factory.sale\/wp-content\/uploads\/2023\/01\/SIGA_Wigluv_toote_andmeleht_PDS_et.pdf\">SIGA_Wigluv_toote_andmeleht_PDS_et<\/a><\/p>\n","protected":false},"excerpt":{"rendered":"<p>\u00dchepoolne tugeva nakkuvusega teip akende, uste ja kandiliste l\u00e4biviikude tihendamiseks.<\/p>\n","protected":false},"featured_media":21860,"comment_status":"open","ping_status":"closed","template":"","meta":{"_acf_changed":false},"factory":[],"free-shipment":[],"product_brand":[],"product_cat":[814,1756],"product_tag":[2159,2151],"class_list":{"0":"post-21866","1":"product","2":"type-product","3":"status-publish","4":"has-post-thumbnail","6":"product_cat-uldehitus","7":"product_cat-viimistlus-materjalid","8":"product_tag-siga-wigluv-20-40-et","9":"product_tag-tape-et","11":"first","12":"instock","13":"sale","14":"taxable","15":"shipping-taxable","16":"purchasable","17":"product-type-simple"},"acf":[],"_links":{"self":[{"href":"https:\/\/factory.sale\/et\/wp-json\/wp\/v2\/product\/21866","targetHints":{"allow":["GET"]}}],"collection":[{"href":"https:\/\/factory.sale\/et\/wp-json\/wp\/v2\/product"}],"about":[{"href":"https:\/\/factory.sale\/et\/wp-json\/wp\/v2\/types\/product"}],"replies":[{"embeddable":true,"href":"https:\/\/factory.sale\/et\/wp-json\/wp\/v2\/comments?post=21866"}],"wp:featuredmedia":[{"embeddable":true,"href":"https:\/\/factory.sale\/et\/wp-json\/wp\/v2\/media\/21860"}],"wp:attachment":[{"href":"https:\/\/factory.sale\/et\/wp-json\/wp\/v2\/media?parent=21866"}],"wp:term":[{"taxonomy":"factory","embeddable":true,"href":"https:\/\/factory.sale\/et\/wp-json\/wp\/v2\/factory?post=21866"},{"taxonomy":"free-shipment","embeddable":true,"href":"https:\/\/factory.sale\/et\/wp-json\/wp\/v2\/free-shipment?post=21866"},{"taxonomy":"product_brand","embeddable":true,"href":"https:\/\/factory.sale\/et\/wp-json\/wp\/v2\/product_brand?post=21866"},{"taxonomy":"product_cat","embeddable":true,"href":"https:\/\/factory.sale\/et\/wp-json\/wp\/v2\/product_cat?post=21866"},{"taxonomy":"product_tag","embeddable":true,"href":"https:\/\/factory.sale\/et\/wp-json\/wp\/v2\/product_tag?post=21866"}],"curies":[{"name":"wp","href":"https:\/\/api.w.org\/{rel}","templated":true}]}}