{"id":21852,"date":"2023-01-29T10:25:26","date_gmt":"2023-01-29T10:25:26","guid":{"rendered":"https:\/\/factory.sale\/product\/siga-wigluv-60-tape-60mm-x-40m\/"},"modified":"2024-07-03T03:40:50","modified_gmt":"2024-07-03T03:40:50","slug":"siga-wigluv-60-teip-60mm-x-40m","status":"publish","type":"product","link":"https:\/\/factory.sale\/et\/toode\/siga-wigluv-60-teip-60mm-x-40m\/","title":{"rendered":"SIGA Wigluv 60 teip 60mm x 40m"},"content":{"rendered":"<p>Tootekood: 7510-6040<\/p>\n<p>Hajutav, \u00fchepoolne ja tugevalt kleepuv teip sobib \u00fcldiselt \u00fclekatete ja vuukide liimimiseks kohtades, kus tuleb tihendada katuse- ja fassaadimembraane.<\/p>\n<p>Tugev nake nii k\u00f5rgetel kui madalatel temperatuuridel. V\u00e4ldib kondensaadi teket. Vastupidav vihmale, ei lase vett l\u00e4bi \u2013 p\u00fcsiv kaitse katustele ja fassaadidele. K\u00e4sitsi rebitav, elastne, vett mittel\u00e4bilaskev. UV-kindlus: 12 kuud. Sobilik ehitise ajutiseks kaitseks. \u00dchendus ei tohi olla seisva vee all.<\/p>\n<p>Difusiooniv\u00f5ime Sd &lt; 2m, takistab kondensatsioonivee kogunemist.<\/p>\n<p>M\u00fc\u00fcme toodet 10 rulli karbis, hind <strong>390 EUR<\/strong>.<\/p>\n<p>T\u00f6\u00f6tlemistemperatuur: alates -10 \u00b0C<\/p>\n<p>Laius: 60 mm<br \/>\nPikkus: 40 m<br \/>\nKarbis: 10 rulli<\/p>\n<p>&nbsp;<\/p>\n<p><a href=\"https:\/\/factory.sale\/wp-content\/uploads\/2023\/01\/SIGA_Wigluv_EMICODE_certificate_en.pdf\" target=\"_blank\" rel=\"noopener\"><img loading=\"lazy\" decoding=\"async\" class=\"alignnone wp-image-21802 size-large\" src=\"https:\/\/factory.sale\/wp-content\/uploads\/2023\/01\/SIGA_paigaldusjuhend_SKU-2043ee-741x1024.jpg\" alt=\"\" width=\"741\" height=\"1024\" srcset=\"https:\/\/factory.sale\/wp-content\/uploads\/2023\/01\/SIGA_paigaldusjuhend_SKU-2043ee-741x1024.jpg 741w, https:\/\/factory.sale\/wp-content\/uploads\/2023\/01\/SIGA_paigaldusjuhend_SKU-2043ee-217x300.jpg 217w, https:\/\/factory.sale\/wp-content\/uploads\/2023\/01\/SIGA_paigaldusjuhend_SKU-2043ee-109x150.jpg 109w, https:\/\/factory.sale\/wp-content\/uploads\/2023\/01\/SIGA_paigaldusjuhend_SKU-2043ee-1112x1536.jpg 1112w, https:\/\/factory.sale\/wp-content\/uploads\/2023\/01\/SIGA_paigaldusjuhend_SKU-2043ee-1483x2048.jpg 1483w, https:\/\/factory.sale\/wp-content\/uploads\/2023\/01\/SIGA_paigaldusjuhend_SKU-2043ee-600x829.jpg 600w, https:\/\/factory.sale\/wp-content\/uploads\/2023\/01\/SIGA_paigaldusjuhend_SKU-2043ee.jpg 1796w\" sizes=\"auto, (max-width: 741px) 100vw, 741px\" \/><\/a><\/p>\n<p><a href=\"https:\/\/factory.sale\/wp-content\/uploads\/2023\/01\/SIGA_Wigluv_EMICODE_certificate_en.pdf\" target=\"_blank\" rel=\"noopener\">SIGA_Wigluv_EMICODE_certificate_en<\/a><\/p>\n<p><a href=\"https:\/\/factory.sale\/wp-content\/uploads\/2023\/01\/SIGA_Wigluv_toote_andmeleht_PDS_et.pdf\" target=\"_blank\" rel=\"noopener\">SIGA_Wigluv_toote_andmeleht_PDS_et<\/a><\/p>\n","protected":false},"excerpt":{"rendered":"<p>Hajutav, \u00fchepoolne ja tugevalt kleepuv teip sobib \u00fcldiselt \u00fclekatete ja vuukide liimimiseks kohtades, kus tuleb tihendada katuse- ja fassaadimembraane.<\/p>\n","protected":false},"featured_media":21839,"comment_status":"open","ping_status":"closed","template":"","meta":{"_acf_changed":false},"factory":[],"free-shipment":[],"product_brand":[],"product_cat":[768,1755],"product_tag":[2156,2148],"class_list":{"0":"post-21852","1":"product","2":"type-product","3":"status-publish","4":"has-post-thumbnail","6":"product_cat-general-construction","7":"product_cat-finishing-materials","8":"product_tag-siga-wigluv-60","9":"product_tag-tape","11":"first","12":"instock","13":"sale","14":"taxable","15":"shipping-taxable","16":"purchasable","17":"product-type-simple"},"acf":[],"_links":{"self":[{"href":"https:\/\/factory.sale\/et\/wp-json\/wp\/v2\/product\/21852","targetHints":{"allow":["GET"]}}],"collection":[{"href":"https:\/\/factory.sale\/et\/wp-json\/wp\/v2\/product"}],"about":[{"href":"https:\/\/factory.sale\/et\/wp-json\/wp\/v2\/types\/product"}],"replies":[{"embeddable":true,"href":"https:\/\/factory.sale\/et\/wp-json\/wp\/v2\/comments?post=21852"}],"wp:featuredmedia":[{"embeddable":true,"href":"https:\/\/factory.sale\/et\/wp-json\/wp\/v2\/media\/21839"}],"wp:attachment":[{"href":"https:\/\/factory.sale\/et\/wp-json\/wp\/v2\/media?parent=21852"}],"wp:term":[{"taxonomy":"factory","embeddable":true,"href":"https:\/\/factory.sale\/et\/wp-json\/wp\/v2\/factory?post=21852"},{"taxonomy":"free-shipment","embeddable":true,"href":"https:\/\/factory.sale\/et\/wp-json\/wp\/v2\/free-shipment?post=21852"},{"taxonomy":"product_brand","embeddable":true,"href":"https:\/\/factory.sale\/et\/wp-json\/wp\/v2\/product_brand?post=21852"},{"taxonomy":"product_cat","embeddable":true,"href":"https:\/\/factory.sale\/et\/wp-json\/wp\/v2\/product_cat?post=21852"},{"taxonomy":"product_tag","embeddable":true,"href":"https:\/\/factory.sale\/et\/wp-json\/wp\/v2\/product_tag?post=21852"}],"curies":[{"name":"wp","href":"https:\/\/api.w.org\/{rel}","templated":true}]}}