{"id":21827,"date":"2023-01-28T11:09:30","date_gmt":"2023-01-28T11:09:30","guid":{"rendered":"https:\/\/factory.sale\/product\/siga-rissan-100-tape-100mm-x-25m\/"},"modified":"2024-06-25T22:27:48","modified_gmt":"2024-06-25T22:27:48","slug":"siga-rissan-100-teip-100mm-x-25m","status":"publish","type":"product","link":"https:\/\/factory.sale\/et\/toode\/siga-rissan-100-teip-100mm-x-25m\/","title":{"rendered":"SIGA Rissan 100 teip 100mm x 25m"},"content":{"rendered":"<p>Tootekood: 2510-10025<\/p>\n<p>\u00dchepoolne ja tugevalt kleepuv elastne teip sobib eriti h\u00e4sti seinte ja lagedega \u00fchendamiseks siseruumide \u00f5hukindlate kihtidega.<\/p>\n<p>M\u00fc\u00fcme toodet 6 rulli karbis, hind 258 EUR.<\/p>\n<p>T\u00f6\u00f6tlemistemperatuur: alates -10 \u00b0C<\/p>\n<p>Laius: 100 mm<br \/>\nPikkus: 25 m<br \/>\nKarbis: 6 rulli<\/p>\n<p>&nbsp;<\/p>\n<p>\u00c4\u00e4rmiselt tugev nakkuvus: usaldusv\u00e4\u00e4rne, pikaajaline ehitusv\u00e4\u00e4rtus<br \/>\nPiludega tugiriba: lihtne ja kiire peale kanda<br \/>\nElastne: hoiab liigesed hermeetiliselt vaatamata konstruktsiooni liikumistele<\/p>\n<p><a href=\"https:\/\/factory.sale\/wp-content\/uploads\/2023\/01\/SIGA_Rissan_EMICODE_certificate_en-1.pdf\" target=\"_blank\" rel=\"noopener\"><img loading=\"lazy\" decoding=\"async\" class=\"alignnone wp-image-21802 size-large\" src=\"https:\/\/factory.sale\/wp-content\/uploads\/2023\/01\/SIGA_paigaldusjuhend_SKU-2043ee-741x1024.jpg\" alt=\"\" width=\"741\" height=\"1024\" srcset=\"https:\/\/factory.sale\/wp-content\/uploads\/2023\/01\/SIGA_paigaldusjuhend_SKU-2043ee-741x1024.jpg 741w, https:\/\/factory.sale\/wp-content\/uploads\/2023\/01\/SIGA_paigaldusjuhend_SKU-2043ee-217x300.jpg 217w, https:\/\/factory.sale\/wp-content\/uploads\/2023\/01\/SIGA_paigaldusjuhend_SKU-2043ee-109x150.jpg 109w, https:\/\/factory.sale\/wp-content\/uploads\/2023\/01\/SIGA_paigaldusjuhend_SKU-2043ee-1112x1536.jpg 1112w, https:\/\/factory.sale\/wp-content\/uploads\/2023\/01\/SIGA_paigaldusjuhend_SKU-2043ee-1483x2048.jpg 1483w, https:\/\/factory.sale\/wp-content\/uploads\/2023\/01\/SIGA_paigaldusjuhend_SKU-2043ee-600x829.jpg 600w, https:\/\/factory.sale\/wp-content\/uploads\/2023\/01\/SIGA_paigaldusjuhend_SKU-2043ee.jpg 1796w\" sizes=\"auto, (max-width: 741px) 100vw, 741px\" \/><\/a><\/p>\n<p><a href=\"https:\/\/factory.sale\/wp-content\/uploads\/2023\/01\/SIGA_Rissan_EMICODE_certificate_en-1.pdf\" target=\"_blank\" rel=\"noopener\">SIGA_Rissan_EMICODE_certificate_en<\/a><\/p>\n<p><a href=\"https:\/\/factory.sale\/wp-content\/uploads\/2023\/01\/SIGA_Rissan_toote_andmeleht_PDS_et.pdf\" target=\"_blank\" rel=\"noopener\">SIGA_Rissan_toote_andmeleht_PDS_et<\/a><\/p>\n","protected":false},"excerpt":{"rendered":"<p>\u00dchepoolne ja tugevalt kleepuv elastne teip sobib eriti h\u00e4sti seinte ja lagedega \u00fchendamiseks siseruumide \u00f5hukindlate kihtidega.<\/p>\n","protected":false},"featured_media":21808,"comment_status":"open","ping_status":"closed","template":"","meta":{"_acf_changed":false},"factory":[],"free-shipment":[],"product_brand":[],"product_cat":[814,1756],"product_tag":[2153,2151],"class_list":{"0":"post-21827","1":"product","2":"type-product","3":"status-publish","4":"has-post-thumbnail","6":"product_cat-uldehitus","7":"product_cat-viimistlus-materjalid","8":"product_tag-siga-rissan-100-et","9":"product_tag-tape-et","11":"first","12":"instock","13":"sale","14":"taxable","15":"shipping-taxable","16":"purchasable","17":"product-type-simple"},"acf":[],"_links":{"self":[{"href":"https:\/\/factory.sale\/et\/wp-json\/wp\/v2\/product\/21827","targetHints":{"allow":["GET"]}}],"collection":[{"href":"https:\/\/factory.sale\/et\/wp-json\/wp\/v2\/product"}],"about":[{"href":"https:\/\/factory.sale\/et\/wp-json\/wp\/v2\/types\/product"}],"replies":[{"embeddable":true,"href":"https:\/\/factory.sale\/et\/wp-json\/wp\/v2\/comments?post=21827"}],"wp:featuredmedia":[{"embeddable":true,"href":"https:\/\/factory.sale\/et\/wp-json\/wp\/v2\/media\/21808"}],"wp:attachment":[{"href":"https:\/\/factory.sale\/et\/wp-json\/wp\/v2\/media?parent=21827"}],"wp:term":[{"taxonomy":"factory","embeddable":true,"href":"https:\/\/factory.sale\/et\/wp-json\/wp\/v2\/factory?post=21827"},{"taxonomy":"free-shipment","embeddable":true,"href":"https:\/\/factory.sale\/et\/wp-json\/wp\/v2\/free-shipment?post=21827"},{"taxonomy":"product_brand","embeddable":true,"href":"https:\/\/factory.sale\/et\/wp-json\/wp\/v2\/product_brand?post=21827"},{"taxonomy":"product_cat","embeddable":true,"href":"https:\/\/factory.sale\/et\/wp-json\/wp\/v2\/product_cat?post=21827"},{"taxonomy":"product_tag","embeddable":true,"href":"https:\/\/factory.sale\/et\/wp-json\/wp\/v2\/product_tag?post=21827"}],"curies":[{"name":"wp","href":"https:\/\/api.w.org\/{rel}","templated":true}]}}