{"id":21798,"date":"2023-01-28T10:49:53","date_gmt":"2023-01-28T10:47:57","guid":{"rendered":"https:\/\/factory.sale\/?post_type=product&#038;p=21798"},"modified":"2024-06-25T22:11:55","modified_gmt":"2024-06-25T22:11:55","slug":"siga-rissan-60-teip-60mm-x-25m","status":"publish","type":"product","link":"https:\/\/factory.sale\/et\/toode\/siga-rissan-60-teip-60mm-x-25m\/","title":{"rendered":"SIGA Rissan 60 teip 60mm x 25m"},"content":{"rendered":"<p>[vc_row][vc_column][vc_column_text]<\/p>\n<p>Product code: 2510-6025<\/p>\n<p>Elastne, \u00fchepoolne ja tugevalt kleepuv teip sobib eriti h\u00e4sti siseruumide \u00f5hutihedaid kihte h\u00f5lmavate \u00fcmarate l\u00e4biviikude \u00fchendamiseks.<\/p>\n<p>M\u00fc\u00fcme toodet 10 rulli karbis, hind 235 EUR.<\/p>\n<p>T\u00f6\u00f6temperatuur alates: -10 \u00b0C<\/p>\n<p>Laius: 60 mm<br \/>\nPikkus: 25 m<br \/>\nKarbis: 10 rulli<\/p>\n<p>\u00c4\u00e4rmiselt tugev nakkuvus: usaldusv\u00e4\u00e4rne, pikaajaline ehitusv\u00e4\u00e4rtus<br \/>\nSile kandematerjal: klammerdub tihedalt torude ja kaablite \u00fcmber<br \/>\nElastne: hoiab liigesed hermeetiliselt vaatamata konstruktsiooni liikumistele<\/p>\n<p><img loading=\"lazy\" decoding=\"async\" class=\"alignnone wp-image-21802 size-large\" src=\"https:\/\/factory.sale\/wp-content\/uploads\/2023\/01\/SIGA_paigaldusjuhend_SKU-2043ee-741x1024.jpg\" alt=\"\" width=\"741\" height=\"1024\" srcset=\"https:\/\/factory.sale\/wp-content\/uploads\/2023\/01\/SIGA_paigaldusjuhend_SKU-2043ee-741x1024.jpg 741w, https:\/\/factory.sale\/wp-content\/uploads\/2023\/01\/SIGA_paigaldusjuhend_SKU-2043ee-217x300.jpg 217w, https:\/\/factory.sale\/wp-content\/uploads\/2023\/01\/SIGA_paigaldusjuhend_SKU-2043ee-109x150.jpg 109w, https:\/\/factory.sale\/wp-content\/uploads\/2023\/01\/SIGA_paigaldusjuhend_SKU-2043ee-1112x1536.jpg 1112w, https:\/\/factory.sale\/wp-content\/uploads\/2023\/01\/SIGA_paigaldusjuhend_SKU-2043ee-1483x2048.jpg 1483w, https:\/\/factory.sale\/wp-content\/uploads\/2023\/01\/SIGA_paigaldusjuhend_SKU-2043ee-600x829.jpg 600w, https:\/\/factory.sale\/wp-content\/uploads\/2023\/01\/SIGA_paigaldusjuhend_SKU-2043ee.jpg 1796w\" sizes=\"auto, (max-width: 741px) 100vw, 741px\" \/><\/p>\n<p><a href=\"https:\/\/factory.sale\/wp-content\/uploads\/2023\/01\/SIGA_Rissan_EMICODE_certificate_en.pdf\" target=\"_blank\" rel=\"noopener\">SIGA_Rissan_EMICODE_certificate_en<\/a><\/p>\n<p><a href=\"https:\/\/factory.sale\/wp-content\/uploads\/2023\/01\/SIGA_Rissan_toote_andmeleht_PDS_et.pdf\" target=\"_blank\" rel=\"noopener\">SIGA_Rissan_toote_andmeleht_PDS_et<\/a><\/p>\n<p>[\/vc_column_text][\/vc_column][\/vc_row][vc_row][vc_column]<div class=\"video-wrapper \"><iframe loading=\"lazy\" title=\"SIGA Rissan 60 - Sealing the circular penetration airtightly\" width=\"500\" height=\"375\" src=\"https:\/\/www.youtube.com\/embed\/PVqE2lbM2hI?feature=oembed\" frameborder=\"0\" allow=\"accelerometer; autoplay; clipboard-write; encrypted-media; gyroscope; picture-in-picture; web-share\" referrerpolicy=\"strict-origin-when-cross-origin\" allowfullscreen><\/iframe><\/div>[\/vc_column][\/vc_row]<\/p>\n","protected":false},"excerpt":{"rendered":"<p>Elastne, \u00fchepoolne ja tugevalt kleepuv teip sobib eriti h\u00e4sti siseruumide \u00f5hutihedaid kihte h\u00f5lmavate \u00fcmarate l\u00e4biviikude \u00fchendamiseks.<\/p>\n","protected":false},"featured_media":21782,"comment_status":"open","ping_status":"closed","template":"","meta":{"_acf_changed":false},"factory":[],"free-shipment":[],"product_brand":[],"product_cat":[814,1756],"product_tag":[2150,2151],"class_list":{"0":"post-21798","1":"product","2":"type-product","3":"status-publish","4":"has-post-thumbnail","6":"product_cat-uldehitus","7":"product_cat-viimistlus-materjalid","8":"product_tag-siga-rissan-60-tape-et","9":"product_tag-tape-et","11":"first","12":"instock","13":"sale","14":"taxable","15":"shipping-taxable","16":"purchasable","17":"product-type-simple"},"acf":[],"_links":{"self":[{"href":"https:\/\/factory.sale\/et\/wp-json\/wp\/v2\/product\/21798","targetHints":{"allow":["GET"]}}],"collection":[{"href":"https:\/\/factory.sale\/et\/wp-json\/wp\/v2\/product"}],"about":[{"href":"https:\/\/factory.sale\/et\/wp-json\/wp\/v2\/types\/product"}],"replies":[{"embeddable":true,"href":"https:\/\/factory.sale\/et\/wp-json\/wp\/v2\/comments?post=21798"}],"wp:featuredmedia":[{"embeddable":true,"href":"https:\/\/factory.sale\/et\/wp-json\/wp\/v2\/media\/21782"}],"wp:attachment":[{"href":"https:\/\/factory.sale\/et\/wp-json\/wp\/v2\/media?parent=21798"}],"wp:term":[{"taxonomy":"factory","embeddable":true,"href":"https:\/\/factory.sale\/et\/wp-json\/wp\/v2\/factory?post=21798"},{"taxonomy":"free-shipment","embeddable":true,"href":"https:\/\/factory.sale\/et\/wp-json\/wp\/v2\/free-shipment?post=21798"},{"taxonomy":"product_brand","embeddable":true,"href":"https:\/\/factory.sale\/et\/wp-json\/wp\/v2\/product_brand?post=21798"},{"taxonomy":"product_cat","embeddable":true,"href":"https:\/\/factory.sale\/et\/wp-json\/wp\/v2\/product_cat?post=21798"},{"taxonomy":"product_tag","embeddable":true,"href":"https:\/\/factory.sale\/et\/wp-json\/wp\/v2\/product_tag?post=21798"}],"curies":[{"name":"wp","href":"https:\/\/api.w.org\/{rel}","templated":true}]}}