{"id":21564,"date":"2022-06-06T10:22:23","date_gmt":"2022-06-06T10:22:23","guid":{"rendered":"https:\/\/factory.sale\/product\/harvia-m3-woodburning-stove\/"},"modified":"2024-06-26T21:45:05","modified_gmt":"2024-06-26T21:45:05","slug":"harvia-m3-puukeris","status":"publish","type":"product","link":"https:\/\/factory.sale\/et\/toode\/harvia-m3-puukeris\/","title":{"rendered":"Harvia M3 puukeris"},"content":{"rendered":"<p>Harvia M3 on oma disainilt klassikaliselt stiilne keris, mis sobib v\u00e4iksemasse puuk\u00fcttega sauna. See muudab sauna meeldivaks kogemuseks ja loob traditsioonilise sauna atmosf\u00e4\u00e4ri. Kerisest eralduv \u00fchtlane soojus ning t\u00f5hus tule- ja \u00f5huringlus tagavad meeldiva leili.<\/p>\n<p>Harvia M3 on varustatud klaasuksega, mis loob saunas veelgi meeleolukama atmosf\u00e4\u00e4ri. Keris on stiilse grafiitmusta v\u00e4rvi ja \u00fclemine osa roostevabast terasest.<\/p>\n<p>Soovitatav saunaruumi suurus on 6\u201313 m3 ja maksimaalne kivide kogus 30 kg.<\/p>\n<p><strong>Tehnilised andmed:<\/strong><\/p>\n<p>Toote t\u00fc\u00fcp &#8211; Puuk\u00fcttega ahi<br \/>\nKaubam\u00e4rk &#8211; Harvia<br \/>\nV\u00e4rvus &#8211; Must<br \/>\nMaterjal &#8211; roostevaba teras, teras<br \/>\nSobiv k\u00fcttematerjal &#8211; K\u00fcttepuud, Puitbrikett<br \/>\nTaimer &#8211; EI<br \/>\nGarantii 24 kuud<br \/>\nSauna suurus :\u00a0 4,5 &#8211; 13 m\u00b3<br \/>\nKivide kaal &#8211; 30 kg<br \/>\nUkse avanemissuuna muutmine &#8211; EI<br \/>\nOhutuskaugus k\u00fclgede ja taga\/puidust ja tellistest (mm) &#8211; 500\/50<br \/>\nOhutuskaugus esiosast (mm) &#8211; 500<br \/>\nOhutuskaugus \u00fclemisest pinnast laeni min. (mm) &#8211; 1200<br \/>\nTulekambri kate (mm) &#8211;\u00a0 5<br \/>\nSuitsuavade asukoht taga: p\u00f5randast ava keskpunktini (mm) 560<br \/>\nSuitsuavade asukoht \u00fclaosas:\u00a0 \u00a0 tagumisest servast ava keskpunktini (mm) &#8211; 115<br \/>\nLaius &#8211; 390 mm<br \/>\nS\u00fcgavus &#8211; 430 mm<br \/>\nK\u00f5rgus &#8211; 710 mm<br \/>\nKaal &#8211; 45 kg<\/p>\n<p>Kivid ja torud ei kuulu komplekti.<\/p>\n","protected":false},"excerpt":{"rendered":"<p>Harvia M3 on oma disainilt klassikaliselt stiilne keris, mis sobib v\u00e4iksemasse puuk\u00fcttega sauna.<\/p>\n","protected":false},"featured_media":9123,"comment_status":"open","ping_status":"closed","template":"","meta":{"_acf_changed":false},"factory":[],"free-shipment":[],"product_brand":[],"product_cat":[1420,306,784],"product_tag":[2101,2102,2103],"class_list":{"0":"post-21564","1":"product","2":"type-product","3":"status-publish","4":"has-post-thumbnail","6":"product_cat-harvia-et","7":"product_cat-saunakerised","8":"product_cat-sanitaartehnika","9":"product_tag-harvia-m3-et","10":"product_tag-portable-et","11":"product_tag-woodburning-stove-et","13":"first","14":"instock","15":"sale","16":"taxable","17":"shipping-taxable","18":"purchasable","19":"product-type-simple"},"acf":[],"_links":{"self":[{"href":"https:\/\/factory.sale\/et\/wp-json\/wp\/v2\/product\/21564","targetHints":{"allow":["GET"]}}],"collection":[{"href":"https:\/\/factory.sale\/et\/wp-json\/wp\/v2\/product"}],"about":[{"href":"https:\/\/factory.sale\/et\/wp-json\/wp\/v2\/types\/product"}],"replies":[{"embeddable":true,"href":"https:\/\/factory.sale\/et\/wp-json\/wp\/v2\/comments?post=21564"}],"wp:featuredmedia":[{"embeddable":true,"href":"https:\/\/factory.sale\/et\/wp-json\/wp\/v2\/media\/9123"}],"wp:attachment":[{"href":"https:\/\/factory.sale\/et\/wp-json\/wp\/v2\/media?parent=21564"}],"wp:term":[{"taxonomy":"factory","embeddable":true,"href":"https:\/\/factory.sale\/et\/wp-json\/wp\/v2\/factory?post=21564"},{"taxonomy":"free-shipment","embeddable":true,"href":"https:\/\/factory.sale\/et\/wp-json\/wp\/v2\/free-shipment?post=21564"},{"taxonomy":"product_brand","embeddable":true,"href":"https:\/\/factory.sale\/et\/wp-json\/wp\/v2\/product_brand?post=21564"},{"taxonomy":"product_cat","embeddable":true,"href":"https:\/\/factory.sale\/et\/wp-json\/wp\/v2\/product_cat?post=21564"},{"taxonomy":"product_tag","embeddable":true,"href":"https:\/\/factory.sale\/et\/wp-json\/wp\/v2\/product_tag?post=21564"}],"curies":[{"name":"wp","href":"https:\/\/api.w.org\/{rel}","templated":true}]}}