{"id":2156,"date":"2020-05-18T15:38:09","date_gmt":"2020-05-18T15:38:09","guid":{"rendered":"https:\/\/factory.sale\/product\/power-distribution-and-metering-cabinets-hetr-ip34d\/"},"modified":"2024-06-26T16:58:06","modified_gmt":"2024-06-26T16:58:06","slug":"kaabeljaotus-ja-liitumiskilbid-hetr","status":"publish","type":"product","link":"https:\/\/factory.sale\/et\/toode\/kaabeljaotus-ja-liitumiskilbid-hetr\/","title":{"rendered":"Kaabeljaotus- ja liitumiskilbid HETR"},"content":{"rendered":"<p>HETR-seeria kilbid on ette n\u00e4htud madalpingeliste liinide kommuteerimiseks, tarbijate toiteliinide kaitseks, elektrienergia kulu m\u00f5\u00f5tmiseks ja voolu piiramiseks.<\/p>\n<table border=\"0\" cellspacing=\"1\" cellpadding=\"1\">\n<tbody>\n<tr>\n<td>\n<h2>EHITUS<\/h2>\n<p>Kilbi korpus valmistatakse 2 mm paksusest kuumtsingitud teraslehest ning kaetakse r\u00e4nihalli (RAL 7032) pulberv\u00e4rviga. Kilbi uks on teisaldatav ja varustatud lukuga (liitumiskilbil kolmnurklukk, kaabeljaotuskilbil \u00fcmarlukk). Kilbi k\u00fclgedel on suletavad avad kaablil\u00e4biviikudeks.<br \/>\nElektriaparatuur paigaldatakse kilbis kas kogumislattidele v\u00f5i montaa\u017eiplaadile.<br \/>\nKilbil on sademete kaitseks \u00fclekattega katus, kondensaatvee kogunemine on piiratud topeltlaega ja \u00e4ravooluga l\u00e4bi korpuse p\u00f5hja. Kilbi ventilatsioon toimub tuulutusavade kaudu. Kaitseaste on suletud uksega IP 34D, eemaldatud uksega IP 20. Kilpide juhistik on TN-C s\u00fcsteemis ja nimitalitluspinge 230\/400 V.<br \/>\nTootevalikus on ka \u00fchises korpuses vaheseinaga kaabeljaotus- ja liitumiskilp eraldi uksega m\u00f5lemale funktsionaalsele osale.<\/p>\n<h2>KAABELJAOTUSKILBID<\/h2>\n<p>Standardtoode sisaldab 185 mm tsentrivahega vasklatistust jadavinnakl\u00fclitite paigaldamiseks (400 A v\u00f5i 630 A, adapteritega ka 160 A). Vastavaid kaitsevahendeid ja t\u00f6\u00f6v\u00f5tteid kasutades on pingealuse t\u00f6\u00f6na v\u00f5imalik l\u00fclitite lisamine ja eemaldamine.<\/p>\n<h2>LIITUMISKILBID<\/h2>\n<p>Standardtoode sisaldab peal\u00fclitit, arvestimutritega montaa\u017eiplaati, h\u00fclsistatud ja markeeritud juhtmestust, plastist plommitavat puutekaitsekatet, sisend- ja v\u00e4ljundklemme ning<br \/>\nkolmnurkv\u00f5tit (-v\u00f5tmeid). M\u00f5\u00f5tmata voolujuhtide osa on plommitav. Standardlahenduste korral ei ole toode komp lekteeritud arvesti (arvestite), tariifi juhtimiskella ega peakaitseautomaadiga (-automaatidega).<\/p>\n<h2>PAIGALDUS<\/h2>\n<p>Kilbid on m\u00f5eldud statsionaarseks paigaldamiseks v\u00e4litingimustes pinnasesse selleks ette n\u00e4htud muudetava k\u00f5rgusega (400\u2026900 mm) vundamendile (soklile) v\u00f5i seinale seinakinnitustarvikute abil. V\u00f5imalik on ka paigaldamine betoonist alusele kasutades ankrupolte.<br \/>\nHETR korpuseid on v\u00f5imalik omavahel \u00fchendada poltliidetega k\u00fclgedel paiknevate neetmutrite abil. Selleks tuleb poldipeade poole j\u00e4\u00e4vad neetmutrid l\u00e4bi puurida ja korpused M8x35 poltidega kokku monteerida. Kaablid on v\u00f5imalik viia \u00fchest kilbist teise l\u00e4bi korpuse alaosas asuvate l\u00e4biviiguavade.<\/p>\n<h2>VASTAVUS STANDARDITELE<\/h2>\n<p>HETR-seeria kilpide valmistamisel on l\u00e4htutud standarditest EVS-EN 60439-1, EVS-EN 60439-3, EVS-EN 60439-5.<\/td>\n<\/tr>\n<\/tbody>\n<\/table>\n","protected":false},"excerpt":{"rendered":"<p>HETR-seeria kilbid on ette n\u00e4htud madalpingeliste liinide kommuteerimiseks, tarbijate toiteliinide kaitseks, elektrienergia kulu m\u00f5\u00f5tmiseks ja voolu piiramiseks.<\/p>\n","protected":false},"featured_media":2040,"comment_status":"open","ping_status":"closed","template":"","meta":{"_acf_changed":false},"factory":[],"free-shipment":[],"product_brand":[],"product_cat":[255,256],"product_tag":[263],"class_list":{"0":"post-2156","1":"product","2":"type-product","3":"status-publish","4":"has-post-thumbnail","6":"product_cat-energiajaotus-tooted","7":"product_cat-madalpinge-jaotusseadmed-kaabeljaotus-ja-arvestuskilbid-et","8":"product_tag-hetr-et-2","10":"first","11":"instock","12":"taxable","13":"shipping-taxable","14":"purchasable","15":"product-type-simple"},"acf":[],"_links":{"self":[{"href":"https:\/\/factory.sale\/et\/wp-json\/wp\/v2\/product\/2156","targetHints":{"allow":["GET"]}}],"collection":[{"href":"https:\/\/factory.sale\/et\/wp-json\/wp\/v2\/product"}],"about":[{"href":"https:\/\/factory.sale\/et\/wp-json\/wp\/v2\/types\/product"}],"replies":[{"embeddable":true,"href":"https:\/\/factory.sale\/et\/wp-json\/wp\/v2\/comments?post=2156"}],"wp:featuredmedia":[{"embeddable":true,"href":"https:\/\/factory.sale\/et\/wp-json\/wp\/v2\/media\/2040"}],"wp:attachment":[{"href":"https:\/\/factory.sale\/et\/wp-json\/wp\/v2\/media?parent=2156"}],"wp:term":[{"taxonomy":"factory","embeddable":true,"href":"https:\/\/factory.sale\/et\/wp-json\/wp\/v2\/factory?post=2156"},{"taxonomy":"free-shipment","embeddable":true,"href":"https:\/\/factory.sale\/et\/wp-json\/wp\/v2\/free-shipment?post=2156"},{"taxonomy":"product_brand","embeddable":true,"href":"https:\/\/factory.sale\/et\/wp-json\/wp\/v2\/product_brand?post=2156"},{"taxonomy":"product_cat","embeddable":true,"href":"https:\/\/factory.sale\/et\/wp-json\/wp\/v2\/product_cat?post=2156"},{"taxonomy":"product_tag","embeddable":true,"href":"https:\/\/factory.sale\/et\/wp-json\/wp\/v2\/product_tag?post=2156"}],"curies":[{"name":"wp","href":"https:\/\/api.w.org\/{rel}","templated":true}]}}