{"id":2149,"date":"2020-05-18T15:51:07","date_gmt":"2020-05-18T15:51:07","guid":{"rendered":"https:\/\/factory.sale\/product\/power-distribution-and-control-equipment-hepo\/"},"modified":"2024-07-11T21:14:28","modified_gmt":"2024-07-11T18:14:28","slug":"hepo-jaotus-ja-juhtimisseadmed","status":"publish","type":"product","link":"https:\/\/factory.sale\/et\/toode\/hepo-jaotus-ja-juhtimisseadmed\/","title":{"rendered":"HEPO &#8211; Jaotus- ja juhtimisseadmed"},"content":{"rendered":"<p>Jaotus- ja juhtimispaneelid on m\u00f5eldud kasutamiseks jaotusv\u00f5rkudes, ehitus- ja t\u00f6\u00f6stussektoris, infrastruktuuris ja \u00fchiskondlikes hoonetes pea-, j\u00f5u-, juhtimis- v\u00f5i jaotusseadmetena.<\/p>\n<p><strong>MADALPINGEJAOTUSSEADMEID<\/strong> valmistatakse nii t\u00f6\u00f6stussektorile vastavalt<br \/>\nprojektidele kui ka energijaotussektorile alajaamade jaotusseadmetena.<\/p>\n<p><strong>TESTID JA STANDARDID<\/strong><br \/>\nMadalpingeseadmed vastavad madalpinge<br \/>\ndirektiivile LVD 2006\/95\/EC, elektromagnetilise<br \/>\n\u00fchilduvuse direktiivile EMCD 2004\/108\/EC<br \/>\nja masinadirektiivile MD 2006\/42\/EC.<br \/>\nMadalpingeseadmed on valmistatud<br \/>\njuhindudes standarditest EVS\u2013EN 60439-1,<br \/>\nEVS-EN 61439-2 ja EVS\u2013EN 60439-3.<br \/>\nMadalpingeseadmed on varustatud<br \/>\nCE m\u00e4rgistusega. Seadmete valmistamise<br \/>\nprotsessi juhtimiseks kasutatakse<br \/>\nISO 9001:2008 kvaliteedijuhtimise s\u00fcsteemi ja<br \/>\nkeskkonnajuhtimise s\u00fcsteemi ISO 14001:2004.<\/p>\n<p><strong>EHITUS<\/strong><br \/>\nMadalpingeseadmete detailid valmistatakse k\u00f5rge korrosioonikindluse tagamiseks kuumtsingitud teraslehest,<br \/>\nmille paksus ulatub erinevate detailide puhul 1,0 mm-st 3,0 mm-ni. Uksed kaetakse UV-kindla pulberv\u00e4rviga.<br \/>\nPulberv\u00e4rvitavad detailid puhastatakse enne pinnaviimistlust automaatliinil tehnoloogilisest \u00f5list ja tolmust.<br \/>\nElektriaparatuur paigaldatakse madalpingeseadmetes kas montaa\u017eplaatidele v\u00f5i paigaldusliistudele. Uksi saab<br \/>\nvajadusel varustada eriabin\u00f5uga avatavate lukkudega.<br \/>\nMadalpingeseadmetes kasutatakse sisemise puutekindluse IP 20 saavutamiseks kinnitatud puutekatteid,<br \/>\nmis v\u00e4listavad seadet kasutava v\u00f5i hooldava isiku juhuslikku kokkupuudet pinge all olevate voolujuhtivate<br \/>\nosadega. Vahelaed (s\u00f5ltuvalt seadme konstruktsioonist) takistavad ka v\u00f5imalike lahtiste osade, abivahendite v\u00f5i<br \/>\nt\u00f6\u00f6riistade kukkumist pinge all olevate elektriaparaatide vahele, mis p\u00f5hjustaksid l\u00fchiseid.<\/p>\n<p><strong>TRANSPORT JA PAIGALDAMINE<\/strong><br \/>\nMadalpingeseadmed paigaldatakse transportimiseks alusele, t\u00f5stmiseks varustatakse seadmed t\u00f5steaasadega.<br \/>\nPindpaigaldatavad seadmed kinnitatakse seinale tavaliste t\u00fc\u00fcblite\/kruvide abil, p\u00f5randal seisvad seadmed<br \/>\nfi kseeritakse ankrupoltidega. Seinale kinnitamiseks komplekteeritakse seadmed seinakinnitusliistudega v\u00f5i<br \/>\nseinakinnitusjalgadega<\/p>\n","protected":false},"excerpt":{"rendered":"<p>Jaotus- ja juhtimispaneelid on m\u00f5eldud kasutamiseks jaotusv\u00f5rkudes, ehitus- ja t\u00f6\u00f6stussektoris, infrastruktuuris ja \u00fchiskondlikes hoonetes pea-, j\u00f5u-, juhtimis- v\u00f5i jaotusseadmetena.<\/p>\n<p>&nbsp;<\/p>\n","protected":false},"featured_media":2056,"comment_status":"open","ping_status":"closed","template":"","meta":{"_acf_changed":false},"factory":[],"free-shipment":[],"product_brand":[],"product_cat":[255,256],"product_tag":[262],"class_list":{"0":"post-2149","1":"product","2":"type-product","3":"status-publish","4":"has-post-thumbnail","6":"product_cat-energiajaotus-tooted","7":"product_cat-madalpinge-jaotusseadmed-kaabeljaotus-ja-arvestuskilbid-et","8":"product_tag-hepo-et-2","10":"first","11":"instock","12":"taxable","13":"shipping-taxable","14":"purchasable","15":"product-type-simple"},"acf":[],"_links":{"self":[{"href":"https:\/\/factory.sale\/et\/wp-json\/wp\/v2\/product\/2149","targetHints":{"allow":["GET"]}}],"collection":[{"href":"https:\/\/factory.sale\/et\/wp-json\/wp\/v2\/product"}],"about":[{"href":"https:\/\/factory.sale\/et\/wp-json\/wp\/v2\/types\/product"}],"replies":[{"embeddable":true,"href":"https:\/\/factory.sale\/et\/wp-json\/wp\/v2\/comments?post=2149"}],"wp:featuredmedia":[{"embeddable":true,"href":"https:\/\/factory.sale\/et\/wp-json\/wp\/v2\/media\/2056"}],"wp:attachment":[{"href":"https:\/\/factory.sale\/et\/wp-json\/wp\/v2\/media?parent=2149"}],"wp:term":[{"taxonomy":"factory","embeddable":true,"href":"https:\/\/factory.sale\/et\/wp-json\/wp\/v2\/factory?post=2149"},{"taxonomy":"free-shipment","embeddable":true,"href":"https:\/\/factory.sale\/et\/wp-json\/wp\/v2\/free-shipment?post=2149"},{"taxonomy":"product_brand","embeddable":true,"href":"https:\/\/factory.sale\/et\/wp-json\/wp\/v2\/product_brand?post=2149"},{"taxonomy":"product_cat","embeddable":true,"href":"https:\/\/factory.sale\/et\/wp-json\/wp\/v2\/product_cat?post=2149"},{"taxonomy":"product_tag","embeddable":true,"href":"https:\/\/factory.sale\/et\/wp-json\/wp\/v2\/product_tag?post=2149"}],"curies":[{"name":"wp","href":"https:\/\/api.w.org\/{rel}","templated":true}]}}