{"id":2142,"date":"2020-05-18T15:42:33","date_gmt":"2020-05-18T15:42:33","guid":{"rendered":"https:\/\/factory.sale\/product\/power-distribution-and-control-equipment-8hs\/"},"modified":"2024-07-11T21:21:16","modified_gmt":"2024-07-11T18:21:16","slug":"8hs-jaotus-ja-juhtimisseadmed","status":"publish","type":"product","link":"https:\/\/factory.sale\/et\/toode\/8hs-jaotus-ja-juhtimisseadmed\/","title":{"rendered":"Jaotus- ja juhtimisseadmed &#8211; 8HS"},"content":{"rendered":"<p>8HS sarja jaotuskilbid on m\u00f5eldud kasutamiseks jaotusv\u00f5rkudes, ehitus ja t\u00f6\u00f6stussektoris, infrastruktuuris ja \u00fchiskondlikes hoonetes pea-, jaotus v\u00f5i juhtimiskilpidena. Tegemist on mooduls\u00fcsteemiga, mis h\u00f5lmab endas kahe erineva s\u00fcgavusega ja laiusega 2,02 meetri k\u00f5rguseid jaotuskilpe. Jaotuskilbid on m\u00f5eldud statsionaarseks paigaldamiseks p\u00f5randale.<\/p>\n<h2>8HS v\u00f5imaldab:<\/h2>\n<address>\u2022 Valmistada kuni 1600 A pea- ja jaotuskilpe<\/address>\n<address>\u2022 Modulaarset raamkonstruktsiooni<\/address>\n<address>\u2022 Lihtsat paigaldust, kasutust ja hooldust<\/address>\n<address>\u2022 K\u00f5rget elektrivarustuskindlust ja talituspersonali ohutust<\/address>\n<address>\n<h2>Mooduls\u00fcsteem<\/h2>\n<div>8HS jaotuskilpide puhul on tegemist modulaarsete toodetega. K\u00f5rgusdetailide muutumise samm on 45 mm, mis<\/div>\n<div>v\u00f5imaldab valmistada mitmek\u00fclgseid elektrikilpe vastavalt tellija soovidele.<\/div>\n<div>\n<h2>Sisemine puutekindlus<\/h2>\n<div>8HS sarja kilpides on kasutatud sisemise puutekindluse IP20 saavutamiseks kinnitatud puutekatteid, mis v\u00e4listavad<\/div>\n<div>kilpi kasutava v\u00f5i hooldava isiku juhuslikku kokkupuudet pinge all olevate voolujuhtivate osadega. Vahelaed<\/div>\n<div>takistavad ka v\u00f5imalike lahtiste osade, abivahendite v\u00f5i t\u00f6\u00f6riistade kukkumist pinge all olevate seadmete vahele, mis<\/div>\n<div>p\u00f5hjustaksid l\u00fchiseid.<\/div>\n<\/div>\n<\/address>\n<h2>8HS jaotuskilbi funktsionaalse konstruktsiooni kirjeldus<\/h2>\n<address>raam \u2013 erinevate montaa\u017eiplaatide fikseerimiseks;<\/address>\n<address>montaa\u017eiplaadid \u2013 elektriseadmete fikseerimiseks;<\/address>\n<address>uksed ja seinad \u2013 ohutustehniliste funktsioonide t\u00e4itmiseks ja seadmete fikseerimiseks.<\/address>\n<h2>Tehnilised andmed<\/h2>\n<div>Nimisagedus (f) 50\/60 Hz<\/div>\n<div>Nimitalitluspinge (Un) 690 V a.c.<\/div>\n<div>Nimivool (In) 1600 A<\/div>\n<div>Enimalt lubatav l\u00fchiajaline vool (lcw) 55 kA<\/div>\n<div>Enimalt lubatav l\u00f6\u00f6kvool (Ipk) 120 kA<\/div>\n<div>IP-kaitseaste (EN 60529) IP20 \u2013 IP54<\/div>\n<div>Kaitseklass I<\/div>\n<div>Juhistikus\u00fcsteem 3\/N\/PE<\/div>\n<div>M\u00f5\u00f5dud (mm) k\u00f5rgus 2020 mm<\/div>\n<div>laius 300, 500 mm<\/div>\n<div>s\u00fcgavus 400, 600 mm<\/div>\n<div>sokli k\u00f5rgus 100 mm v\u00f5i 200 mm<\/div>\n<div>Sisemise eraldamise moodused 2 \u2013 4<\/div>\n<div>Funktsionaal\u00fchikud kohtkindlad<\/div>\n<div>EMC-keskkond A v\u00f5i B<\/div>\n<div>IK-kood (EN 62262) IK08 (IP54), IK09 (IP20)<\/div>\n<div>Paigaldusviis pinnapealne, p\u00f5randal seisev<\/div>\n<div><\/div>\n<div>\n<div>\n<div>\n<h2>Ehitus ja paigaldus<\/h2>\n<div>Jaotuskilpide detailid on valmistatud k\u00f5rge korrosioonikindluse tagamiseks kuumtsingitud teraslehest, mille paksus ulatub erinevate detailide puhul 1,5 mm-st 2,0 mm-ni. Uksed on kaetud pulberv\u00e4rviga (r\u00e4nihall RAL 7035).<\/div>\n<div>Elektriaparatuur paigaldatakse kilbis kas montaa\u017eplaatidele v\u00f5i paigaldusliistudele. Kaabli\u00fchendusi on v\u00f5imalik teostada nii \u00fclevalt kui alt. Kaabli\u00fchenduste h\u00f5lbustamiseks on sokli esipaneel eemaldatav.<\/div>\n<div>P\u00f5randal seisev kilp fikseeritakse ankrupoltidega.<\/div>\n<\/div>\n<div><\/div>\n<\/div>\n<div>Vastavus standarditele<\/div>\n<div>\n<p>Standardid ja direktiivid millele toode vastab: EN 61439-1, EN 61439-2, EN 61439-3, EN 60529, EN 62262, EN 50581; madalpinge direktiiv (LVD) 2006\/95\/EC, elektromagnetilise \u00fchilduvuse direktiiv (EMCD) 2004\/108\/EC, direktiiv teatavate ohtlike ainete kasutamise piiramise kohta elektri- ja elektroonikaseadmetes (RoHS) 2011\/65\/EU.<\/p>\n<\/div>\n<\/div>\n","protected":false},"excerpt":{"rendered":"<p>8HS sarja jaotuskilbid on m\u00f5eldud kasutamiseks jaotusv\u00f5rkudes, ehitus ja t\u00f6\u00f6stussektoris, infrastruktuuris ja \u00fchiskondlikes hoonetes pea-, jaotus v\u00f5i juhtimiskilpidena. Tegemist on mooduls\u00fcsteemiga, mis h\u00f5lmab endas kahe erineva s\u00fcgavusega ja laiusega 2,02 meetri k\u00f5rguseid jaotuskilpe. Jaotuskilbid on m\u00f5eldud statsionaarseks paigaldamiseks p\u00f5randale.<\/p>\n<table border=\"0\" cellspacing=\"1\" cellpadding=\"1\" align=\"right\">\n<tbody>\n<tr>\n<td><\/td>\n<\/tr>\n<tr>\n<td><\/td>\n<\/tr>\n<\/tbody>\n<\/table>\n","protected":false},"featured_media":2049,"comment_status":"open","ping_status":"closed","template":"","meta":{"_acf_changed":false},"factory":[],"free-shipment":[],"product_brand":[],"product_cat":[255,256],"product_tag":[261],"class_list":{"0":"post-2142","1":"product","2":"type-product","3":"status-publish","4":"has-post-thumbnail","6":"product_cat-energiajaotus-tooted","7":"product_cat-madalpinge-jaotusseadmed-kaabeljaotus-ja-arvestuskilbid-et","8":"product_tag-8hs-et-2","10":"first","11":"instock","12":"taxable","13":"shipping-taxable","14":"purchasable","15":"product-type-simple"},"acf":[],"_links":{"self":[{"href":"https:\/\/factory.sale\/et\/wp-json\/wp\/v2\/product\/2142","targetHints":{"allow":["GET"]}}],"collection":[{"href":"https:\/\/factory.sale\/et\/wp-json\/wp\/v2\/product"}],"about":[{"href":"https:\/\/factory.sale\/et\/wp-json\/wp\/v2\/types\/product"}],"replies":[{"embeddable":true,"href":"https:\/\/factory.sale\/et\/wp-json\/wp\/v2\/comments?post=2142"}],"wp:featuredmedia":[{"embeddable":true,"href":"https:\/\/factory.sale\/et\/wp-json\/wp\/v2\/media\/2049"}],"wp:attachment":[{"href":"https:\/\/factory.sale\/et\/wp-json\/wp\/v2\/media?parent=2142"}],"wp:term":[{"taxonomy":"factory","embeddable":true,"href":"https:\/\/factory.sale\/et\/wp-json\/wp\/v2\/factory?post=2142"},{"taxonomy":"free-shipment","embeddable":true,"href":"https:\/\/factory.sale\/et\/wp-json\/wp\/v2\/free-shipment?post=2142"},{"taxonomy":"product_brand","embeddable":true,"href":"https:\/\/factory.sale\/et\/wp-json\/wp\/v2\/product_brand?post=2142"},{"taxonomy":"product_cat","embeddable":true,"href":"https:\/\/factory.sale\/et\/wp-json\/wp\/v2\/product_cat?post=2142"},{"taxonomy":"product_tag","embeddable":true,"href":"https:\/\/factory.sale\/et\/wp-json\/wp\/v2\/product_tag?post=2142"}],"curies":[{"name":"wp","href":"https:\/\/api.w.org\/{rel}","templated":true}]}}