{"id":2136,"date":"2020-05-18T15:31:35","date_gmt":"2020-05-18T15:31:35","guid":{"rendered":"https:\/\/factory.sale\/product\/power-connection-and-metering-cabinets-for-pole-or-wall-installations-helk-ip34d\/"},"modified":"2024-06-25T15:15:47","modified_gmt":"2024-06-25T15:15:47","slug":"power-connection-and-metering-cabinets-for-pole-or-wall-installations-helk-ip34d","status":"publish","type":"product","link":"https:\/\/factory.sale\/et\/toode\/power-connection-and-metering-cabinets-for-pole-or-wall-installations-helk-ip34d\/","title":{"rendered":"Seinale v\u00f5i postile paigaldatavad liitumis- ja m\u00f5\u00f5tekilbid &#8211; HELK (IP34D)"},"content":{"rendered":"<p>HELK-seeria liitumiskilbid on ette n\u00e4htud elektrienergia m\u00f5\u00f5tmiseks, voolu piiramiseks, ahelate kaitseks ja l\u00fclitamiseks v\u00f5rguettev\u00f5tte ja tarbija vahelises alalises liitumispunktis. Mastalajaama m\u00f5\u00f5tekilbid on m\u00f5eldud elektrienergia kontrollm\u00f5\u00f5tmiseks elektriv\u00f5rgus.<\/p>\n<h2>EHITUS<\/h2>\n<p>Kilbi korpus valmistatakse 1,5 mm kuumtsingitud teraslehest ning kaetakse UV-kindla pulberv\u00e4rviga (RAL 7032). Kilbi uks on teisaldatav ja varustatud lukuga (liitumiskilbil kolmnurklukk, MAJ m\u00f5\u00f5tekilbil \u00fcmarlukk).<br \/>\nHELK-seeria kilpidel on sademete kaitseks \u00fclekattega katus, kondensaatvee kaitseks topeltlagi, vee-eraldus- ja tuulutusavad. Kaitseaste on suletud uksega IP 34D, avatud uksega IP 20. Puutekaitsekatted on l\u00e4bipaistvast pol\u00fckarbonaadist. Juhistik on TN-C s\u00fcsteemis ja nimitalitluspinge 230\/400 V.<\/p>\n<h2>LIITUMISKILBID<\/h2>\n<p>Standardtoode sisaldab peal\u00fclitit, arvestimutritega montaa\u017eiplaati, h\u00fclsistatud ja markeeritud juhtmestust, plastist plommitavat puutekaitsekatet, sisend- ja v\u00e4ljundklemme ning kolm nurkv\u00f5tit (-v\u00f5tmeid). M\u00f5\u00f5tmata voolujuhtide osa on plommitav. Standardlahenduste korral ei ole toode komplekteeritud arvesti (arvestite), tariifijuhtimiskella ega peakaitseautomaadiga (-automaatidega).<\/p>\n<h2>MASTALAJAAMA M\u00d5\u00d5TEKILBID<\/h2>\n<p>Standardtoode sisaldab arvestimutritega montaa\u017eiplaati, h\u00fclsistatud ja markeeritud juhtmestust, sisend- ja v\u00e4ljundklemme.<br \/>\nOtsem\u00f5\u00f5tmisega kilp sisaldab peal\u00fclitit ja kolme 000-gabariidi sulavkaitsel\u00fclitit (sulariteta) v\u00f5i elektroonilise vabastiga kaitseautomaati.<br \/>\nTrafom\u00f5\u00f5tmisega kilp sisaldab voolutrafosid 150\/5 A 0.2 S ja kolme 000-gabariidi sulavkaitsel\u00fclitit (sulariteta) v\u00f5i elektroonilise vabastiga kaitseautomaati. Standardlahen duste korral ei ole toode komplekteeritud arvesti ja tariifijuhtimiskellaga.<\/p>\n<h2>PAIGALDUS<\/h2>\n<p>Kilbid on m\u00f5eldud paigaldamiseks v\u00e4litingimustes postile postikinnitustarvikute abil, pinnasesse selleks etten\u00e4htud vundamendile (soklile) v\u00f5i seinale seinakinnitite abil.<\/p>\n<h2>VASTAVUS STANDARDITELE<\/h2>\n<p>HELK-seeria kilpide valmistamisel on l\u00e4htutud standarditest EVS-EN 60439-1, EVS-EN 60439-3 ja EVS-EN 60439-5. HELK omab FIMKO sertifi kaati nr. 21945.<\/p>\n","protected":false},"excerpt":{"rendered":"<p>HELK-seeria liitumiskilbid on ette n\u00e4htud elektrienergia m\u00f5\u00f5tmiseks, voolu piiramiseks, ahelate kaitseks ja l\u00fclitamiseks v\u00f5rguettev\u00f5tte ja tarbija vahelises alalises liitumispunktis. Mastalajaama m\u00f5\u00f5tekilbid on m\u00f5eldud elektrienergia kontrollm\u00f5\u00f5tmiseks elektriv\u00f5rgus.<\/p>\n","protected":false},"featured_media":2033,"comment_status":"open","ping_status":"closed","template":"","meta":{"_acf_changed":false},"factory":[],"free-shipment":[],"product_brand":[],"product_cat":[255,256],"product_tag":[259],"class_list":{"0":"post-2136","1":"product","2":"type-product","3":"status-publish","4":"has-post-thumbnail","6":"product_cat-energiajaotus-tooted","7":"product_cat-madalpinge-jaotusseadmed-kaabeljaotus-ja-arvestuskilbid-et","8":"product_tag-helk-et-2","10":"first","11":"instock","12":"taxable","13":"shipping-taxable","14":"purchasable","15":"product-type-simple"},"acf":[],"_links":{"self":[{"href":"https:\/\/factory.sale\/et\/wp-json\/wp\/v2\/product\/2136","targetHints":{"allow":["GET"]}}],"collection":[{"href":"https:\/\/factory.sale\/et\/wp-json\/wp\/v2\/product"}],"about":[{"href":"https:\/\/factory.sale\/et\/wp-json\/wp\/v2\/types\/product"}],"replies":[{"embeddable":true,"href":"https:\/\/factory.sale\/et\/wp-json\/wp\/v2\/comments?post=2136"}],"wp:featuredmedia":[{"embeddable":true,"href":"https:\/\/factory.sale\/et\/wp-json\/wp\/v2\/media\/2033"}],"wp:attachment":[{"href":"https:\/\/factory.sale\/et\/wp-json\/wp\/v2\/media?parent=2136"}],"wp:term":[{"taxonomy":"factory","embeddable":true,"href":"https:\/\/factory.sale\/et\/wp-json\/wp\/v2\/factory?post=2136"},{"taxonomy":"free-shipment","embeddable":true,"href":"https:\/\/factory.sale\/et\/wp-json\/wp\/v2\/free-shipment?post=2136"},{"taxonomy":"product_brand","embeddable":true,"href":"https:\/\/factory.sale\/et\/wp-json\/wp\/v2\/product_brand?post=2136"},{"taxonomy":"product_cat","embeddable":true,"href":"https:\/\/factory.sale\/et\/wp-json\/wp\/v2\/product_cat?post=2136"},{"taxonomy":"product_tag","embeddable":true,"href":"https:\/\/factory.sale\/et\/wp-json\/wp\/v2\/product_tag?post=2136"}],"curies":[{"name":"wp","href":"https:\/\/api.w.org\/{rel}","templated":true}]}}