{"id":2127,"date":"2020-05-18T15:57:33","date_gmt":"2020-05-18T15:57:33","guid":{"rendered":"https:\/\/factory.sale\/product\/mv-ring-main-units-rm6-8djh-8dj20-8dh10-xiria\/"},"modified":"2024-06-28T03:03:25","modified_gmt":"2024-06-28T03:03:25","slug":"keskpinge-ringtoiteseadmed-rm6-8djh-8dj20-8dh10-xiria","status":"publish","type":"product","link":"https:\/\/factory.sale\/et\/toode\/keskpinge-ringtoiteseadmed-rm6-8djh-8dj20-8dh10-xiria\/","title":{"rendered":"Keskpinge ringtoiteseadmed &#8211; RM6; 8DJH, 8DJ20, 8DH10, Xiria"},"content":{"rendered":"<p>Arvestades kliendi erisoove ja tagamaks sobivaima KP seadme lahenduse, paigaldab AS Harju Elekter oma komplektalajaamadesse ja vahendab lisaks oma toodetele erinevate tootjate KP ringtoiteseadmeid.<\/p>\n<p>Ringtoiteseadmete valikus on Schneider Electric RM6; Siemens 8DJH, 8DJ20 ja 8DH10; Eaton Holec Xiria.<\/p>\n<p>AS Harju Elekter poolt toodetavad ja kasutatavad keskpinge jaotusseadmed on<br \/>\nette n\u00e4htud elektrienergia edastamiseks, kommuteerimiseks, m\u00f5\u00f5tmiseks ja elektriv\u00f5rgu<br \/>\nkaitseks pingetel kuni 24 kV.<br \/>\nNEX primaarjaotusseade<br \/>\nNEX on metall-korpusega \u00f5hkisolatsiooniga ja v\u00e4ljat\u00f5mmatava vaakumv\u00f5imsusl\u00fclitiga KP jaotusseade, mis valmistatakse<br \/>\nSchneider Electric litsentsi alusel. NEX-i kamber koosneb \u00fcksteisest metalselt eraldatud lahtritest (kaabli-, v\u00f5imsusl\u00fcliti-,<br \/>\nkogumislatistuse ja madalpingelahter), mis tagab seadmele talitluse j\u00e4rjepidevuse katkemise klassi LSC2B-PM. NEX on<br \/>\nk\u00f5rgendatud sisemise elektrikaare taluvusega, mis kindlustab k\u00f5rgendatud t\u00f6\u00f6kindluse ja ohutu k\u00e4idu. NEX omab valikut<br \/>\nlaia funktsionaalsusega releekaitsest ja automaatikast. Toode on t\u00fc\u00fcptestitud ja vastab kehtivatele IEC standarditele<br \/>\n(IEC 62271-200).<br \/>\nSM6 sekundaarjaotusseade<br \/>\nSM6 on Schneider Electric litsentsi alusel toodetav t\u00fc\u00fcptestitud ja IEC standarditele (IEC 62271-200) vastav \u00f5hkisolatsiooniga<br \/>\nKP jaotusseade. SM6 on \u00fcles ehitatud metall-korpusega kambritel, mis tagab talitluse j\u00e4rjepidevuse katkemise klassi<br \/>\nLSC2A-PI. SM6 on laia funktsionaalsusega ja lihtsalt komplekteeritav. SM6 omab \u00f5hkisolatsiooniga latistust, elegaas<br \/>\nkoormus-lahkl\u00fclitit, elegaas- v\u00f5i vaakumv\u00f5imsusl\u00fclitit, kontaktorit, m\u00f5\u00f5tetrafosid ja laiade v\u00f5imalustega releekaitset ning<br \/>\nautomaatikat.<br \/>\nCTVT keskpinge m\u00f5\u00f5tekamber<br \/>\nKeskpinge m\u00f5\u00f5tekamber CTVT on ette n\u00e4htud kuni 24 kV keskpingejaotlates voolude ja pingete m\u00f5\u00f5tmiseks. Toodet<br \/>\nv\u00f5ib kasutada liitumispunktina keskpinge energiaarvestuss\u00fcsteemides. CTVT on valmistatud vastavalt Eesti Energia<br \/>\nettev\u00f5ttestandardile EE 10421629 ST 8:2004, lisaks omab toode standardi GOST-R sertifi kaati.<br \/>\nRingtoiteseadmed<br \/>\nArvestades kliendi erisoove ja tagamaks sobivaima KP seadme lahenduse, paigaldab AS Harju Elekter oma<br \/>\nkomplektalajaamadesse ja vahendab lisaks oma toodetele erinevate tootjate KP ringtoiteseadmeid. Ringtoiteseadmete<br \/>\nvalikus on Schneider Electric RM6 ja Unicarc; Siemens 8DJH, 8DJ20 ja 8DH10; Eaton Holec Xiria. <\/p>\n","protected":false},"excerpt":{"rendered":"<p>Arvestades kliendi erisoove ja tagamaks sobivaima KP seadme lahenduse, paigaldab AS Harju Elekter oma komplektalajaamadesse ja vahendab lisaks oma toodetele erinevate tootjate KP ringtoiteseadmeid.<\/p>\n<p>Ringtoiteseadmete valikus on Schneider Electric RM6; Siemens 8DJH, 8DJ20 ja 8DH10; Eaton Holec Xiria.<\/p>\n","protected":false},"featured_media":2063,"comment_status":"open","ping_status":"closed","template":"","meta":{"_acf_changed":false},"factory":[],"free-shipment":[],"product_brand":[],"product_cat":[255,257],"product_tag":[258],"class_list":{"0":"post-2127","1":"product","2":"type-product","3":"status-publish","4":"has-post-thumbnail","6":"product_cat-energiajaotus-tooted","7":"product_cat-keskpinge-jaotusseadmed-jaotus-ja-komplektalajaamad","8":"product_tag-8djh-et-2","10":"first","11":"instock","12":"taxable","13":"shipping-taxable","14":"purchasable","15":"product-type-simple"},"acf":[],"_links":{"self":[{"href":"https:\/\/factory.sale\/et\/wp-json\/wp\/v2\/product\/2127","targetHints":{"allow":["GET"]}}],"collection":[{"href":"https:\/\/factory.sale\/et\/wp-json\/wp\/v2\/product"}],"about":[{"href":"https:\/\/factory.sale\/et\/wp-json\/wp\/v2\/types\/product"}],"replies":[{"embeddable":true,"href":"https:\/\/factory.sale\/et\/wp-json\/wp\/v2\/comments?post=2127"}],"wp:featuredmedia":[{"embeddable":true,"href":"https:\/\/factory.sale\/et\/wp-json\/wp\/v2\/media\/2063"}],"wp:attachment":[{"href":"https:\/\/factory.sale\/et\/wp-json\/wp\/v2\/media?parent=2127"}],"wp:term":[{"taxonomy":"factory","embeddable":true,"href":"https:\/\/factory.sale\/et\/wp-json\/wp\/v2\/factory?post=2127"},{"taxonomy":"free-shipment","embeddable":true,"href":"https:\/\/factory.sale\/et\/wp-json\/wp\/v2\/free-shipment?post=2127"},{"taxonomy":"product_brand","embeddable":true,"href":"https:\/\/factory.sale\/et\/wp-json\/wp\/v2\/product_brand?post=2127"},{"taxonomy":"product_cat","embeddable":true,"href":"https:\/\/factory.sale\/et\/wp-json\/wp\/v2\/product_cat?post=2127"},{"taxonomy":"product_tag","embeddable":true,"href":"https:\/\/factory.sale\/et\/wp-json\/wp\/v2\/product_tag?post=2127"}],"curies":[{"name":"wp","href":"https:\/\/api.w.org\/{rel}","templated":true}]}}