{"id":21242,"date":"2023-01-17T09:28:40","date_gmt":"2023-01-17T09:37:10","guid":{"rendered":"https:\/\/factory.sale\/?post_type=product&#038;p=21242"},"modified":"2024-06-25T14:01:04","modified_gmt":"2024-06-25T14:01:04","slug":"hr-g50-elektriline-jalgratas","status":"publish","type":"product","link":"https:\/\/factory.sale\/et\/toode\/hr-g50-elektriline-jalgratas\/","title":{"rendered":"HR-G50 elektriline jalgratas"},"content":{"rendered":"<p>Toote nimi:\u00a020-tolliste rasvarehvidega elektriline jalgratas maastikuks<\/p>\n<p>Mudeli number: \u00a0HR-G50<\/p>\n<p>N.W.:\u00a034 kg<\/p>\n<p>G.W.:\u00a042 kg<\/p>\n<p>Toote suurus LWH:\u00a0160*63*125 CM<\/p>\n<p>Pakendi suurus LWH:\u00a0142,5*27*86,5 CM<\/p>\n<p>Mootori t\u00fc\u00fcp:\u00a048 V, 20 tolli kiire harjadeta k\u00e4igukastiga mootor<\/p>\n<p>Mootori nimiv\u00f5imsus:\u00a0500 W<\/p>\n<p>Mootori tippv\u00f5imsus:\u00a01000 W<\/p>\n<p>K\u00e4iguvahetaja:\u00a07 kiirust, Shimano tagumine k\u00e4iguvahetaja<\/p>\n<p>V\u00e4nt:\u00a03\/32*42T*170 mm<\/p>\n<p>Vabadus:\u00a0Shimano tagumine 7-k\u00e4iguline, 14-28T<\/p>\n<p>Kett:\u00a0Roostekindel<\/p>\n<p>P\u00f6\u00f6rdemoment:\u00a050-70 Nm<\/p>\n<p>Aku pinge:\u00a048 V, 15 Ah liitiumaku<\/p>\n<p>Aku mahutavus:\u00a0720 Wh<\/p>\n<p>Akuelemendi t\u00fc\u00fcp:\u00a018650<\/p>\n<p>Eemaldatav:\u00a0Jah, v\u00f5tmega<\/p>\n<p>Laadija parameetrid:\u00a054,6 V, 2 A DC<\/p>\n<p>Laadija pinge:\u00a0110V~220V 50-60Hz<\/p>\n<p>Laadimisaeg:\u00a05-8 H<\/p>\n<p>Raami materjal:\u00a045# teras<\/p>\n<p>V\u00e4rv:\u00a0Must<\/p>\n<p>S\u00f5itja kaalupiirang:\u00a0150 kg<\/p>\n<p>Maksimum kiirus:\u00a050 km\/h<\/p>\n<p>Vahemik:\u00a050 km<\/p>\n<p>Rehvid:\u00a020 tolli * 4,0 paksusega rehvid<\/p>\n<p>Pidur:\u00a0Eesmine ketas + tagumine ketas<\/p>\n<p>Suspensioonid:\u00a0Esihargi vedrustus + tagavedrustus<\/p>\n<p>Ronimisnurk:\u00a0\u226515\u00b0<\/p>\n<p>Valgus:\u00a0Eesmine LED-tuli + aktiivne pidurituli + tagumine suunatuli<\/p>\n<p>Kontroller:\u00a048 V, 22 A intelligentne juhtimiss\u00fcsteem<\/p>\n<p>Ekraan:\u00a0LED<\/p>\n<p>Kahvel:\u00a045# teras<\/p>\n<p>T\u00f6\u00f6temp.:\u00a0-10 \u2103 ~ 40 \u2103<\/p>\n<p>S\u00e4ilitustemp.:\u00a0-20 \u2103 ~ 45 \u2103<\/p>\n<p>Veekindel klass:\u00a0IP54<\/p>\n<p>Aksessuaarid:\u00a0Laadija, kasutusjuhend, t\u00f6\u00f6riistad<\/p>\n<p>Sertifitseerimine:\u00a0CE, FCC, RoHS, UN38.3, MSDS<\/p>\n<p>&nbsp;<\/p>\n<p><em>Tarneaeg on tavaliselt 15-40 t\u00f6\u00f6p\u00e4eva<\/em><br \/>\n<em>Garantii: 1-aastane t\u00e4ielik garantii mootorile ja emaplaadile, pool aastat akule<\/em><\/p>\n","protected":false},"excerpt":{"rendered":"<p>Elektrijalgrattad pakuvad autole t\u00f5eliselt j\u00e4tkusuutlikku alternatiivi.<\/p>\n","protected":false},"featured_media":21221,"comment_status":"open","ping_status":"closed","template":"","meta":{"_acf_changed":false},"factory":[],"free-shipment":[],"product_brand":[],"product_cat":[738,739],"product_tag":[],"class_list":{"0":"post-21242","1":"product","2":"type-product","3":"status-publish","4":"has-post-thumbnail","6":"product_cat-elektrilised-liikurid","7":"product_cat-transport","9":"first","10":"instock","11":"sale","12":"taxable","13":"shipping-taxable","14":"purchasable","15":"product-type-simple"},"acf":[],"_links":{"self":[{"href":"https:\/\/factory.sale\/et\/wp-json\/wp\/v2\/product\/21242","targetHints":{"allow":["GET"]}}],"collection":[{"href":"https:\/\/factory.sale\/et\/wp-json\/wp\/v2\/product"}],"about":[{"href":"https:\/\/factory.sale\/et\/wp-json\/wp\/v2\/types\/product"}],"replies":[{"embeddable":true,"href":"https:\/\/factory.sale\/et\/wp-json\/wp\/v2\/comments?post=21242"}],"wp:featuredmedia":[{"embeddable":true,"href":"https:\/\/factory.sale\/et\/wp-json\/wp\/v2\/media\/21221"}],"wp:attachment":[{"href":"https:\/\/factory.sale\/et\/wp-json\/wp\/v2\/media?parent=21242"}],"wp:term":[{"taxonomy":"factory","embeddable":true,"href":"https:\/\/factory.sale\/et\/wp-json\/wp\/v2\/factory?post=21242"},{"taxonomy":"free-shipment","embeddable":true,"href":"https:\/\/factory.sale\/et\/wp-json\/wp\/v2\/free-shipment?post=21242"},{"taxonomy":"product_brand","embeddable":true,"href":"https:\/\/factory.sale\/et\/wp-json\/wp\/v2\/product_brand?post=21242"},{"taxonomy":"product_cat","embeddable":true,"href":"https:\/\/factory.sale\/et\/wp-json\/wp\/v2\/product_cat?post=21242"},{"taxonomy":"product_tag","embeddable":true,"href":"https:\/\/factory.sale\/et\/wp-json\/wp\/v2\/product_tag?post=21242"}],"curies":[{"name":"wp","href":"https:\/\/api.w.org\/{rel}","templated":true}]}}